{"id":4232,"date":"2023-08-16T17:16:09","date_gmt":"2023-08-16T17:16:09","guid":{"rendered":"https:\/\/seic.com.co\/?post_type=product&#038;p=4232"},"modified":"2023-08-22T19:36:01","modified_gmt":"2023-08-22T19:36:01","slug":"s312a-4-h-4r","status":"publish","type":"product","link":"https:\/\/seic.com.co\/index.php\/product\/s312a-4-h-4r\/","title":{"rendered":"Indicador S312A-4-H-4R"},"content":{"rendered":"<p>S312A es un indicador digital Modbus con entrada universal en voltaje, corriente, termopares, termorresistencias (medidas de 2, 3 o 4 hilos), potenci\u00f3metro. El instrumento permite la retransmisi\u00f3n programable del valor instant\u00e1neo medido por la salida anal\u00f3gica aislada (tensi\u00f3n o corriente activa\/pasiva). S312A est\u00e1 provisto de filtro programable a 20 niveles para estabilizar la lectura. Cuatro alarmas son activables en el valor de entrada instant\u00e1neo (tipo de alarma: m\u00e1xima, m\u00ednima, reiniciable autom\u00e1ticamente o no). El estado de las alarmas es visible a trav\u00e9s de cuatro leds en el panel frontal.<\/p>\n","protected":false},"excerpt":{"rendered":"<p>Indicador de entrada anal\u00f3gica de 4 d\u00edgitos<\/p>\n","protected":false},"featured_media":2871,"comment_status":"open","ping_status":"closed","template":"","meta":[],"pwb-brand":[663],"etheme_brands":[{"term_id":162,"name":"SENECA","slug":"seneca","term_group":0,"term_taxonomy_id":162,"taxonomy":"brand","description":"","parent":0,"count":167,"filter":"raw"}],"product_brand":[],"product_cat":[654],"product_tag":[255,387,450,448,127,54,386,449,256],"class_list":{"0":"post-4232","1":"product","2":"type-product","3":"status-publish","4":"has-post-thumbnail","6":"pwb-brand-seneca","7":"brand-seneca","8":"product_cat-indicadores-digitales","9":"product_tag-corriente","10":"product_tag-potenciometro","11":"product_tag-retransmision","12":"product_tag-s312a-4-h-4r","13":"product_tag-seic","14":"product_tag-seneca","15":"product_tag-termopares","16":"product_tag-termorresistencias","17":"product_tag-voltaje","19":"first","20":"instock","21":"taxable","22":"shipping-taxable","23":"purchasable","24":"product-type-variable"},"brands":[{"id":663,"name":"SENECA","slug":"seneca"}],"_links":{"self":[{"href":"https:\/\/seic.com.co\/index.php\/wp-json\/wp\/v2\/product\/4232","targetHints":{"allow":["GET"]}}],"collection":[{"href":"https:\/\/seic.com.co\/index.php\/wp-json\/wp\/v2\/product"}],"about":[{"href":"https:\/\/seic.com.co\/index.php\/wp-json\/wp\/v2\/types\/product"}],"replies":[{"embeddable":true,"href":"https:\/\/seic.com.co\/index.php\/wp-json\/wp\/v2\/comments?post=4232"}],"version-history":[{"count":2,"href":"https:\/\/seic.com.co\/index.php\/wp-json\/wp\/v2\/product\/4232\/revisions"}],"predecessor-version":[{"id":4465,"href":"https:\/\/seic.com.co\/index.php\/wp-json\/wp\/v2\/product\/4232\/revisions\/4465"}],"wp:featuredmedia":[{"embeddable":true,"href":"https:\/\/seic.com.co\/index.php\/wp-json\/wp\/v2\/media\/2871"}],"wp:attachment":[{"href":"https:\/\/seic.com.co\/index.php\/wp-json\/wp\/v2\/media?parent=4232"}],"wp:term":[{"taxonomy":"pwb-brand","embeddable":true,"href":"https:\/\/seic.com.co\/index.php\/wp-json\/wp\/v2\/pwb-brand?post=4232"},{"taxonomy":"brand","embeddable":true,"href":"https:\/\/seic.com.co\/index.php\/wp-json\/wp\/v2\/etheme_brands?post=4232"},{"taxonomy":"product_brand","embeddable":true,"href":"https:\/\/seic.com.co\/index.php\/wp-json\/wp\/v2\/product_brand?post=4232"},{"taxonomy":"product_cat","embeddable":true,"href":"https:\/\/seic.com.co\/index.php\/wp-json\/wp\/v2\/product_cat?post=4232"},{"taxonomy":"product_tag","embeddable":true,"href":"https:\/\/seic.com.co\/index.php\/wp-json\/wp\/v2\/product_tag?post=4232"}],"curies":[{"name":"wp","href":"https:\/\/api.w.org\/{rel}","templated":true}]}}