{"id":4263,"date":"2023-08-16T17:16:12","date_gmt":"2023-08-16T17:16:12","guid":{"rendered":"https:\/\/seic.com.co\/?post_type=product&#038;p=4263"},"modified":"2023-08-22T19:36:01","modified_gmt":"2023-08-22T19:36:01","slug":"s315-ip66","status":"publish","type":"product","link":"https:\/\/seic.com.co\/index.php\/product\/s315-ip66\/","title":{"rendered":"Pantalla S315-IP66"},"content":{"rendered":"<p>S315, el nuevo indicador de la serie S compacta, es una pantalla digital de alto rendimiento alimentada por lazo. El error m\u00e1ximo es solo 0.005% con hasta 16 bits. S315 soporta un bucle de medida del dispositivo activo (Vmax = 30 V), que debe ser superior a la tensi\u00f3n m\u00e1xima a trav\u00e9s de la ca\u00edda de tensi\u00f3n (7V). La programaci\u00f3n es posible a trav\u00e9s de las teclas del men\u00fa frontal. El acceso se puede controlar a trav\u00e9s de contrase\u00f1as. S315 adquiere se\u00f1ales de corriente de 4-20 mA. Todos los par\u00e1metros de configuraci\u00f3n y visualizaci\u00f3n se pueden configurar en cualquier men\u00fa con acceso protegido por contrase\u00f1a.<\/p>\n","protected":false},"excerpt":{"rendered":"<p>Pantalla de 4 d\u00edgitos alimentada por lazo<\/p>\n","protected":false},"featured_media":2873,"comment_status":"open","ping_status":"closed","template":"","meta":[],"pwb-brand":[663],"etheme_brands":[{"term_id":162,"name":"SENECA","slug":"seneca","term_group":0,"term_taxonomy_id":162,"taxonomy":"brand","description":"","parent":0,"count":167,"filter":"raw"}],"product_brand":[],"product_cat":[654],"product_tag":[255,454,453,127,54],"class_list":{"0":"post-4263","1":"product","2":"type-product","3":"status-publish","4":"has-post-thumbnail","6":"pwb-brand-seneca","7":"brand-seneca","8":"product_cat-indicadores-digitales","9":"product_tag-corriente","10":"product_tag-indicador","11":"product_tag-s315-ip66","12":"product_tag-seic","13":"product_tag-seneca","15":"first","16":"instock","17":"taxable","18":"shipping-taxable","19":"purchasable","20":"product-type-variable","21":"has-default-attributes"},"brands":[{"id":663,"name":"SENECA","slug":"seneca"}],"_links":{"self":[{"href":"https:\/\/seic.com.co\/index.php\/wp-json\/wp\/v2\/product\/4263","targetHints":{"allow":["GET"]}}],"collection":[{"href":"https:\/\/seic.com.co\/index.php\/wp-json\/wp\/v2\/product"}],"about":[{"href":"https:\/\/seic.com.co\/index.php\/wp-json\/wp\/v2\/types\/product"}],"replies":[{"embeddable":true,"href":"https:\/\/seic.com.co\/index.php\/wp-json\/wp\/v2\/comments?post=4263"}],"version-history":[{"count":2,"href":"https:\/\/seic.com.co\/index.php\/wp-json\/wp\/v2\/product\/4263\/revisions"}],"predecessor-version":[{"id":4467,"href":"https:\/\/seic.com.co\/index.php\/wp-json\/wp\/v2\/product\/4263\/revisions\/4467"}],"wp:featuredmedia":[{"embeddable":true,"href":"https:\/\/seic.com.co\/index.php\/wp-json\/wp\/v2\/media\/2873"}],"wp:attachment":[{"href":"https:\/\/seic.com.co\/index.php\/wp-json\/wp\/v2\/media?parent=4263"}],"wp:term":[{"taxonomy":"pwb-brand","embeddable":true,"href":"https:\/\/seic.com.co\/index.php\/wp-json\/wp\/v2\/pwb-brand?post=4263"},{"taxonomy":"brand","embeddable":true,"href":"https:\/\/seic.com.co\/index.php\/wp-json\/wp\/v2\/etheme_brands?post=4263"},{"taxonomy":"product_brand","embeddable":true,"href":"https:\/\/seic.com.co\/index.php\/wp-json\/wp\/v2\/product_brand?post=4263"},{"taxonomy":"product_cat","embeddable":true,"href":"https:\/\/seic.com.co\/index.php\/wp-json\/wp\/v2\/product_cat?post=4263"},{"taxonomy":"product_tag","embeddable":true,"href":"https:\/\/seic.com.co\/index.php\/wp-json\/wp\/v2\/product_tag?post=4263"}],"curies":[{"name":"wp","href":"https:\/\/api.w.org\/{rel}","templated":true}]}}