{"id":4265,"date":"2023-08-16T17:16:12","date_gmt":"2023-08-16T17:16:12","guid":{"rendered":"https:\/\/seic.com.co\/?post_type=product&#038;p=4265"},"modified":"2023-08-22T19:36:01","modified_gmt":"2023-08-22T19:36:01","slug":"s91","status":"publish","type":"product","link":"https:\/\/seic.com.co\/index.php\/product\/s91\/","title":{"rendered":"Rel\u00e9 S91"},"content":{"rendered":"<p>S91 es un dispositivo de protecci\u00f3n para motores el\u00e9ctricos. Permite la detecci\u00f3n de secuencia de fase incorrecta o fallo de fase, exceso de consumo de corriente, funcionamiento en vac\u00edo con medida del factor de potencia. El dispositivo tiene una entrada para PTC (termistor con coeficiente de temperatura negativo) para proteger el motor del sobrecalentamiento y habilitar la entrada para arrancar el motor. S91 opera en 3 modos de operaci\u00f3n: medici\u00f3n monof\u00e1sica o trif\u00e1sica, rango de corriente m\u00e1xima 5 o 16 A, operaci\u00f3n con o sin PTC. Disponible modelo para alimentaci\u00f3n 230V (S91), y modelo para alimentaci\u00f3n 380V (S91-400). Principales aplicaciones:- Protecci\u00f3n de bombas monof\u00e1sicas o trif\u00e1sicas ante posible bloqueo de rotor y sobretemperatura- Detecci\u00f3n de rotura de dispositivos de transmisi\u00f3n mec\u00e1nica , p.ej. correas o cadenas y para proteger contra el bloqueo del sistema de transmisi\u00f3n.<\/p>\n","protected":false},"excerpt":{"rendered":"<p>Rel\u00e9 multiprotecci\u00f3n para motor<\/p>\n","protected":false},"featured_media":2857,"comment_status":"open","ping_status":"closed","template":"","meta":[],"pwb-brand":[663],"etheme_brands":[{"term_id":162,"name":"SENECA","slug":"seneca","term_group":0,"term_taxonomy_id":162,"taxonomy":"brand","description":"","parent":0,"count":167,"filter":"raw"}],"product_brand":[],"product_cat":[655],"product_tag":[471,258,472,585,470,127,54],"class_list":{"0":"post-4265","1":"product","2":"type-product","3":"status-publish","4":"has-post-thumbnail","6":"pwb-brand-seneca","7":"brand-seneca","8":"product_cat-rele-de-alto-voltaje","9":"product_tag-motores-electricos","10":"product_tag-protector","11":"product_tag-ptc","12":"product_tag-rele","13":"product_tag-s91","14":"product_tag-seic","15":"product_tag-seneca","17":"first","18":"instock","19":"taxable","20":"shipping-taxable","21":"purchasable","22":"product-type-variable"},"brands":[{"id":663,"name":"SENECA","slug":"seneca"}],"_links":{"self":[{"href":"https:\/\/seic.com.co\/index.php\/wp-json\/wp\/v2\/product\/4265","targetHints":{"allow":["GET"]}}],"collection":[{"href":"https:\/\/seic.com.co\/index.php\/wp-json\/wp\/v2\/product"}],"about":[{"href":"https:\/\/seic.com.co\/index.php\/wp-json\/wp\/v2\/types\/product"}],"replies":[{"embeddable":true,"href":"https:\/\/seic.com.co\/index.php\/wp-json\/wp\/v2\/comments?post=4265"}],"version-history":[{"count":3,"href":"https:\/\/seic.com.co\/index.php\/wp-json\/wp\/v2\/product\/4265\/revisions"}],"predecessor-version":[{"id":4576,"href":"https:\/\/seic.com.co\/index.php\/wp-json\/wp\/v2\/product\/4265\/revisions\/4576"}],"wp:featuredmedia":[{"embeddable":true,"href":"https:\/\/seic.com.co\/index.php\/wp-json\/wp\/v2\/media\/2857"}],"wp:attachment":[{"href":"https:\/\/seic.com.co\/index.php\/wp-json\/wp\/v2\/media?parent=4265"}],"wp:term":[{"taxonomy":"pwb-brand","embeddable":true,"href":"https:\/\/seic.com.co\/index.php\/wp-json\/wp\/v2\/pwb-brand?post=4265"},{"taxonomy":"brand","embeddable":true,"href":"https:\/\/seic.com.co\/index.php\/wp-json\/wp\/v2\/etheme_brands?post=4265"},{"taxonomy":"product_brand","embeddable":true,"href":"https:\/\/seic.com.co\/index.php\/wp-json\/wp\/v2\/product_brand?post=4265"},{"taxonomy":"product_cat","embeddable":true,"href":"https:\/\/seic.com.co\/index.php\/wp-json\/wp\/v2\/product_cat?post=4265"},{"taxonomy":"product_tag","embeddable":true,"href":"https:\/\/seic.com.co\/index.php\/wp-json\/wp\/v2\/product_tag?post=4265"}],"curies":[{"name":"wp","href":"https:\/\/api.w.org\/{rel}","templated":true}]}}