{"id":4275,"date":"2023-08-16T17:16:13","date_gmt":"2023-08-16T17:16:13","guid":{"rendered":"https:\/\/seic.com.co\/index.php\/product\/s400cl-1\/"},"modified":"2023-08-22T19:36:00","modified_gmt":"2023-08-22T19:36:00","slug":"s400cl-1","status":"publish","type":"product","link":"https:\/\/seic.com.co\/index.php\/product\/s400cl-1\/","title":{"rendered":"Protector S400CL-1"},"content":{"rendered":"<p>S400CL-1 es una protecci\u00f3n contra sobretensiones para dispositivos de medici\u00f3n, control y regulaci\u00f3n. El dispositivo est\u00e1 equipado con regletas de bornes con protecci\u00f3n multietapa, conexiones roscadas y un seccionador. S400CL-1 se puede utilizar en circuitos binarios y anal\u00f3gicos, como se\u00f1ales de pulso de 0-10 V CC y bucle de corriente de 0\/4 a 20 mA.<\/p>\n","protected":false},"excerpt":{"rendered":"<p>SPD de se\u00f1ales anal\u00f3gicas y digitales con seccionador de cuchillo<\/p>\n","protected":false},"featured_media":2875,"comment_status":"open","ping_status":"closed","template":"","meta":[],"pwb-brand":[663],"etheme_brands":[{"term_id":162,"name":"SENECA","slug":"seneca","term_group":0,"term_taxonomy_id":162,"taxonomy":"brand","description":"","parent":0,"count":167,"filter":"raw"}],"product_brand":[],"product_cat":[638],"product_tag":[458,127,54],"class_list":{"0":"post-4275","1":"product","2":"type-product","3":"status-publish","4":"has-post-thumbnail","6":"pwb-brand-seneca","7":"brand-seneca","8":"product_cat-protectores-de-sobretension","9":"product_tag-s400cl-1","10":"product_tag-seic","11":"product_tag-seneca","13":"first","14":"instock","15":"taxable","16":"shipping-taxable","17":"purchasable","18":"product-type-simple"},"brands":[{"id":663,"name":"SENECA","slug":"seneca"}],"_links":{"self":[{"href":"https:\/\/seic.com.co\/index.php\/wp-json\/wp\/v2\/product\/4275","targetHints":{"allow":["GET"]}}],"collection":[{"href":"https:\/\/seic.com.co\/index.php\/wp-json\/wp\/v2\/product"}],"about":[{"href":"https:\/\/seic.com.co\/index.php\/wp-json\/wp\/v2\/types\/product"}],"replies":[{"embeddable":true,"href":"https:\/\/seic.com.co\/index.php\/wp-json\/wp\/v2\/comments?post=4275"}],"version-history":[{"count":1,"href":"https:\/\/seic.com.co\/index.php\/wp-json\/wp\/v2\/product\/4275\/revisions"}],"predecessor-version":[{"id":4473,"href":"https:\/\/seic.com.co\/index.php\/wp-json\/wp\/v2\/product\/4275\/revisions\/4473"}],"wp:featuredmedia":[{"embeddable":true,"href":"https:\/\/seic.com.co\/index.php\/wp-json\/wp\/v2\/media\/2875"}],"wp:attachment":[{"href":"https:\/\/seic.com.co\/index.php\/wp-json\/wp\/v2\/media?parent=4275"}],"wp:term":[{"taxonomy":"pwb-brand","embeddable":true,"href":"https:\/\/seic.com.co\/index.php\/wp-json\/wp\/v2\/pwb-brand?post=4275"},{"taxonomy":"brand","embeddable":true,"href":"https:\/\/seic.com.co\/index.php\/wp-json\/wp\/v2\/etheme_brands?post=4275"},{"taxonomy":"product_brand","embeddable":true,"href":"https:\/\/seic.com.co\/index.php\/wp-json\/wp\/v2\/product_brand?post=4275"},{"taxonomy":"product_cat","embeddable":true,"href":"https:\/\/seic.com.co\/index.php\/wp-json\/wp\/v2\/product_cat?post=4275"},{"taxonomy":"product_tag","embeddable":true,"href":"https:\/\/seic.com.co\/index.php\/wp-json\/wp\/v2\/product_tag?post=4275"}],"curies":[{"name":"wp","href":"https:\/\/api.w.org\/{rel}","templated":true}]}}