{"id":4284,"date":"2023-08-16T17:16:15","date_gmt":"2023-08-16T17:16:15","guid":{"rendered":"https:\/\/seic.com.co\/index.php\/product\/s401-l\/"},"modified":"2023-08-22T19:36:01","modified_gmt":"2023-08-22T19:36:01","slug":"s401-l","status":"publish","type":"product","link":"https:\/\/seic.com.co\/index.php\/product\/s401-l\/","title":{"rendered":"Pantalla S401-L"},"content":{"rendered":"<p>Estas pantallas utilizan tecnolog\u00eda OLED (tecnolog\u00eda LED org\u00e1nica). Las pantallas OLED tienen un tiempo de respuesta r\u00e1pido, amplios \u00e1ngulos de visi\u00f3n, una reproducci\u00f3n crom\u00e1tica excepcional y relaciones de visualizaci\u00f3n de contraste y brillo sobresalientes. S401 un indicador OLED con comunicaci\u00f3n Modbus: un dispositivo compacto de montaje en panel HMI, con un amplio rango de visualizaci\u00f3n (hasta 30 mediciones) La programaci\u00f3n se logra a trav\u00e9s del software suministrado con interfaz a una PC, o desde el teclado \/ men\u00fa frontal. Las interfaces para RS485 Modbus Master son as\u00ed como RS485 Modbus Slave. S401 tiene varias funciones maestras (27 funciones matem\u00e1ticas y 20 lecturas de m\u00f3dulos esclavos)<\/p>\n","protected":false},"excerpt":{"rendered":"<p>Indicador ModBUS RTU con pantalla OLED de 2,7&#8243;<\/p>\n","protected":false},"featured_media":2880,"comment_status":"open","ping_status":"closed","template":"","meta":[],"pwb-brand":[663],"etheme_brands":[{"term_id":162,"name":"SENECA","slug":"seneca","term_group":0,"term_taxonomy_id":162,"taxonomy":"brand","description":"","parent":0,"count":167,"filter":"raw"}],"product_brand":[],"product_cat":[656],"product_tag":[467,127,54],"class_list":{"0":"post-4284","1":"product","2":"type-product","3":"status-publish","4":"has-post-thumbnail","6":"pwb-brand-seneca","7":"brand-seneca","8":"product_cat-hmi-display","9":"product_tag-s401-l","10":"product_tag-seic","11":"product_tag-seneca","13":"first","14":"instock","15":"taxable","16":"shipping-taxable","17":"purchasable","18":"product-type-simple"},"brands":[{"id":663,"name":"SENECA","slug":"seneca"}],"_links":{"self":[{"href":"https:\/\/seic.com.co\/index.php\/wp-json\/wp\/v2\/product\/4284","targetHints":{"allow":["GET"]}}],"collection":[{"href":"https:\/\/seic.com.co\/index.php\/wp-json\/wp\/v2\/product"}],"about":[{"href":"https:\/\/seic.com.co\/index.php\/wp-json\/wp\/v2\/types\/product"}],"replies":[{"embeddable":true,"href":"https:\/\/seic.com.co\/index.php\/wp-json\/wp\/v2\/comments?post=4284"}],"version-history":[{"count":1,"href":"https:\/\/seic.com.co\/index.php\/wp-json\/wp\/v2\/product\/4284\/revisions"}],"predecessor-version":[{"id":4481,"href":"https:\/\/seic.com.co\/index.php\/wp-json\/wp\/v2\/product\/4284\/revisions\/4481"}],"wp:featuredmedia":[{"embeddable":true,"href":"https:\/\/seic.com.co\/index.php\/wp-json\/wp\/v2\/media\/2880"}],"wp:attachment":[{"href":"https:\/\/seic.com.co\/index.php\/wp-json\/wp\/v2\/media?parent=4284"}],"wp:term":[{"taxonomy":"pwb-brand","embeddable":true,"href":"https:\/\/seic.com.co\/index.php\/wp-json\/wp\/v2\/pwb-brand?post=4284"},{"taxonomy":"brand","embeddable":true,"href":"https:\/\/seic.com.co\/index.php\/wp-json\/wp\/v2\/etheme_brands?post=4284"},{"taxonomy":"product_brand","embeddable":true,"href":"https:\/\/seic.com.co\/index.php\/wp-json\/wp\/v2\/product_brand?post=4284"},{"taxonomy":"product_cat","embeddable":true,"href":"https:\/\/seic.com.co\/index.php\/wp-json\/wp\/v2\/product_cat?post=4284"},{"taxonomy":"product_tag","embeddable":true,"href":"https:\/\/seic.com.co\/index.php\/wp-json\/wp\/v2\/product_tag?post=4284"}],"curies":[{"name":"wp","href":"https:\/\/api.w.org\/{rel}","templated":true}]}}