{"id":4298,"date":"2023-08-16T17:16:17","date_gmt":"2023-08-16T17:16:17","guid":{"rendered":"https:\/\/seic.com.co\/?post_type=product&#038;p=4298"},"modified":"2023-08-22T19:36:04","modified_gmt":"2023-08-22T19:36:04","slug":"t120","status":"publish","type":"product","link":"https:\/\/seic.com.co\/index.php\/product\/t120\/","title":{"rendered":"Transmisor T120"},"content":{"rendered":"<p>El T120 es un transmisor de 2 hilos para sondas de tipo PT100 y Ni100, alimentado por bucle, se incluye con el software de configuraci\u00f3n de Seneca, lo que facilita al usuario final el control y la configuraci\u00f3n de los par\u00e1metros del T120 (inicio\/escala completa, rechazo, tipo RTD, cable resistencia, sobrerrango, etc.). El T120 es f\u00e1cil de cablear utilizando conexiones tipo abrazadera de cable de empuje y con una resoluci\u00f3n m\u00e1xima de 16 bits y una precisi\u00f3n del 0,1 %, mostrar\u00e1 mediciones de alta precisi\u00f3n.<\/p>\n","protected":false},"excerpt":{"rendered":"<p>Pt100\/Ni100 a 4-20 mA de salida (no aislado)<\/p>\n","protected":false},"featured_media":2884,"comment_status":"open","ping_status":"closed","template":"","meta":[],"pwb-brand":[663],"etheme_brands":[{"term_id":162,"name":"SENECA","slug":"seneca","term_group":0,"term_taxonomy_id":162,"taxonomy":"brand","description":"","parent":0,"count":167,"filter":"raw"}],"product_brand":[],"product_cat":[642],"product_tag":[355,492,231,274,127,54,491,272],"class_list":{"0":"post-4298","1":"product","2":"type-product","3":"status-publish","4":"has-post-thumbnail","6":"pwb-brand-seneca","7":"brand-seneca","8":"product_cat-transmisores-de-temperatura","9":"product_tag-aislamiento","10":"product_tag-ni100","11":"product_tag-pt100","12":"product_tag-rtd","13":"product_tag-seic","14":"product_tag-seneca","15":"product_tag-t120","16":"product_tag-transmisor","18":"first","19":"instock","20":"taxable","21":"shipping-taxable","22":"purchasable","23":"product-type-variable","24":"has-default-attributes"},"brands":[{"id":663,"name":"SENECA","slug":"seneca"}],"_links":{"self":[{"href":"https:\/\/seic.com.co\/index.php\/wp-json\/wp\/v2\/product\/4298","targetHints":{"allow":["GET"]}}],"collection":[{"href":"https:\/\/seic.com.co\/index.php\/wp-json\/wp\/v2\/product"}],"about":[{"href":"https:\/\/seic.com.co\/index.php\/wp-json\/wp\/v2\/types\/product"}],"replies":[{"embeddable":true,"href":"https:\/\/seic.com.co\/index.php\/wp-json\/wp\/v2\/comments?post=4298"}],"version-history":[{"count":2,"href":"https:\/\/seic.com.co\/index.php\/wp-json\/wp\/v2\/product\/4298\/revisions"}],"predecessor-version":[{"id":4484,"href":"https:\/\/seic.com.co\/index.php\/wp-json\/wp\/v2\/product\/4298\/revisions\/4484"}],"wp:featuredmedia":[{"embeddable":true,"href":"https:\/\/seic.com.co\/index.php\/wp-json\/wp\/v2\/media\/2884"}],"wp:attachment":[{"href":"https:\/\/seic.com.co\/index.php\/wp-json\/wp\/v2\/media?parent=4298"}],"wp:term":[{"taxonomy":"pwb-brand","embeddable":true,"href":"https:\/\/seic.com.co\/index.php\/wp-json\/wp\/v2\/pwb-brand?post=4298"},{"taxonomy":"brand","embeddable":true,"href":"https:\/\/seic.com.co\/index.php\/wp-json\/wp\/v2\/etheme_brands?post=4298"},{"taxonomy":"product_brand","embeddable":true,"href":"https:\/\/seic.com.co\/index.php\/wp-json\/wp\/v2\/product_brand?post=4298"},{"taxonomy":"product_cat","embeddable":true,"href":"https:\/\/seic.com.co\/index.php\/wp-json\/wp\/v2\/product_cat?post=4298"},{"taxonomy":"product_tag","embeddable":true,"href":"https:\/\/seic.com.co\/index.php\/wp-json\/wp\/v2\/product_tag?post=4298"}],"curies":[{"name":"wp","href":"https:\/\/api.w.org\/{rel}","templated":true}]}}