{"id":4299,"date":"2023-08-16T17:16:17","date_gmt":"2023-08-16T17:16:17","guid":{"rendered":"https:\/\/seic.com.co\/?post_type=product&#038;p=4299"},"modified":"2023-08-22T19:36:04","modified_gmt":"2023-08-22T19:36:04","slug":"t121","status":"publish","type":"product","link":"https:\/\/seic.com.co\/index.php\/product\/t121\/","title":{"rendered":"Convertidor para Termorresistencia T121"},"content":{"rendered":"<p>T121 es un convertidor para Termorresistencia (mA, mV, PT100, Pt1000, Pt500, Ni100, TCs, Ohm) con 2,3,4 hilos y convertirlo\/aislarlo en se\u00f1al alimentada por lazo de 4..20mA. Es completamente configurable a trav\u00e9s del software de PC. T121 es adecuado para montaje en cabeza (RTD o TC). Un aislamiento galv\u00e1nico bidireccional entre los circuitos de entrada\/salida asegura la integridad de sus datos.<\/p>\n","protected":false},"excerpt":{"rendered":"<p>Entrada universal a salida de 4-20 mA (aislada)<\/p>\n","protected":false},"featured_media":2581,"comment_status":"open","ping_status":"closed","template":"","meta":[],"pwb-brand":[663],"etheme_brands":[{"term_id":162,"name":"SENECA","slug":"seneca","term_group":0,"term_taxonomy_id":162,"taxonomy":"brand","description":"","parent":0,"count":167,"filter":"raw"}],"product_brand":[],"product_cat":[642],"product_tag":[355,255,492,231,274,127,54,494,495,272,256],"class_list":{"0":"post-4299","1":"product","2":"type-product","3":"status-publish","4":"has-post-thumbnail","6":"pwb-brand-seneca","7":"brand-seneca","8":"product_cat-transmisores-de-temperatura","9":"product_tag-aislamiento","10":"product_tag-corriente","11":"product_tag-ni100","12":"product_tag-pt100","13":"product_tag-rtd","14":"product_tag-seic","15":"product_tag-seneca","16":"product_tag-t121","17":"product_tag-transductor-de-corriente","18":"product_tag-transmisor","19":"product_tag-voltaje","21":"first","22":"instock","23":"taxable","24":"shipping-taxable","25":"purchasable","26":"product-type-variable","27":"has-default-attributes"},"brands":[{"id":663,"name":"SENECA","slug":"seneca"}],"_links":{"self":[{"href":"https:\/\/seic.com.co\/index.php\/wp-json\/wp\/v2\/product\/4299","targetHints":{"allow":["GET"]}}],"collection":[{"href":"https:\/\/seic.com.co\/index.php\/wp-json\/wp\/v2\/product"}],"about":[{"href":"https:\/\/seic.com.co\/index.php\/wp-json\/wp\/v2\/types\/product"}],"replies":[{"embeddable":true,"href":"https:\/\/seic.com.co\/index.php\/wp-json\/wp\/v2\/comments?post=4299"}],"version-history":[{"count":2,"href":"https:\/\/seic.com.co\/index.php\/wp-json\/wp\/v2\/product\/4299\/revisions"}],"predecessor-version":[{"id":4485,"href":"https:\/\/seic.com.co\/index.php\/wp-json\/wp\/v2\/product\/4299\/revisions\/4485"}],"wp:featuredmedia":[{"embeddable":true,"href":"https:\/\/seic.com.co\/index.php\/wp-json\/wp\/v2\/media\/2581"}],"wp:attachment":[{"href":"https:\/\/seic.com.co\/index.php\/wp-json\/wp\/v2\/media?parent=4299"}],"wp:term":[{"taxonomy":"pwb-brand","embeddable":true,"href":"https:\/\/seic.com.co\/index.php\/wp-json\/wp\/v2\/pwb-brand?post=4299"},{"taxonomy":"brand","embeddable":true,"href":"https:\/\/seic.com.co\/index.php\/wp-json\/wp\/v2\/etheme_brands?post=4299"},{"taxonomy":"product_brand","embeddable":true,"href":"https:\/\/seic.com.co\/index.php\/wp-json\/wp\/v2\/product_brand?post=4299"},{"taxonomy":"product_cat","embeddable":true,"href":"https:\/\/seic.com.co\/index.php\/wp-json\/wp\/v2\/product_cat?post=4299"},{"taxonomy":"product_tag","embeddable":true,"href":"https:\/\/seic.com.co\/index.php\/wp-json\/wp\/v2\/product_tag?post=4299"}],"curies":[{"name":"wp","href":"https:\/\/api.w.org\/{rel}","templated":true}]}}