{"id":4325,"date":"2023-08-16T17:16:21","date_gmt":"2023-08-16T17:16:21","guid":{"rendered":"https:\/\/seic.com.co\/index.php\/product\/visual2e\/"},"modified":"2023-08-22T19:36:04","modified_gmt":"2023-08-22T19:36:04","slug":"visual2e","status":"publish","type":"product","link":"https:\/\/seic.com.co\/index.php\/product\/visual2e\/","title":{"rendered":"HMI VISUAL2E"},"content":{"rendered":"<p>La nueva gama de paneles de operador adecuados para los controladores industriales y sistemas de supervisi\u00f3n\/automatizaci\u00f3n m\u00e1s comunes. VISUAL2 es un HMI de 7&#8243; equipado con una potente CPU Cortex A8 de 600MHz, 128 MB de RAM, 1 puerto ethernet, retroiluminaci\u00f3n LED de pantalla de alta calidad con una resoluci\u00f3n de 800&#215;480 p\u00edxeles y 2 puertos serie (Nr. 1 RS232 y Nr. 1 RS485).<\/p>\n","protected":false},"excerpt":{"rendered":"<p>Panel de operador con pantalla t\u00e1ctil de 7&#8243;, Ethernet<\/p>\n","protected":false},"featured_media":2894,"comment_status":"open","ping_status":"closed","template":"","meta":[],"pwb-brand":[663],"etheme_brands":[],"product_brand":[],"product_cat":[656],"product_tag":[514,512,320,480,513,224,222,127,54,517],"class_list":{"0":"post-4325","1":"product","2":"type-product","3":"status-publish","4":"has-post-thumbnail","6":"pwb-brand-seneca","7":"product_cat-hmi-display","8":"product_tag-cortex","9":"product_tag-cpu","10":"product_tag-ethernet","11":"product_tag-hmi","12":"product_tag-ram","13":"product_tag-rs232","14":"product_tag-rs485","15":"product_tag-seic","16":"product_tag-seneca","17":"product_tag-visual2e","19":"first","20":"instock","21":"taxable","22":"shipping-taxable","23":"purchasable","24":"product-type-simple"},"brands":[{"id":663,"name":"SENECA","slug":"seneca"}],"_links":{"self":[{"href":"https:\/\/seic.com.co\/index.php\/wp-json\/wp\/v2\/product\/4325","targetHints":{"allow":["GET"]}}],"collection":[{"href":"https:\/\/seic.com.co\/index.php\/wp-json\/wp\/v2\/product"}],"about":[{"href":"https:\/\/seic.com.co\/index.php\/wp-json\/wp\/v2\/types\/product"}],"replies":[{"embeddable":true,"href":"https:\/\/seic.com.co\/index.php\/wp-json\/wp\/v2\/comments?post=4325"}],"version-history":[{"count":1,"href":"https:\/\/seic.com.co\/index.php\/wp-json\/wp\/v2\/product\/4325\/revisions"}],"predecessor-version":[{"id":4495,"href":"https:\/\/seic.com.co\/index.php\/wp-json\/wp\/v2\/product\/4325\/revisions\/4495"}],"wp:featuredmedia":[{"embeddable":true,"href":"https:\/\/seic.com.co\/index.php\/wp-json\/wp\/v2\/media\/2894"}],"wp:attachment":[{"href":"https:\/\/seic.com.co\/index.php\/wp-json\/wp\/v2\/media?parent=4325"}],"wp:term":[{"taxonomy":"pwb-brand","embeddable":true,"href":"https:\/\/seic.com.co\/index.php\/wp-json\/wp\/v2\/pwb-brand?post=4325"},{"taxonomy":"brand","embeddable":true,"href":"https:\/\/seic.com.co\/index.php\/wp-json\/wp\/v2\/etheme_brands?post=4325"},{"taxonomy":"product_brand","embeddable":true,"href":"https:\/\/seic.com.co\/index.php\/wp-json\/wp\/v2\/product_brand?post=4325"},{"taxonomy":"product_cat","embeddable":true,"href":"https:\/\/seic.com.co\/index.php\/wp-json\/wp\/v2\/product_cat?post=4325"},{"taxonomy":"product_tag","embeddable":true,"href":"https:\/\/seic.com.co\/index.php\/wp-json\/wp\/v2\/product_tag?post=4325"}],"curies":[{"name":"wp","href":"https:\/\/api.w.org\/{rel}","templated":true}]}}