{"id":4331,"date":"2023-08-16T17:16:23","date_gmt":"2023-08-16T17:16:23","guid":{"rendered":"https:\/\/seic.com.co\/index.php\/product\/visual6\/"},"modified":"2023-08-22T19:36:06","modified_gmt":"2023-08-22T19:36:06","slug":"visual6","status":"publish","type":"product","link":"https:\/\/seic.com.co\/index.php\/product\/visual6\/","title":{"rendered":"HMI VISUAL6"},"content":{"rendered":"<p>La nueva gama de paneles de operador adecuados para los controladores industriales y sistemas de supervisi\u00f3n\/automatizaci\u00f3n m\u00e1s comunes. VISUAL6 es un HMI de 7&#8243; equipado con una potente CPU Cortex A8 de 600 Mhz, 128 MB de RAM, retroiluminaci\u00f3n LED de pantalla de alta calidad con una resoluci\u00f3n de 800&#215;480 p\u00edxeles, 2 puertos serie (Nr. 1 RS232 y Nr. 1 RS485) y 2 puertos ethernet .<\/p>\n","protected":false},"excerpt":{"rendered":"<p>Pantalla panor\u00e1mica HMI de 7&#8243; a colores, doble interfaz Ethernet<\/p>\n","protected":false},"featured_media":2897,"comment_status":"open","ping_status":"closed","template":"","meta":[],"pwb-brand":[663],"etheme_brands":[{"term_id":162,"name":"SENECA","slug":"seneca","term_group":0,"term_taxonomy_id":162,"taxonomy":"brand","description":"","parent":0,"count":167,"filter":"raw"}],"product_brand":[],"product_cat":[656],"product_tag":[514,512,320,480,513,224,222,127,54,523],"class_list":{"0":"post-4331","1":"product","2":"type-product","3":"status-publish","4":"has-post-thumbnail","6":"pwb-brand-seneca","7":"brand-seneca","8":"product_cat-hmi-display","9":"product_tag-cortex","10":"product_tag-cpu","11":"product_tag-ethernet","12":"product_tag-hmi","13":"product_tag-ram","14":"product_tag-rs232","15":"product_tag-rs485","16":"product_tag-seic","17":"product_tag-seneca","18":"product_tag-visual6","20":"first","21":"instock","22":"taxable","23":"shipping-taxable","24":"purchasable","25":"product-type-simple"},"brands":[{"id":663,"name":"SENECA","slug":"seneca"}],"_links":{"self":[{"href":"https:\/\/seic.com.co\/index.php\/wp-json\/wp\/v2\/product\/4331","targetHints":{"allow":["GET"]}}],"collection":[{"href":"https:\/\/seic.com.co\/index.php\/wp-json\/wp\/v2\/product"}],"about":[{"href":"https:\/\/seic.com.co\/index.php\/wp-json\/wp\/v2\/types\/product"}],"replies":[{"embeddable":true,"href":"https:\/\/seic.com.co\/index.php\/wp-json\/wp\/v2\/comments?post=4331"}],"version-history":[{"count":1,"href":"https:\/\/seic.com.co\/index.php\/wp-json\/wp\/v2\/product\/4331\/revisions"}],"predecessor-version":[{"id":4501,"href":"https:\/\/seic.com.co\/index.php\/wp-json\/wp\/v2\/product\/4331\/revisions\/4501"}],"wp:featuredmedia":[{"embeddable":true,"href":"https:\/\/seic.com.co\/index.php\/wp-json\/wp\/v2\/media\/2897"}],"wp:attachment":[{"href":"https:\/\/seic.com.co\/index.php\/wp-json\/wp\/v2\/media?parent=4331"}],"wp:term":[{"taxonomy":"pwb-brand","embeddable":true,"href":"https:\/\/seic.com.co\/index.php\/wp-json\/wp\/v2\/pwb-brand?post=4331"},{"taxonomy":"brand","embeddable":true,"href":"https:\/\/seic.com.co\/index.php\/wp-json\/wp\/v2\/etheme_brands?post=4331"},{"taxonomy":"product_brand","embeddable":true,"href":"https:\/\/seic.com.co\/index.php\/wp-json\/wp\/v2\/product_brand?post=4331"},{"taxonomy":"product_cat","embeddable":true,"href":"https:\/\/seic.com.co\/index.php\/wp-json\/wp\/v2\/product_cat?post=4331"},{"taxonomy":"product_tag","embeddable":true,"href":"https:\/\/seic.com.co\/index.php\/wp-json\/wp\/v2\/product_tag?post=4331"}],"curies":[{"name":"wp","href":"https:\/\/api.w.org\/{rel}","templated":true}]}}