{"id":4334,"date":"2023-08-16T17:16:24","date_gmt":"2023-08-16T17:16:24","guid":{"rendered":"https:\/\/seic.com.co\/index.php\/product\/z102\/"},"modified":"2025-05-29T13:21:03","modified_gmt":"2025-05-29T13:21:03","slug":"z102","status":"publish","type":"product","link":"https:\/\/seic.com.co\/index.php\/product\/z102\/","title":{"rendered":"Convertidor Z102"},"content":{"rendered":"<p>Z102 acepta la se\u00f1al del re\u00f3stato (2 hilos) o potenci\u00f3metro (3 hilos) y la convierte\/a\u00edsla en se\u00f1ales est\u00e1ndar de mA\/V. La fuente de alimentaci\u00f3n auxiliar permite tambi\u00e9n conexiones activas o pasivas en el lado de salida. Un aislamiento galv\u00e1nico de 3 v\u00edas entre los circuitos de fuente de alimentaci\u00f3n \/\/ entrada \/\/ salida asegura la integridad de sus datos.<\/p>\n","protected":false},"excerpt":{"rendered":"<p>Potenci\u00f3metro a aislador\/convertidor de corriente\/voltaje CC<\/p>\n","protected":false},"featured_media":2916,"comment_status":"open","ping_status":"closed","template":"","meta":[],"pwb-brand":[663],"etheme_brands":[{"term_id":162,"name":"SENECA","slug":"seneca","term_group":0,"term_taxonomy_id":162,"taxonomy":"brand","description":"","parent":0,"count":167,"filter":"raw"}],"product_brand":[],"product_cat":[658],"product_tag":[250,387,527,127,54,526],"class_list":{"0":"post-4334","1":"product","2":"type-product","3":"status-publish","4":"has-post-thumbnail","6":"pwb-brand-seneca","7":"brand-seneca","8":"product_cat-convertidor-analogico-universal","9":"product_tag-aislador","10":"product_tag-potenciometro","11":"product_tag-reostato","12":"product_tag-seic","13":"product_tag-seneca","14":"product_tag-z102","16":"first","17":"instock","18":"taxable","19":"shipping-taxable","20":"purchasable","21":"product-type-simple"},"brands":[{"id":663,"name":"SENECA","slug":"seneca"}],"_links":{"self":[{"href":"https:\/\/seic.com.co\/index.php\/wp-json\/wp\/v2\/product\/4334","targetHints":{"allow":["GET"]}}],"collection":[{"href":"https:\/\/seic.com.co\/index.php\/wp-json\/wp\/v2\/product"}],"about":[{"href":"https:\/\/seic.com.co\/index.php\/wp-json\/wp\/v2\/types\/product"}],"replies":[{"embeddable":true,"href":"https:\/\/seic.com.co\/index.php\/wp-json\/wp\/v2\/comments?post=4334"}],"version-history":[{"count":1,"href":"https:\/\/seic.com.co\/index.php\/wp-json\/wp\/v2\/product\/4334\/revisions"}],"predecessor-version":[{"id":4504,"href":"https:\/\/seic.com.co\/index.php\/wp-json\/wp\/v2\/product\/4334\/revisions\/4504"}],"wp:featuredmedia":[{"embeddable":true,"href":"https:\/\/seic.com.co\/index.php\/wp-json\/wp\/v2\/media\/2916"}],"wp:attachment":[{"href":"https:\/\/seic.com.co\/index.php\/wp-json\/wp\/v2\/media?parent=4334"}],"wp:term":[{"taxonomy":"pwb-brand","embeddable":true,"href":"https:\/\/seic.com.co\/index.php\/wp-json\/wp\/v2\/pwb-brand?post=4334"},{"taxonomy":"brand","embeddable":true,"href":"https:\/\/seic.com.co\/index.php\/wp-json\/wp\/v2\/etheme_brands?post=4334"},{"taxonomy":"product_brand","embeddable":true,"href":"https:\/\/seic.com.co\/index.php\/wp-json\/wp\/v2\/product_brand?post=4334"},{"taxonomy":"product_cat","embeddable":true,"href":"https:\/\/seic.com.co\/index.php\/wp-json\/wp\/v2\/product_cat?post=4334"},{"taxonomy":"product_tag","embeddable":true,"href":"https:\/\/seic.com.co\/index.php\/wp-json\/wp\/v2\/product_tag?post=4334"}],"curies":[{"name":"wp","href":"https:\/\/api.w.org\/{rel}","templated":true}]}}