{"id":4335,"date":"2023-08-16T17:16:24","date_gmt":"2023-08-16T17:16:24","guid":{"rendered":"https:\/\/seic.com.co\/index.php\/product\/z104\/"},"modified":"2023-08-22T19:36:06","modified_gmt":"2023-08-22T19:36:06","slug":"z104","status":"publish","type":"product","link":"https:\/\/seic.com.co\/index.php\/product\/z104\/","title":{"rendered":"Convertidor Z104"},"content":{"rendered":"<p>Z104 permite convertir la se\u00f1al de entrada de corriente o tensi\u00f3n en una serie de pulsos de duraci\u00f3n constante. Un uso t\u00edpico es cuando, con un caudal\u00edmetro con salida anal\u00f3gica (ejemplo 4-20mA), se debe totalizar el caudal. la salida es programable en un rango de 1 pulso cada 2 horas a 10 KHz. Un aislamiento galv\u00e1nico de 3 v\u00edas entre los circuitos de fuente de alimentaci\u00f3n \/\/ entrada \/\/ salida asegura la integridad de sus datos.<\/p>\n","protected":false},"excerpt":{"rendered":"<p>DC V\/I a aislador\/convertidor de frecuencia<\/p>\n","protected":false},"featured_media":2917,"comment_status":"open","ping_status":"closed","template":"","meta":[],"pwb-brand":[663],"etheme_brands":[{"term_id":162,"name":"SENECA","slug":"seneca","term_group":0,"term_taxonomy_id":162,"taxonomy":"brand","description":"","parent":0,"count":167,"filter":"raw"}],"product_brand":[],"product_cat":[658,635],"product_tag":[250,236,255,127,54,256,528],"class_list":{"0":"post-4335","1":"product","2":"type-product","3":"status-publish","4":"has-post-thumbnail","6":"pwb-brand-seneca","7":"brand-seneca","8":"product_cat-convertidor-analogico-universal","9":"product_cat-convertidores-digitales","10":"product_tag-aislador","11":"product_tag-convertidor","12":"product_tag-corriente","13":"product_tag-seic","14":"product_tag-seneca","15":"product_tag-voltaje","16":"product_tag-z104","18":"first","19":"instock","20":"taxable","21":"shipping-taxable","22":"purchasable","23":"product-type-simple"},"brands":[{"id":663,"name":"SENECA","slug":"seneca"}],"_links":{"self":[{"href":"https:\/\/seic.com.co\/index.php\/wp-json\/wp\/v2\/product\/4335","targetHints":{"allow":["GET"]}}],"collection":[{"href":"https:\/\/seic.com.co\/index.php\/wp-json\/wp\/v2\/product"}],"about":[{"href":"https:\/\/seic.com.co\/index.php\/wp-json\/wp\/v2\/types\/product"}],"replies":[{"embeddable":true,"href":"https:\/\/seic.com.co\/index.php\/wp-json\/wp\/v2\/comments?post=4335"}],"version-history":[{"count":1,"href":"https:\/\/seic.com.co\/index.php\/wp-json\/wp\/v2\/product\/4335\/revisions"}],"predecessor-version":[{"id":4505,"href":"https:\/\/seic.com.co\/index.php\/wp-json\/wp\/v2\/product\/4335\/revisions\/4505"}],"wp:featuredmedia":[{"embeddable":true,"href":"https:\/\/seic.com.co\/index.php\/wp-json\/wp\/v2\/media\/2917"}],"wp:attachment":[{"href":"https:\/\/seic.com.co\/index.php\/wp-json\/wp\/v2\/media?parent=4335"}],"wp:term":[{"taxonomy":"pwb-brand","embeddable":true,"href":"https:\/\/seic.com.co\/index.php\/wp-json\/wp\/v2\/pwb-brand?post=4335"},{"taxonomy":"brand","embeddable":true,"href":"https:\/\/seic.com.co\/index.php\/wp-json\/wp\/v2\/etheme_brands?post=4335"},{"taxonomy":"product_brand","embeddable":true,"href":"https:\/\/seic.com.co\/index.php\/wp-json\/wp\/v2\/product_brand?post=4335"},{"taxonomy":"product_cat","embeddable":true,"href":"https:\/\/seic.com.co\/index.php\/wp-json\/wp\/v2\/product_cat?post=4335"},{"taxonomy":"product_tag","embeddable":true,"href":"https:\/\/seic.com.co\/index.php\/wp-json\/wp\/v2\/product_tag?post=4335"}],"curies":[{"name":"wp","href":"https:\/\/api.w.org\/{rel}","templated":true}]}}