{"id":4337,"date":"2023-08-16T17:16:24","date_gmt":"2023-08-16T17:16:24","guid":{"rendered":"https:\/\/seic.com.co\/index.php\/product\/z109reg\/"},"modified":"2023-08-22T19:36:06","modified_gmt":"2023-08-22T19:36:06","slug":"z109reg","status":"publish","type":"product","link":"https:\/\/seic.com.co\/index.php\/product\/z109reg\/","title":{"rendered":"Convertidor universal Z109REG"},"content":{"rendered":"<p>Z109REG es un convertidor universal para entrada anal\u00f3gica: voltaje, corriente, termopares, PT100, potenci\u00f3metro. Z109REG asegura sensor alimentado por t\u00e9cnica de 2 hilos: 20Vcc estabilizado, 20mA max con protecci\u00f3n contra cortocircuito. El m\u00f3dulo garantiza medida y retransmisi\u00f3n en salida anal\u00f3gica aislada, con salida de tensi\u00f3n y corriente. El tipo de entrada, el cero y el intervalo, el modo de salida (elevaci\u00f3n del cero, inversi\u00f3n de escala), el intervalo de tensi\u00f3n de salida (5 o 10 V) se pueden configurar mediante el interruptor DIP. Por PC son configurables: cero, intervalo, extracci\u00f3n de ra\u00edz cuadrada, filtro, quemado y otros par\u00e1metros.<\/p>\n","protected":false},"excerpt":{"rendered":"<p>Convertidor universal anal\u00f3gico con aislamiento galv\u00e1nico<\/p>\n","protected":false},"featured_media":2919,"comment_status":"open","ping_status":"closed","template":"","meta":[],"pwb-brand":[663],"etheme_brands":[{"term_id":162,"name":"SENECA","slug":"seneca","term_group":0,"term_taxonomy_id":162,"taxonomy":"brand","description":"","parent":0,"count":167,"filter":"raw"}],"product_brand":[],"product_cat":[658],"product_tag":[236,255,387,231,127,54,386,256,531],"class_list":{"0":"post-4337","1":"product","2":"type-product","3":"status-publish","4":"has-post-thumbnail","6":"pwb-brand-seneca","7":"brand-seneca","8":"product_cat-convertidor-analogico-universal","9":"product_tag-convertidor","10":"product_tag-corriente","11":"product_tag-potenciometro","12":"product_tag-pt100","13":"product_tag-seic","14":"product_tag-seneca","15":"product_tag-termopares","16":"product_tag-voltaje","17":"product_tag-z109reg","19":"first","20":"instock","21":"taxable","22":"shipping-taxable","23":"purchasable","24":"product-type-simple"},"brands":[{"id":663,"name":"SENECA","slug":"seneca"}],"_links":{"self":[{"href":"https:\/\/seic.com.co\/index.php\/wp-json\/wp\/v2\/product\/4337","targetHints":{"allow":["GET"]}}],"collection":[{"href":"https:\/\/seic.com.co\/index.php\/wp-json\/wp\/v2\/product"}],"about":[{"href":"https:\/\/seic.com.co\/index.php\/wp-json\/wp\/v2\/types\/product"}],"replies":[{"embeddable":true,"href":"https:\/\/seic.com.co\/index.php\/wp-json\/wp\/v2\/comments?post=4337"}],"version-history":[{"count":1,"href":"https:\/\/seic.com.co\/index.php\/wp-json\/wp\/v2\/product\/4337\/revisions"}],"predecessor-version":[{"id":4507,"href":"https:\/\/seic.com.co\/index.php\/wp-json\/wp\/v2\/product\/4337\/revisions\/4507"}],"wp:featuredmedia":[{"embeddable":true,"href":"https:\/\/seic.com.co\/index.php\/wp-json\/wp\/v2\/media\/2919"}],"wp:attachment":[{"href":"https:\/\/seic.com.co\/index.php\/wp-json\/wp\/v2\/media?parent=4337"}],"wp:term":[{"taxonomy":"pwb-brand","embeddable":true,"href":"https:\/\/seic.com.co\/index.php\/wp-json\/wp\/v2\/pwb-brand?post=4337"},{"taxonomy":"brand","embeddable":true,"href":"https:\/\/seic.com.co\/index.php\/wp-json\/wp\/v2\/etheme_brands?post=4337"},{"taxonomy":"product_brand","embeddable":true,"href":"https:\/\/seic.com.co\/index.php\/wp-json\/wp\/v2\/product_brand?post=4337"},{"taxonomy":"product_cat","embeddable":true,"href":"https:\/\/seic.com.co\/index.php\/wp-json\/wp\/v2\/product_cat?post=4337"},{"taxonomy":"product_tag","embeddable":true,"href":"https:\/\/seic.com.co\/index.php\/wp-json\/wp\/v2\/product_tag?post=4337"}],"curies":[{"name":"wp","href":"https:\/\/api.w.org\/{rel}","templated":true}]}}