{"id":4339,"date":"2023-08-16T17:16:25","date_gmt":"2023-08-16T17:16:25","guid":{"rendered":"https:\/\/seic.com.co\/index.php\/product\/z109reg2-h\/"},"modified":"2023-08-22T19:36:06","modified_gmt":"2023-08-22T19:36:06","slug":"z109reg2-h","status":"publish","type":"product","link":"https:\/\/seic.com.co\/index.php\/product\/z109reg2-h\/","title":{"rendered":"Convertidor universal Z109REG2-H"},"content":{"rendered":"<p>Z109REG2 es un convertidor universal avanzado capaz de gestionar todas las se\u00f1ales anal\u00f3gicas (mA, V, PT100, Pt1000, Pt500, Ni100, TCs, Ohm) y convertirlas\/aislarlas en se\u00f1ales est\u00e1ndar mA\/V. El dispositivo se puede configurar a trav\u00e9s de interruptores DIP, software de PC o dispositivo port\u00e1til. Un contacto digital est\u00e1 disponible como ALARMA o ESTROBOSCOPIO (multiplexaci\u00f3n). Se puede solicitar con alimentaci\u00f3n baja o alta. Un aislamiento galv\u00e1nico de 3 v\u00edas entre los circuitos de fuente de alimentaci\u00f3n \/\/ entrada \/\/ salida asegura la integridad de sus datos.<\/p>\n","protected":false},"excerpt":{"rendered":"<p>Convertidor universal de alto rendimiento, 85-265 Vac\/dc<\/p>\n","protected":false},"featured_media":2921,"comment_status":"open","ping_status":"closed","template":"","meta":[],"pwb-brand":[663],"etheme_brands":[{"term_id":162,"name":"SENECA","slug":"seneca","term_group":0,"term_taxonomy_id":162,"taxonomy":"brand","description":"","parent":0,"count":167,"filter":"raw"}],"product_brand":[],"product_cat":[658],"product_tag":[236,255,387,231,127,54,386,256,533],"class_list":{"0":"post-4339","1":"product","2":"type-product","3":"status-publish","4":"has-post-thumbnail","6":"pwb-brand-seneca","7":"brand-seneca","8":"product_cat-convertidor-analogico-universal","9":"product_tag-convertidor","10":"product_tag-corriente","11":"product_tag-potenciometro","12":"product_tag-pt100","13":"product_tag-seic","14":"product_tag-seneca","15":"product_tag-termopares","16":"product_tag-voltaje","17":"product_tag-z109reg2-h","19":"first","20":"instock","21":"taxable","22":"shipping-taxable","23":"purchasable","24":"product-type-simple"},"brands":[{"id":663,"name":"SENECA","slug":"seneca"}],"_links":{"self":[{"href":"https:\/\/seic.com.co\/index.php\/wp-json\/wp\/v2\/product\/4339","targetHints":{"allow":["GET"]}}],"collection":[{"href":"https:\/\/seic.com.co\/index.php\/wp-json\/wp\/v2\/product"}],"about":[{"href":"https:\/\/seic.com.co\/index.php\/wp-json\/wp\/v2\/types\/product"}],"replies":[{"embeddable":true,"href":"https:\/\/seic.com.co\/index.php\/wp-json\/wp\/v2\/comments?post=4339"}],"version-history":[{"count":1,"href":"https:\/\/seic.com.co\/index.php\/wp-json\/wp\/v2\/product\/4339\/revisions"}],"predecessor-version":[{"id":4509,"href":"https:\/\/seic.com.co\/index.php\/wp-json\/wp\/v2\/product\/4339\/revisions\/4509"}],"wp:featuredmedia":[{"embeddable":true,"href":"https:\/\/seic.com.co\/index.php\/wp-json\/wp\/v2\/media\/2921"}],"wp:attachment":[{"href":"https:\/\/seic.com.co\/index.php\/wp-json\/wp\/v2\/media?parent=4339"}],"wp:term":[{"taxonomy":"pwb-brand","embeddable":true,"href":"https:\/\/seic.com.co\/index.php\/wp-json\/wp\/v2\/pwb-brand?post=4339"},{"taxonomy":"brand","embeddable":true,"href":"https:\/\/seic.com.co\/index.php\/wp-json\/wp\/v2\/etheme_brands?post=4339"},{"taxonomy":"product_brand","embeddable":true,"href":"https:\/\/seic.com.co\/index.php\/wp-json\/wp\/v2\/product_brand?post=4339"},{"taxonomy":"product_cat","embeddable":true,"href":"https:\/\/seic.com.co\/index.php\/wp-json\/wp\/v2\/product_cat?post=4339"},{"taxonomy":"product_tag","embeddable":true,"href":"https:\/\/seic.com.co\/index.php\/wp-json\/wp\/v2\/product_tag?post=4339"}],"curies":[{"name":"wp","href":"https:\/\/api.w.org\/{rel}","templated":true}]}}