{"id":4340,"date":"2023-08-16T17:16:25","date_gmt":"2023-08-16T17:16:25","guid":{"rendered":"https:\/\/seic.com.co\/index.php\/product\/z109reg-bp\/"},"modified":"2023-08-22T19:36:06","modified_gmt":"2023-08-22T19:36:06","slug":"z109reg-bp","status":"publish","type":"product","link":"https:\/\/seic.com.co\/index.php\/product\/z109reg-bp\/","title":{"rendered":"Convertidor universal Z109REG-BP"},"content":{"rendered":"<p>Z109REG-BP es un convertidor de se\u00f1al con entrada universal: tensi\u00f3n (mV), corriente (mA), termopares TC, termorresistencias RTD, potenci\u00f3metro, re\u00f3stato, NTC. El m\u00f3dulo ofrece medida y retransmisi\u00f3n en salida bipolar anal\u00f3gica aislada, con salida de tensi\u00f3n. Mediante DIP-switch se pueden seleccionar: tipo de entrada (start-end), modo de salida (cota cero, inversi\u00f3n de escala), tipo de tensi\u00f3n de salida (mA o V). A trav\u00e9s del conector frontal mini USB, Z109REG-BP se puede programar por PC: escala de inicio-fin, tipos de entrada adicionales, extracci\u00f3n de ra\u00edz cuadrada, filtro, quemado, etc.<\/p>\n","protected":false},"excerpt":{"rendered":"<p>Convertidor universal con salida bipolar mA\/V<\/p>\n","protected":false},"featured_media":2922,"comment_status":"open","ping_status":"closed","template":"","meta":[],"pwb-brand":[663],"etheme_brands":[{"term_id":162,"name":"SENECA","slug":"seneca","term_group":0,"term_taxonomy_id":162,"taxonomy":"brand","description":"","parent":0,"count":167,"filter":"raw"}],"product_brand":[],"product_cat":[658],"product_tag":[236,255,387,231,127,54,386,256,534],"class_list":{"0":"post-4340","1":"product","2":"type-product","3":"status-publish","4":"has-post-thumbnail","6":"pwb-brand-seneca","7":"brand-seneca","8":"product_cat-convertidor-analogico-universal","9":"product_tag-convertidor","10":"product_tag-corriente","11":"product_tag-potenciometro","12":"product_tag-pt100","13":"product_tag-seic","14":"product_tag-seneca","15":"product_tag-termopares","16":"product_tag-voltaje","17":"product_tag-z109reg-bp","19":"first","20":"instock","21":"taxable","22":"shipping-taxable","23":"purchasable","24":"product-type-simple"},"brands":[{"id":663,"name":"SENECA","slug":"seneca"}],"_links":{"self":[{"href":"https:\/\/seic.com.co\/index.php\/wp-json\/wp\/v2\/product\/4340","targetHints":{"allow":["GET"]}}],"collection":[{"href":"https:\/\/seic.com.co\/index.php\/wp-json\/wp\/v2\/product"}],"about":[{"href":"https:\/\/seic.com.co\/index.php\/wp-json\/wp\/v2\/types\/product"}],"replies":[{"embeddable":true,"href":"https:\/\/seic.com.co\/index.php\/wp-json\/wp\/v2\/comments?post=4340"}],"version-history":[{"count":1,"href":"https:\/\/seic.com.co\/index.php\/wp-json\/wp\/v2\/product\/4340\/revisions"}],"predecessor-version":[{"id":4510,"href":"https:\/\/seic.com.co\/index.php\/wp-json\/wp\/v2\/product\/4340\/revisions\/4510"}],"wp:featuredmedia":[{"embeddable":true,"href":"https:\/\/seic.com.co\/index.php\/wp-json\/wp\/v2\/media\/2922"}],"wp:attachment":[{"href":"https:\/\/seic.com.co\/index.php\/wp-json\/wp\/v2\/media?parent=4340"}],"wp:term":[{"taxonomy":"pwb-brand","embeddable":true,"href":"https:\/\/seic.com.co\/index.php\/wp-json\/wp\/v2\/pwb-brand?post=4340"},{"taxonomy":"brand","embeddable":true,"href":"https:\/\/seic.com.co\/index.php\/wp-json\/wp\/v2\/etheme_brands?post=4340"},{"taxonomy":"product_brand","embeddable":true,"href":"https:\/\/seic.com.co\/index.php\/wp-json\/wp\/v2\/product_brand?post=4340"},{"taxonomy":"product_cat","embeddable":true,"href":"https:\/\/seic.com.co\/index.php\/wp-json\/wp\/v2\/product_cat?post=4340"},{"taxonomy":"product_tag","embeddable":true,"href":"https:\/\/seic.com.co\/index.php\/wp-json\/wp\/v2\/product_tag?post=4340"}],"curies":[{"name":"wp","href":"https:\/\/api.w.org\/{rel}","templated":true}]}}