{"id":4342,"date":"2023-08-16T17:16:25","date_gmt":"2023-08-16T17:16:25","guid":{"rendered":"https:\/\/seic.com.co\/index.php\/product\/z109s-di\/"},"modified":"2023-08-22T19:36:06","modified_gmt":"2023-08-22T19:36:06","slug":"z109s-di","status":"publish","type":"product","link":"https:\/\/seic.com.co\/index.php\/product\/z109s-di\/","title":{"rendered":"Aislador Z109S-DI"},"content":{"rendered":"<p>El m\u00f3dulo Z109S-DI es una fuente de alimentaci\u00f3n con aislador galv\u00e1nico para el bucle de corriente. Convierte una se\u00f1al de entrada en corriente en el rango 0\/4..20mA y realiza la medida y retransmisi\u00f3n de la se\u00f1al en una salida anal\u00f3gica aislada en el rango 0\/4 &#8211; 20 mA. El m\u00f3dulo puede alimentar un sensor de 2 hilos con tensi\u00f3n estabilizada de 20 V y corriente m\u00e1xima de 20 mA protegida contra cortocircuito. El aislamiento galv\u00e1nico de 3 v\u00edas alcanza los 3.500 Vac equivalentes a una tensi\u00f3n de pulso de 6,4 kV. Z109S-DI es muy \u00fatil en aplicaciones del sector energ\u00e9tico.<\/p>\n","protected":false},"excerpt":{"rendered":"<p>Aislador de corriente de amplio rango de CC para bucles de 0\/4 a 20 mA<\/p>\n","protected":false},"featured_media":2924,"comment_status":"open","ping_status":"closed","template":"","meta":[],"pwb-brand":[663],"etheme_brands":[{"term_id":162,"name":"SENECA","slug":"seneca","term_group":0,"term_taxonomy_id":162,"taxonomy":"brand","description":"","parent":0,"count":167,"filter":"raw"}],"product_brand":[],"product_cat":[658],"product_tag":[250,255,345,127,54,536],"class_list":{"0":"post-4342","1":"product","2":"type-product","3":"status-publish","4":"has-post-thumbnail","6":"pwb-brand-seneca","7":"brand-seneca","8":"product_cat-convertidor-analogico-universal","9":"product_tag-aislador","10":"product_tag-corriente","11":"product_tag-galvanico","12":"product_tag-seic","13":"product_tag-seneca","14":"product_tag-z109s-di","16":"first","17":"instock","18":"taxable","19":"shipping-taxable","20":"purchasable","21":"product-type-simple"},"brands":[{"id":663,"name":"SENECA","slug":"seneca"}],"_links":{"self":[{"href":"https:\/\/seic.com.co\/index.php\/wp-json\/wp\/v2\/product\/4342","targetHints":{"allow":["GET"]}}],"collection":[{"href":"https:\/\/seic.com.co\/index.php\/wp-json\/wp\/v2\/product"}],"about":[{"href":"https:\/\/seic.com.co\/index.php\/wp-json\/wp\/v2\/types\/product"}],"replies":[{"embeddable":true,"href":"https:\/\/seic.com.co\/index.php\/wp-json\/wp\/v2\/comments?post=4342"}],"version-history":[{"count":1,"href":"https:\/\/seic.com.co\/index.php\/wp-json\/wp\/v2\/product\/4342\/revisions"}],"predecessor-version":[{"id":4512,"href":"https:\/\/seic.com.co\/index.php\/wp-json\/wp\/v2\/product\/4342\/revisions\/4512"}],"wp:featuredmedia":[{"embeddable":true,"href":"https:\/\/seic.com.co\/index.php\/wp-json\/wp\/v2\/media\/2924"}],"wp:attachment":[{"href":"https:\/\/seic.com.co\/index.php\/wp-json\/wp\/v2\/media?parent=4342"}],"wp:term":[{"taxonomy":"pwb-brand","embeddable":true,"href":"https:\/\/seic.com.co\/index.php\/wp-json\/wp\/v2\/pwb-brand?post=4342"},{"taxonomy":"brand","embeddable":true,"href":"https:\/\/seic.com.co\/index.php\/wp-json\/wp\/v2\/etheme_brands?post=4342"},{"taxonomy":"product_brand","embeddable":true,"href":"https:\/\/seic.com.co\/index.php\/wp-json\/wp\/v2\/product_brand?post=4342"},{"taxonomy":"product_cat","embeddable":true,"href":"https:\/\/seic.com.co\/index.php\/wp-json\/wp\/v2\/product_cat?post=4342"},{"taxonomy":"product_tag","embeddable":true,"href":"https:\/\/seic.com.co\/index.php\/wp-json\/wp\/v2\/product_tag?post=4342"}],"curies":[{"name":"wp","href":"https:\/\/api.w.org\/{rel}","templated":true}]}}