{"id":4346,"date":"2023-08-16T17:16:26","date_gmt":"2023-08-16T17:16:26","guid":{"rendered":"https:\/\/seic.com.co\/index.php\/product\/z-10-d-out\/"},"modified":"2023-08-22T19:36:06","modified_gmt":"2023-08-22T19:36:06","slug":"z-10-d-out","status":"publish","type":"product","link":"https:\/\/seic.com.co\/index.php\/product\/z-10-d-out\/","title":{"rendered":"M\u00f3dulo Z-10-D-OUT"},"content":{"rendered":"<p>El Z-10-D-OUT se utiliza para controlar los MOSFET N.10 de todos los sistemas de control que pueden comunicarse con el protocolo de transmisi\u00f3n MODBUS RTU a trav\u00e9s de la interfaz serial RS485. La carga m\u00e1xima de la salida digital es de 0,5 A (inductiva) y 0,5 A (resistiva) con una frecuencia m\u00e1xima de ciclo de encendido\/apagado de 2 ciclos\/segundo. El m\u00f3dulo es ModBUS Slave y se puede acoplar con cualquier dispositivo ModBUS Master. Un aislamiento galv\u00e1nico de 3 v\u00edas entre la fuente de alimentaci\u00f3n \/\/ salida \/\/ circuitos RS485 asegura la integridad de sus datos.<\/p>\n","protected":false},"excerpt":{"rendered":"<p>M\u00f3dulo de salida digital de 10 canales \/ RS485 ModBUS TU<\/p>\n","protected":false},"featured_media":2927,"comment_status":"open","ping_status":"closed","template":"","meta":[],"pwb-brand":[663],"etheme_brands":[],"product_brand":[],"product_cat":[645],"product_tag":[95,542,222,543,127,54,541],"class_list":{"0":"post-4346","1":"product","2":"type-product","3":"status-publish","4":"has-post-thumbnail","6":"pwb-brand-seneca","7":"product_cat-modulos-e-s-modbus-rtu","8":"product_tag-modbus","9":"product_tag-mosfet","10":"product_tag-rs485","11":"product_tag-rtu","12":"product_tag-seic","13":"product_tag-seneca","14":"product_tag-z-10-d-salida","16":"first","17":"instock","18":"taxable","19":"shipping-taxable","20":"purchasable","21":"product-type-simple"},"brands":[{"id":663,"name":"SENECA","slug":"seneca"}],"_links":{"self":[{"href":"https:\/\/seic.com.co\/index.php\/wp-json\/wp\/v2\/product\/4346","targetHints":{"allow":["GET"]}}],"collection":[{"href":"https:\/\/seic.com.co\/index.php\/wp-json\/wp\/v2\/product"}],"about":[{"href":"https:\/\/seic.com.co\/index.php\/wp-json\/wp\/v2\/types\/product"}],"replies":[{"embeddable":true,"href":"https:\/\/seic.com.co\/index.php\/wp-json\/wp\/v2\/comments?post=4346"}],"version-history":[{"count":1,"href":"https:\/\/seic.com.co\/index.php\/wp-json\/wp\/v2\/product\/4346\/revisions"}],"predecessor-version":[{"id":4516,"href":"https:\/\/seic.com.co\/index.php\/wp-json\/wp\/v2\/product\/4346\/revisions\/4516"}],"wp:featuredmedia":[{"embeddable":true,"href":"https:\/\/seic.com.co\/index.php\/wp-json\/wp\/v2\/media\/2927"}],"wp:attachment":[{"href":"https:\/\/seic.com.co\/index.php\/wp-json\/wp\/v2\/media?parent=4346"}],"wp:term":[{"taxonomy":"pwb-brand","embeddable":true,"href":"https:\/\/seic.com.co\/index.php\/wp-json\/wp\/v2\/pwb-brand?post=4346"},{"taxonomy":"brand","embeddable":true,"href":"https:\/\/seic.com.co\/index.php\/wp-json\/wp\/v2\/etheme_brands?post=4346"},{"taxonomy":"product_brand","embeddable":true,"href":"https:\/\/seic.com.co\/index.php\/wp-json\/wp\/v2\/product_brand?post=4346"},{"taxonomy":"product_cat","embeddable":true,"href":"https:\/\/seic.com.co\/index.php\/wp-json\/wp\/v2\/product_cat?post=4346"},{"taxonomy":"product_tag","embeddable":true,"href":"https:\/\/seic.com.co\/index.php\/wp-json\/wp\/v2\/product_tag?post=4346"}],"curies":[{"name":"wp","href":"https:\/\/api.w.org\/{rel}","templated":true}]}}