{"id":4348,"date":"2023-08-16T17:16:26","date_gmt":"2023-08-16T17:16:26","guid":{"rendered":"https:\/\/seic.com.co\/index.php\/product\/z110s\/"},"modified":"2023-08-22T19:36:07","modified_gmt":"2023-08-22T19:36:07","slug":"z110s","status":"publish","type":"product","link":"https:\/\/seic.com.co\/index.php\/product\/z110s\/","title":{"rendered":"Aislador Z110S"},"content":{"rendered":"<p>Z110 es un aislador de 4..20mA alimentado a trav\u00e9s del lazo de entrada. No requiere ninguna fuente de alimentaci\u00f3n auxiliar. Z110 est\u00e1 disponible en dos versiones diferentes: Z110S (monocanal) o Z110D (doble canal). Un aislamiento galv\u00e1nico bidireccional entre los circuitos de entrada\/salida asegura la integridad de sus datos.<\/p>\n","protected":false},"excerpt":{"rendered":"<p>Aislador de corriente CC (autoalimentado) monocanal<\/p>\n","protected":false},"featured_media":2928,"comment_status":"open","ping_status":"closed","template":"","meta":[],"pwb-brand":[663],"etheme_brands":[{"term_id":162,"name":"SENECA","slug":"seneca","term_group":0,"term_taxonomy_id":162,"taxonomy":"brand","description":"","parent":0,"count":167,"filter":"raw"}],"product_brand":[],"product_cat":[658],"product_tag":[250,255,547,127,54,546],"class_list":{"0":"post-4348","1":"product","2":"type-product","3":"status-publish","4":"has-post-thumbnail","6":"pwb-brand-seneca","7":"brand-seneca","8":"product_cat-convertidor-analogico-universal","9":"product_tag-aislador","10":"product_tag-corriente","11":"product_tag-monocanal","12":"product_tag-seic","13":"product_tag-seneca","14":"product_tag-z110s","16":"first","17":"instock","18":"taxable","19":"shipping-taxable","20":"purchasable","21":"product-type-simple"},"brands":[{"id":663,"name":"SENECA","slug":"seneca"}],"_links":{"self":[{"href":"https:\/\/seic.com.co\/index.php\/wp-json\/wp\/v2\/product\/4348","targetHints":{"allow":["GET"]}}],"collection":[{"href":"https:\/\/seic.com.co\/index.php\/wp-json\/wp\/v2\/product"}],"about":[{"href":"https:\/\/seic.com.co\/index.php\/wp-json\/wp\/v2\/types\/product"}],"replies":[{"embeddable":true,"href":"https:\/\/seic.com.co\/index.php\/wp-json\/wp\/v2\/comments?post=4348"}],"version-history":[{"count":1,"href":"https:\/\/seic.com.co\/index.php\/wp-json\/wp\/v2\/product\/4348\/revisions"}],"predecessor-version":[{"id":4518,"href":"https:\/\/seic.com.co\/index.php\/wp-json\/wp\/v2\/product\/4348\/revisions\/4518"}],"wp:featuredmedia":[{"embeddable":true,"href":"https:\/\/seic.com.co\/index.php\/wp-json\/wp\/v2\/media\/2928"}],"wp:attachment":[{"href":"https:\/\/seic.com.co\/index.php\/wp-json\/wp\/v2\/media?parent=4348"}],"wp:term":[{"taxonomy":"pwb-brand","embeddable":true,"href":"https:\/\/seic.com.co\/index.php\/wp-json\/wp\/v2\/pwb-brand?post=4348"},{"taxonomy":"brand","embeddable":true,"href":"https:\/\/seic.com.co\/index.php\/wp-json\/wp\/v2\/etheme_brands?post=4348"},{"taxonomy":"product_brand","embeddable":true,"href":"https:\/\/seic.com.co\/index.php\/wp-json\/wp\/v2\/product_brand?post=4348"},{"taxonomy":"product_cat","embeddable":true,"href":"https:\/\/seic.com.co\/index.php\/wp-json\/wp\/v2\/product_cat?post=4348"},{"taxonomy":"product_tag","embeddable":true,"href":"https:\/\/seic.com.co\/index.php\/wp-json\/wp\/v2\/product_tag?post=4348"}],"curies":[{"name":"wp","href":"https:\/\/api.w.org\/{rel}","templated":true}]}}