{"id":4349,"date":"2023-08-16T17:16:26","date_gmt":"2023-08-16T17:16:26","guid":{"rendered":"https:\/\/seic.com.co\/index.php\/product\/z111\/"},"modified":"2023-08-22T19:36:07","modified_gmt":"2023-08-22T19:36:07","slug":"z111","status":"publish","type":"product","link":"https:\/\/seic.com.co\/index.php\/product\/z111\/","title":{"rendered":"Convertidor Z111"},"content":{"rendered":"<p>Z111 permite una conversi\u00f3n de una se\u00f1al de frecuencia y proporciona una se\u00f1al de salida est\u00e1ndar mA\/V. La entrada es programable en un rango de 1 MHz a 9,99 KHz. Es completamente configurable a trav\u00e9s de interruptores DIP. Un aislamiento galv\u00e1nico de 3 v\u00edas entre los circuitos de fuente de alimentaci\u00f3n \/\/ entrada \/\/ salida asegura la integridad de sus datos.<\/p>\n","protected":false},"excerpt":{"rendered":"<p>Convertidor\/aislador de frecuencia a CC<\/p>\n","protected":false},"featured_media":2929,"comment_status":"open","ping_status":"closed","template":"","meta":[],"pwb-brand":[663],"etheme_brands":[{"term_id":162,"name":"SENECA","slug":"seneca","term_group":0,"term_taxonomy_id":162,"taxonomy":"brand","description":"","parent":0,"count":167,"filter":"raw"}],"product_brand":[],"product_cat":[635],"product_tag":[235,549,127,54,256,548],"class_list":{"0":"post-4349","1":"product","2":"type-product","3":"status-publish","4":"has-post-thumbnail","6":"pwb-brand-seneca","7":"brand-seneca","8":"product_cat-convertidores-digitales","9":"product_tag-conversor","10":"product_tag-frecuencia","11":"product_tag-seic","12":"product_tag-seneca","13":"product_tag-voltaje","14":"product_tag-z111","16":"first","17":"instock","18":"taxable","19":"shipping-taxable","20":"purchasable","21":"product-type-simple"},"brands":[{"id":663,"name":"SENECA","slug":"seneca"}],"_links":{"self":[{"href":"https:\/\/seic.com.co\/index.php\/wp-json\/wp\/v2\/product\/4349","targetHints":{"allow":["GET"]}}],"collection":[{"href":"https:\/\/seic.com.co\/index.php\/wp-json\/wp\/v2\/product"}],"about":[{"href":"https:\/\/seic.com.co\/index.php\/wp-json\/wp\/v2\/types\/product"}],"replies":[{"embeddable":true,"href":"https:\/\/seic.com.co\/index.php\/wp-json\/wp\/v2\/comments?post=4349"}],"version-history":[{"count":1,"href":"https:\/\/seic.com.co\/index.php\/wp-json\/wp\/v2\/product\/4349\/revisions"}],"predecessor-version":[{"id":4519,"href":"https:\/\/seic.com.co\/index.php\/wp-json\/wp\/v2\/product\/4349\/revisions\/4519"}],"wp:featuredmedia":[{"embeddable":true,"href":"https:\/\/seic.com.co\/index.php\/wp-json\/wp\/v2\/media\/2929"}],"wp:attachment":[{"href":"https:\/\/seic.com.co\/index.php\/wp-json\/wp\/v2\/media?parent=4349"}],"wp:term":[{"taxonomy":"pwb-brand","embeddable":true,"href":"https:\/\/seic.com.co\/index.php\/wp-json\/wp\/v2\/pwb-brand?post=4349"},{"taxonomy":"brand","embeddable":true,"href":"https:\/\/seic.com.co\/index.php\/wp-json\/wp\/v2\/etheme_brands?post=4349"},{"taxonomy":"product_brand","embeddable":true,"href":"https:\/\/seic.com.co\/index.php\/wp-json\/wp\/v2\/product_brand?post=4349"},{"taxonomy":"product_cat","embeddable":true,"href":"https:\/\/seic.com.co\/index.php\/wp-json\/wp\/v2\/product_cat?post=4349"},{"taxonomy":"product_tag","embeddable":true,"href":"https:\/\/seic.com.co\/index.php\/wp-json\/wp\/v2\/product_tag?post=4349"}],"curies":[{"name":"wp","href":"https:\/\/api.w.org\/{rel}","templated":true}]}}