{"id":4352,"date":"2023-08-16T17:16:27","date_gmt":"2023-08-16T17:16:27","guid":{"rendered":"https:\/\/seic.com.co\/index.php\/product\/z113-1\/"},"modified":"2023-08-22T19:36:07","modified_gmt":"2023-08-22T19:36:07","slug":"z113-1","status":"publish","type":"product","link":"https:\/\/seic.com.co\/index.php\/product\/z113-1\/","title":{"rendered":"M\u00f3dulo Z113-1"},"content":{"rendered":"<p>Z113-1 es de doble umbral de alarma con entrada anal\u00f3gica universal y dos rel\u00e9s comunes SPST 3 A@ 250Vac, 3 A@ 30Vdc. La entrada se puede configurar como tensi\u00f3n, corriente, potenci\u00f3metro, termopares o termorresistencias. La entrada de corriente se puede configurar en modo pasivo o activo para proporcionar energ\u00eda al sensor. Z113-1 se puede programar por PC a trav\u00e9s de un conector frontal microUSB donde es posible configurar las dos salidas de alarma, el filtro de entrada, el rechazo y el burn-out. El aislamiento entre entrada y alimentaci\u00f3n es de 1500 Vac y 3000 Vac hacia las salidas. Los indicadores de estado del panel frontal est\u00e1n disponibles para encendido, fuera de rango\/error de quemado y la alarma para cada salida.<\/p>\n","protected":false},"excerpt":{"rendered":"<p>Doble umbral con entrada anal\u00f3gica universal<\/p>\n","protected":false},"featured_media":2932,"comment_status":"open","ping_status":"closed","template":"","meta":[],"pwb-brand":[663],"etheme_brands":[{"term_id":162,"name":"SENECA","slug":"seneca","term_group":0,"term_taxonomy_id":162,"taxonomy":"brand","description":"","parent":0,"count":167,"filter":"raw"}],"product_brand":[],"product_cat":[659],"product_tag":[553,255,387,274,127,54,385,386,554,552],"class_list":{"0":"post-4352","1":"product","2":"type-product","3":"status-publish","4":"has-post-thumbnail","6":"pwb-brand-seneca","7":"brand-seneca","8":"product_cat-convertidores-con-salida-de-rele","9":"product_tag-alarma","10":"product_tag-corriente","11":"product_tag-potenciometro","12":"product_tag-rtd","13":"product_tag-seic","14":"product_tag-seneca","15":"product_tag-tension","16":"product_tag-termopares","17":"product_tag-umbral","18":"product_tag-z113-1","20":"first","21":"instock","22":"taxable","23":"shipping-taxable","24":"purchasable","25":"product-type-simple"},"brands":[{"id":663,"name":"SENECA","slug":"seneca"}],"_links":{"self":[{"href":"https:\/\/seic.com.co\/index.php\/wp-json\/wp\/v2\/product\/4352","targetHints":{"allow":["GET"]}}],"collection":[{"href":"https:\/\/seic.com.co\/index.php\/wp-json\/wp\/v2\/product"}],"about":[{"href":"https:\/\/seic.com.co\/index.php\/wp-json\/wp\/v2\/types\/product"}],"replies":[{"embeddable":true,"href":"https:\/\/seic.com.co\/index.php\/wp-json\/wp\/v2\/comments?post=4352"}],"version-history":[{"count":1,"href":"https:\/\/seic.com.co\/index.php\/wp-json\/wp\/v2\/product\/4352\/revisions"}],"predecessor-version":[{"id":4522,"href":"https:\/\/seic.com.co\/index.php\/wp-json\/wp\/v2\/product\/4352\/revisions\/4522"}],"wp:featuredmedia":[{"embeddable":true,"href":"https:\/\/seic.com.co\/index.php\/wp-json\/wp\/v2\/media\/2932"}],"wp:attachment":[{"href":"https:\/\/seic.com.co\/index.php\/wp-json\/wp\/v2\/media?parent=4352"}],"wp:term":[{"taxonomy":"pwb-brand","embeddable":true,"href":"https:\/\/seic.com.co\/index.php\/wp-json\/wp\/v2\/pwb-brand?post=4352"},{"taxonomy":"brand","embeddable":true,"href":"https:\/\/seic.com.co\/index.php\/wp-json\/wp\/v2\/etheme_brands?post=4352"},{"taxonomy":"product_brand","embeddable":true,"href":"https:\/\/seic.com.co\/index.php\/wp-json\/wp\/v2\/product_brand?post=4352"},{"taxonomy":"product_cat","embeddable":true,"href":"https:\/\/seic.com.co\/index.php\/wp-json\/wp\/v2\/product_cat?post=4352"},{"taxonomy":"product_tag","embeddable":true,"href":"https:\/\/seic.com.co\/index.php\/wp-json\/wp\/v2\/product_tag?post=4352"}],"curies":[{"name":"wp","href":"https:\/\/api.w.org\/{rel}","templated":true}]}}