{"id":4353,"date":"2023-08-16T17:16:27","date_gmt":"2023-08-16T17:16:27","guid":{"rendered":"https:\/\/seic.com.co\/index.php\/product\/z170reg-1\/"},"modified":"2023-08-22T19:36:07","modified_gmt":"2023-08-22T19:36:07","slug":"z170reg-1","status":"publish","type":"product","link":"https:\/\/seic.com.co\/index.php\/product\/z170reg-1\/","title":{"rendered":"M\u00f3dulo Z170REG-1"},"content":{"rendered":"<p>Z170REG-1 permite convertir y duplicar una se\u00f1al anal\u00f3gica (mA, V, PT100, Pt1000, Pt500, Ni100, TCs, Ohm) por 2 salidas independientes (mA o V). Dispone tambi\u00e9n de dip switches para configurar los rangos de entrada\/salida disponibles. La fuente de alimentaci\u00f3n auxiliar permite tambi\u00e9n conexiones activas o pasivas en el lado de salida. Un aislamiento galv\u00e1nico de 4 v\u00edas entre los circuitos de fuente de alimentaci\u00f3n \/\/ entrada \/\/ salida1 \/\/ salida2 asegura la integridad de sus datos.<\/p>\n","protected":false},"excerpt":{"rendered":"<p>DC duplicador \/ aislador prog. A trav\u00e9s de MicroUSB\/Aplicaci\u00f3n<\/p>\n","protected":false},"featured_media":2933,"comment_status":"open","ping_status":"closed","template":"","meta":[],"pwb-brand":[663],"etheme_brands":[{"term_id":162,"name":"SENECA","slug":"seneca","term_group":0,"term_taxonomy_id":162,"taxonomy":"brand","description":"","parent":0,"count":167,"filter":"raw"}],"product_brand":[],"product_cat":[658],"product_tag":[556,255,244,231,274,127,54,208,256,555],"class_list":{"0":"post-4353","1":"product","2":"type-product","3":"status-publish","4":"has-post-thumbnail","6":"pwb-brand-seneca","7":"brand-seneca","8":"product_cat-convertidor-analogico-universal","9":"product_tag-app","10":"product_tag-corriente","11":"product_tag-duplicador","12":"product_tag-pt100","13":"product_tag-rtd","14":"product_tag-seic","15":"product_tag-seneca","16":"product_tag-usb","17":"product_tag-voltaje","18":"product_tag-z170reg-1","20":"first","21":"instock","22":"taxable","23":"shipping-taxable","24":"purchasable","25":"product-type-simple"},"brands":[{"id":663,"name":"SENECA","slug":"seneca"}],"_links":{"self":[{"href":"https:\/\/seic.com.co\/index.php\/wp-json\/wp\/v2\/product\/4353","targetHints":{"allow":["GET"]}}],"collection":[{"href":"https:\/\/seic.com.co\/index.php\/wp-json\/wp\/v2\/product"}],"about":[{"href":"https:\/\/seic.com.co\/index.php\/wp-json\/wp\/v2\/types\/product"}],"replies":[{"embeddable":true,"href":"https:\/\/seic.com.co\/index.php\/wp-json\/wp\/v2\/comments?post=4353"}],"version-history":[{"count":1,"href":"https:\/\/seic.com.co\/index.php\/wp-json\/wp\/v2\/product\/4353\/revisions"}],"predecessor-version":[{"id":4523,"href":"https:\/\/seic.com.co\/index.php\/wp-json\/wp\/v2\/product\/4353\/revisions\/4523"}],"wp:featuredmedia":[{"embeddable":true,"href":"https:\/\/seic.com.co\/index.php\/wp-json\/wp\/v2\/media\/2933"}],"wp:attachment":[{"href":"https:\/\/seic.com.co\/index.php\/wp-json\/wp\/v2\/media?parent=4353"}],"wp:term":[{"taxonomy":"pwb-brand","embeddable":true,"href":"https:\/\/seic.com.co\/index.php\/wp-json\/wp\/v2\/pwb-brand?post=4353"},{"taxonomy":"brand","embeddable":true,"href":"https:\/\/seic.com.co\/index.php\/wp-json\/wp\/v2\/etheme_brands?post=4353"},{"taxonomy":"product_brand","embeddable":true,"href":"https:\/\/seic.com.co\/index.php\/wp-json\/wp\/v2\/product_brand?post=4353"},{"taxonomy":"product_cat","embeddable":true,"href":"https:\/\/seic.com.co\/index.php\/wp-json\/wp\/v2\/product_cat?post=4353"},{"taxonomy":"product_tag","embeddable":true,"href":"https:\/\/seic.com.co\/index.php\/wp-json\/wp\/v2\/product_tag?post=4353"}],"curies":[{"name":"wp","href":"https:\/\/api.w.org\/{rel}","templated":true}]}}