{"id":4354,"date":"2023-08-16T17:16:27","date_gmt":"2023-08-16T17:16:27","guid":{"rendered":"https:\/\/seic.com.co\/index.php\/product\/z190\/"},"modified":"2023-08-22T19:36:07","modified_gmt":"2023-08-22T19:36:07","slug":"z190","status":"publish","type":"product","link":"https:\/\/seic.com.co\/index.php\/product\/z190\/","title":{"rendered":"M\u00f3dulo Z190"},"content":{"rendered":"<p>Z190 permite realizar la suma o la resta de 2 se\u00f1ales anal\u00f3gicas (mA o V) y obtener la salida equivalente por una se\u00f1al anal\u00f3gica (mA o V). Las dos entradas tambi\u00e9n pueden tener diferente importancia. Dispone de dip switches para configurar los rangos de entrada\/salida disponibles. La fuente de alimentaci\u00f3n auxiliar permite tambi\u00e9n conexiones activas o pasivas en el lado de salida. Un aislamiento galv\u00e1nico de 3 v\u00edas entre los circuitos de fuente de alimentaci\u00f3n \/\/ entrada \/\/ salida asegura la integridad de sus datos.<\/p>\n","protected":false},"excerpt":{"rendered":"<p>Sumador\/restador de corriente\/voltaje CC<\/p>\n","protected":false},"featured_media":2934,"comment_status":"open","ping_status":"closed","template":"","meta":[],"pwb-brand":[663],"etheme_brands":[{"term_id":162,"name":"SENECA","slug":"seneca","term_group":0,"term_taxonomy_id":162,"taxonomy":"brand","description":"","parent":0,"count":167,"filter":"raw"}],"product_brand":[],"product_cat":[658],"product_tag":[559,127,54,558,557],"class_list":{"0":"post-4354","1":"product","2":"type-product","3":"status-publish","4":"has-post-thumbnail","6":"pwb-brand-seneca","7":"brand-seneca","8":"product_cat-convertidor-analogico-universal","9":"product_tag-restador-analogico","10":"product_tag-seic","11":"product_tag-seneca","12":"product_tag-sumador-analogico","13":"product_tag-z190","15":"first","16":"instock","17":"taxable","18":"shipping-taxable","19":"purchasable","20":"product-type-simple"},"brands":[{"id":663,"name":"SENECA","slug":"seneca"}],"_links":{"self":[{"href":"https:\/\/seic.com.co\/index.php\/wp-json\/wp\/v2\/product\/4354","targetHints":{"allow":["GET"]}}],"collection":[{"href":"https:\/\/seic.com.co\/index.php\/wp-json\/wp\/v2\/product"}],"about":[{"href":"https:\/\/seic.com.co\/index.php\/wp-json\/wp\/v2\/types\/product"}],"replies":[{"embeddable":true,"href":"https:\/\/seic.com.co\/index.php\/wp-json\/wp\/v2\/comments?post=4354"}],"version-history":[{"count":1,"href":"https:\/\/seic.com.co\/index.php\/wp-json\/wp\/v2\/product\/4354\/revisions"}],"predecessor-version":[{"id":4524,"href":"https:\/\/seic.com.co\/index.php\/wp-json\/wp\/v2\/product\/4354\/revisions\/4524"}],"wp:featuredmedia":[{"embeddable":true,"href":"https:\/\/seic.com.co\/index.php\/wp-json\/wp\/v2\/media\/2934"}],"wp:attachment":[{"href":"https:\/\/seic.com.co\/index.php\/wp-json\/wp\/v2\/media?parent=4354"}],"wp:term":[{"taxonomy":"pwb-brand","embeddable":true,"href":"https:\/\/seic.com.co\/index.php\/wp-json\/wp\/v2\/pwb-brand?post=4354"},{"taxonomy":"brand","embeddable":true,"href":"https:\/\/seic.com.co\/index.php\/wp-json\/wp\/v2\/etheme_brands?post=4354"},{"taxonomy":"product_brand","embeddable":true,"href":"https:\/\/seic.com.co\/index.php\/wp-json\/wp\/v2\/product_brand?post=4354"},{"taxonomy":"product_cat","embeddable":true,"href":"https:\/\/seic.com.co\/index.php\/wp-json\/wp\/v2\/product_cat?post=4354"},{"taxonomy":"product_tag","embeddable":true,"href":"https:\/\/seic.com.co\/index.php\/wp-json\/wp\/v2\/product_tag?post=4354"}],"curies":[{"name":"wp","href":"https:\/\/api.w.org\/{rel}","templated":true}]}}