{"id":4358,"date":"2023-08-16T17:16:28","date_gmt":"2023-08-16T17:16:28","guid":{"rendered":"https:\/\/seic.com.co\/index.php\/product\/z202-h\/"},"modified":"2023-08-22T19:36:08","modified_gmt":"2023-08-22T19:36:08","slug":"z202-h","status":"publish","type":"product","link":"https:\/\/seic.com.co\/index.php\/product\/z202-h\/","title":{"rendered":"M\u00f3dulo Z202-H"},"content":{"rendered":"<p>Z202 acepta un voltaje alterno (10..490 Vac) y proporciona una salida anal\u00f3gica aislada (mA o V). Dispone tambi\u00e9n de interruptores DIP para configurar el rango espec\u00edfico, entrada y salida. Se puede solicitar con alimentaci\u00f3n baja o alta. Z202 tambi\u00e9n se puede utilizar como microamper\u00edmetro (500 \u00b5Afs). Un aislamiento galv\u00e1nico de 3 v\u00edas entre los circuitos de fuente de alimentaci\u00f3n \/\/ entrada \/\/ salida asegura la integridad de sus datos.<\/p>\n","protected":false},"excerpt":{"rendered":"<p>Voltaje de CA (500 A); al aislador de I\/V de CC\/Conv.85..265Vac\/dc<\/p>\n","protected":false},"featured_media":2938,"comment_status":"open","ping_status":"closed","template":"","meta":[],"pwb-brand":[663],"etheme_brands":[{"term_id":162,"name":"SENECA","slug":"seneca","term_group":0,"term_taxonomy_id":162,"taxonomy":"brand","description":"","parent":0,"count":167,"filter":"raw"}],"product_brand":[],"product_cat":[637],"product_tag":[235,561,127,54,564],"class_list":{"0":"post-4358","1":"product","2":"type-product","3":"status-publish","4":"has-post-thumbnail","6":"pwb-brand-seneca","7":"brand-seneca","8":"product_cat-convertidores-analogicos","9":"product_tag-conversor","10":"product_tag-conversor-ac","11":"product_tag-seic","12":"product_tag-seneca","13":"product_tag-z202-h","15":"first","16":"instock","17":"taxable","18":"shipping-taxable","19":"purchasable","20":"product-type-simple"},"brands":[{"id":663,"name":"SENECA","slug":"seneca"}],"_links":{"self":[{"href":"https:\/\/seic.com.co\/index.php\/wp-json\/wp\/v2\/product\/4358","targetHints":{"allow":["GET"]}}],"collection":[{"href":"https:\/\/seic.com.co\/index.php\/wp-json\/wp\/v2\/product"}],"about":[{"href":"https:\/\/seic.com.co\/index.php\/wp-json\/wp\/v2\/types\/product"}],"replies":[{"embeddable":true,"href":"https:\/\/seic.com.co\/index.php\/wp-json\/wp\/v2\/comments?post=4358"}],"version-history":[{"count":1,"href":"https:\/\/seic.com.co\/index.php\/wp-json\/wp\/v2\/product\/4358\/revisions"}],"predecessor-version":[{"id":4528,"href":"https:\/\/seic.com.co\/index.php\/wp-json\/wp\/v2\/product\/4358\/revisions\/4528"}],"wp:featuredmedia":[{"embeddable":true,"href":"https:\/\/seic.com.co\/index.php\/wp-json\/wp\/v2\/media\/2938"}],"wp:attachment":[{"href":"https:\/\/seic.com.co\/index.php\/wp-json\/wp\/v2\/media?parent=4358"}],"wp:term":[{"taxonomy":"pwb-brand","embeddable":true,"href":"https:\/\/seic.com.co\/index.php\/wp-json\/wp\/v2\/pwb-brand?post=4358"},{"taxonomy":"brand","embeddable":true,"href":"https:\/\/seic.com.co\/index.php\/wp-json\/wp\/v2\/etheme_brands?post=4358"},{"taxonomy":"product_brand","embeddable":true,"href":"https:\/\/seic.com.co\/index.php\/wp-json\/wp\/v2\/product_brand?post=4358"},{"taxonomy":"product_cat","embeddable":true,"href":"https:\/\/seic.com.co\/index.php\/wp-json\/wp\/v2\/product_cat?post=4358"},{"taxonomy":"product_tag","embeddable":true,"href":"https:\/\/seic.com.co\/index.php\/wp-json\/wp\/v2\/product_tag?post=4358"}],"curies":[{"name":"wp","href":"https:\/\/api.w.org\/{rel}","templated":true}]}}