{"id":4360,"date":"2023-08-16T17:16:28","date_gmt":"2023-08-16T17:16:28","guid":{"rendered":"https:\/\/seic.com.co\/index.php\/product\/z203-2\/"},"modified":"2023-08-22T19:36:08","modified_gmt":"2023-08-22T19:36:08","slug":"z203-2","status":"publish","type":"product","link":"https:\/\/seic.com.co\/index.php\/product\/z203-2\/","title":{"rendered":"Analizador de red Z203-2"},"content":{"rendered":"<p>Z203 es un analizador de red monof\u00e1sico completo adecuado para usar con un rango de voltaje de hasta 500 Vac y una corriente de 5A. El instrumento proporciona todas las siguientes variables el\u00e9ctricas medibles: Vrms, Irms, Watt, Var, Frecuencia, Cos\u03c6. Las medidas est\u00e1n disponibles mediante comunicaci\u00f3n serie Modbus o mediante retransmisi\u00f3n anal\u00f3gica (ma o V). Un aislamiento galv\u00e1nico de 3 v\u00edas entre la fuente de alimentaci\u00f3n \/\/ entrada \/\/ circuitos RS485 asegura la integridad de sus datos.<\/p>\n","protected":false},"excerpt":{"rendered":"<p>Analizador de red avanzado monof\u00e1sico AC, puerto Micro USB<\/p>\n","protected":false},"featured_media":2940,"comment_status":"open","ping_status":"closed","template":"","meta":[],"pwb-brand":[663],"etheme_brands":[{"term_id":162,"name":"SENECA","slug":"seneca","term_group":0,"term_taxonomy_id":162,"taxonomy":"brand","description":"","parent":0,"count":167,"filter":"raw"}],"product_brand":[],"product_cat":[637],"product_tag":[567,266,127,54,566],"class_list":{"0":"post-4360","1":"product","2":"type-product","3":"status-publish","4":"has-post-thumbnail","6":"pwb-brand-seneca","7":"brand-seneca","8":"product_cat-convertidores-analogicos","9":"product_tag-analizador","10":"product_tag-analizador-de-red","11":"product_tag-seic","12":"product_tag-seneca","13":"product_tag-z203-2","15":"first","16":"instock","17":"taxable","18":"shipping-taxable","19":"purchasable","20":"product-type-simple"},"brands":[{"id":663,"name":"SENECA","slug":"seneca"}],"_links":{"self":[{"href":"https:\/\/seic.com.co\/index.php\/wp-json\/wp\/v2\/product\/4360","targetHints":{"allow":["GET"]}}],"collection":[{"href":"https:\/\/seic.com.co\/index.php\/wp-json\/wp\/v2\/product"}],"about":[{"href":"https:\/\/seic.com.co\/index.php\/wp-json\/wp\/v2\/types\/product"}],"replies":[{"embeddable":true,"href":"https:\/\/seic.com.co\/index.php\/wp-json\/wp\/v2\/comments?post=4360"}],"version-history":[{"count":1,"href":"https:\/\/seic.com.co\/index.php\/wp-json\/wp\/v2\/product\/4360\/revisions"}],"predecessor-version":[{"id":4530,"href":"https:\/\/seic.com.co\/index.php\/wp-json\/wp\/v2\/product\/4360\/revisions\/4530"}],"wp:featuredmedia":[{"embeddable":true,"href":"https:\/\/seic.com.co\/index.php\/wp-json\/wp\/v2\/media\/2940"}],"wp:attachment":[{"href":"https:\/\/seic.com.co\/index.php\/wp-json\/wp\/v2\/media?parent=4360"}],"wp:term":[{"taxonomy":"pwb-brand","embeddable":true,"href":"https:\/\/seic.com.co\/index.php\/wp-json\/wp\/v2\/pwb-brand?post=4360"},{"taxonomy":"brand","embeddable":true,"href":"https:\/\/seic.com.co\/index.php\/wp-json\/wp\/v2\/etheme_brands?post=4360"},{"taxonomy":"product_brand","embeddable":true,"href":"https:\/\/seic.com.co\/index.php\/wp-json\/wp\/v2\/product_brand?post=4360"},{"taxonomy":"product_cat","embeddable":true,"href":"https:\/\/seic.com.co\/index.php\/wp-json\/wp\/v2\/product_cat?post=4360"},{"taxonomy":"product_tag","embeddable":true,"href":"https:\/\/seic.com.co\/index.php\/wp-json\/wp\/v2\/product_tag?post=4360"}],"curies":[{"name":"wp","href":"https:\/\/api.w.org\/{rel}","templated":true}]}}