{"id":4361,"date":"2023-08-16T17:16:30","date_gmt":"2023-08-16T17:16:30","guid":{"rendered":"https:\/\/seic.com.co\/index.php\/product\/z204-1\/"},"modified":"2023-08-22T19:36:08","modified_gmt":"2023-08-22T19:36:08","slug":"z204-1","status":"publish","type":"product","link":"https:\/\/seic.com.co\/index.php\/product\/z204-1\/","title":{"rendered":"Convertidor Z204-1"},"content":{"rendered":"<p>Z204-1 acepta voltaje alterno o continuo (hasta 1.200 Vdc y 850 Vac) TRMS y proporciona una salida anal\u00f3gica aislada (mA o V). Dispone tambi\u00e9n de dip switches para una r\u00e1pida configuraci\u00f3n. Tambi\u00e9n est\u00e1 disponible una interfaz RS485 Modbus RTU. Un aislamiento galv\u00e1nico de 3 v\u00edas (hasta 4 KV) entre los puertos de entrada y fuente de alimentaci\u00f3n\/salida asegura la integridad de sus datos. Z204-1 est\u00e1 equipado con un conector frontal para programaci\u00f3n y LED funcional que muestra alimentaci\u00f3n\/fallos y transmisi\u00f3n de datos.<\/p>\n","protected":false},"excerpt":{"rendered":"<p>Convertidor de alto voltaje AC\/DC, salida anal\u00f3gica, ModBUS RTU<\/p>\n","protected":false},"featured_media":2941,"comment_status":"open","ping_status":"closed","template":"","meta":[],"pwb-brand":[663],"etheme_brands":[{"term_id":162,"name":"SENECA","slug":"seneca","term_group":0,"term_taxonomy_id":162,"taxonomy":"brand","description":"","parent":0,"count":167,"filter":"raw"}],"product_brand":[],"product_cat":[637],"product_tag":[236,127,54,568],"class_list":{"0":"post-4361","1":"product","2":"type-product","3":"status-publish","4":"has-post-thumbnail","6":"pwb-brand-seneca","7":"brand-seneca","8":"product_cat-convertidores-analogicos","9":"product_tag-convertidor","10":"product_tag-seic","11":"product_tag-seneca","12":"product_tag-z204-1","14":"first","15":"instock","16":"taxable","17":"shipping-taxable","18":"purchasable","19":"product-type-simple"},"brands":[{"id":663,"name":"SENECA","slug":"seneca"}],"_links":{"self":[{"href":"https:\/\/seic.com.co\/index.php\/wp-json\/wp\/v2\/product\/4361","targetHints":{"allow":["GET"]}}],"collection":[{"href":"https:\/\/seic.com.co\/index.php\/wp-json\/wp\/v2\/product"}],"about":[{"href":"https:\/\/seic.com.co\/index.php\/wp-json\/wp\/v2\/types\/product"}],"replies":[{"embeddable":true,"href":"https:\/\/seic.com.co\/index.php\/wp-json\/wp\/v2\/comments?post=4361"}],"version-history":[{"count":1,"href":"https:\/\/seic.com.co\/index.php\/wp-json\/wp\/v2\/product\/4361\/revisions"}],"predecessor-version":[{"id":4531,"href":"https:\/\/seic.com.co\/index.php\/wp-json\/wp\/v2\/product\/4361\/revisions\/4531"}],"wp:featuredmedia":[{"embeddable":true,"href":"https:\/\/seic.com.co\/index.php\/wp-json\/wp\/v2\/media\/2941"}],"wp:attachment":[{"href":"https:\/\/seic.com.co\/index.php\/wp-json\/wp\/v2\/media?parent=4361"}],"wp:term":[{"taxonomy":"pwb-brand","embeddable":true,"href":"https:\/\/seic.com.co\/index.php\/wp-json\/wp\/v2\/pwb-brand?post=4361"},{"taxonomy":"brand","embeddable":true,"href":"https:\/\/seic.com.co\/index.php\/wp-json\/wp\/v2\/etheme_brands?post=4361"},{"taxonomy":"product_brand","embeddable":true,"href":"https:\/\/seic.com.co\/index.php\/wp-json\/wp\/v2\/product_brand?post=4361"},{"taxonomy":"product_cat","embeddable":true,"href":"https:\/\/seic.com.co\/index.php\/wp-json\/wp\/v2\/product_cat?post=4361"},{"taxonomy":"product_tag","embeddable":true,"href":"https:\/\/seic.com.co\/index.php\/wp-json\/wp\/v2\/product_tag?post=4361"}],"curies":[{"name":"wp","href":"https:\/\/api.w.org\/{rel}","templated":true}]}}