{"id":4364,"date":"2023-08-16T17:16:30","date_gmt":"2023-08-16T17:16:30","guid":{"rendered":"https:\/\/seic.com.co\/index.php\/product\/z-4ai-d\/"},"modified":"2023-08-22T19:36:08","modified_gmt":"2023-08-22T19:36:08","slug":"z-4ai-d","status":"publish","type":"product","link":"https:\/\/seic.com.co\/index.php\/product\/z-4ai-d\/","title":{"rendered":"Convertidor Z-4AI-D"},"content":{"rendered":"<p>Z-4AI-D permite adquirir hasta N.4 entradas anal\u00f3gicas (ma o V) a trav\u00e9s de un PLC con solo entrada\/salida digital. La interfaz del PLC se basa en tres se\u00f1ales de tipo PNP adecuadas para la conexi\u00f3n a la mayor\u00eda de los PLC disponibles en el mercado. La interfaz est\u00e1 compuesta por una se\u00f1al CLOCK generada por el PLC (salida transistor), una se\u00f1al DATA y una se\u00f1al STROBE generada por el m\u00f3dulo.<\/p>\n","protected":false},"excerpt":{"rendered":"<p>Convertidor A\/D de corriente-voltaje de CC de entrada anal\u00f3gica de 4 canales<\/p>\n","protected":false},"featured_media":2902,"comment_status":"open","ping_status":"closed","template":"","meta":[],"pwb-brand":[663],"etheme_brands":[{"term_id":162,"name":"SENECA","slug":"seneca","term_group":0,"term_taxonomy_id":162,"taxonomy":"brand","description":"","parent":0,"count":167,"filter":"raw"}],"product_brand":[],"product_cat":[637,635],"product_tag":[573,235,255,127,54,256,572],"class_list":{"0":"post-4364","1":"product","2":"type-product","3":"status-publish","4":"has-post-thumbnail","6":"pwb-brand-seneca","7":"brand-seneca","8":"product_cat-convertidores-analogicos","9":"product_cat-convertidores-digitales","10":"product_tag-adc","11":"product_tag-conversor","12":"product_tag-corriente","13":"product_tag-seic","14":"product_tag-seneca","15":"product_tag-voltaje","16":"product_tag-z-4ai-d","18":"first","19":"instock","20":"taxable","21":"shipping-taxable","22":"purchasable","23":"product-type-simple"},"brands":[{"id":663,"name":"SENECA","slug":"seneca"}],"_links":{"self":[{"href":"https:\/\/seic.com.co\/index.php\/wp-json\/wp\/v2\/product\/4364","targetHints":{"allow":["GET"]}}],"collection":[{"href":"https:\/\/seic.com.co\/index.php\/wp-json\/wp\/v2\/product"}],"about":[{"href":"https:\/\/seic.com.co\/index.php\/wp-json\/wp\/v2\/types\/product"}],"replies":[{"embeddable":true,"href":"https:\/\/seic.com.co\/index.php\/wp-json\/wp\/v2\/comments?post=4364"}],"version-history":[{"count":1,"href":"https:\/\/seic.com.co\/index.php\/wp-json\/wp\/v2\/product\/4364\/revisions"}],"predecessor-version":[{"id":4534,"href":"https:\/\/seic.com.co\/index.php\/wp-json\/wp\/v2\/product\/4364\/revisions\/4534"}],"wp:featuredmedia":[{"embeddable":true,"href":"https:\/\/seic.com.co\/index.php\/wp-json\/wp\/v2\/media\/2902"}],"wp:attachment":[{"href":"https:\/\/seic.com.co\/index.php\/wp-json\/wp\/v2\/media?parent=4364"}],"wp:term":[{"taxonomy":"pwb-brand","embeddable":true,"href":"https:\/\/seic.com.co\/index.php\/wp-json\/wp\/v2\/pwb-brand?post=4364"},{"taxonomy":"brand","embeddable":true,"href":"https:\/\/seic.com.co\/index.php\/wp-json\/wp\/v2\/etheme_brands?post=4364"},{"taxonomy":"product_brand","embeddable":true,"href":"https:\/\/seic.com.co\/index.php\/wp-json\/wp\/v2\/product_brand?post=4364"},{"taxonomy":"product_cat","embeddable":true,"href":"https:\/\/seic.com.co\/index.php\/wp-json\/wp\/v2\/product_cat?post=4364"},{"taxonomy":"product_tag","embeddable":true,"href":"https:\/\/seic.com.co\/index.php\/wp-json\/wp\/v2\/product_tag?post=4364"}],"curies":[{"name":"wp","href":"https:\/\/api.w.org\/{rel}","templated":true}]}}