{"id":4366,"date":"2023-08-16T17:16:31","date_gmt":"2023-08-16T17:16:31","guid":{"rendered":"https:\/\/seic.com.co\/index.php\/product\/z-4rtd2\/"},"modified":"2023-08-22T19:36:08","modified_gmt":"2023-08-22T19:36:08","slug":"z-4rtd2","status":"publish","type":"product","link":"https:\/\/seic.com.co\/index.php\/product\/z-4rtd2\/","title":{"rendered":"M\u00f3dulo Z-4RTD2"},"content":{"rendered":"<p>Z-4RTD2 es un convertidor para sensores RTD de platino o n\u00edquel (PT100, PT1000, PT500, Ni100 con 2,3 o 4 hilos) con cuatro canales de medici\u00f3n independientes y aislados. El m\u00f3dulo se caracteriza por un aislamiento de 6 v\u00edas hasta 1,5 kV (Fuente de alimentaci\u00f3n \/\/ Canal de entrada \u00fanico (x4) \/\/ Comunicaci\u00f3n serie RS485). La fuente de alimentaci\u00f3n y el cableado del bus serie a trav\u00e9s del accesorio Z-PC-DINAL2-17.5 (o Z-PC-DIN2-17.5 para las extensiones de BUS existentes) garantizan una configuraci\u00f3n r\u00e1pida y sencilla del riel DIN. A trav\u00e9s del puerto microUSB en el panel frontal, es posible configurar el dispositivo a trav\u00e9s del software de PC\u00a0EASY Setup\u00a0o mediante la aplicaci\u00f3n\u00a0EASY Setup de la aplicaci\u00f3n m\u00f3vil Android\u00a0(finales de 2017). Los par\u00e1metros de configuraci\u00f3n tambi\u00e9n se pueden establecer a trav\u00e9s del interruptor DIP.<\/p>\n","protected":false},"excerpt":{"rendered":"<p>M\u00f3dulo de entrada RTD de 4 canales \/ aislamiento RS485 ModBUS RTU de 6 v\u00edas, @14bit<\/p>\n","protected":false},"featured_media":2904,"comment_status":"open","ping_status":"closed","template":"","meta":[],"pwb-brand":[663],"etheme_brands":[{"term_id":162,"name":"SENECA","slug":"seneca","term_group":0,"term_taxonomy_id":162,"taxonomy":"brand","description":"","parent":0,"count":167,"filter":"raw"}],"product_brand":[],"product_cat":[660],"product_tag":[95,222,543,127,54,575],"class_list":{"0":"post-4366","1":"product","2":"type-product","3":"status-publish","4":"has-post-thumbnail","6":"pwb-brand-seneca","7":"brand-seneca","8":"product_cat-modulos-e-s-analogicos-modbus-rtu","9":"product_tag-modbus","10":"product_tag-rs485","11":"product_tag-rtu","12":"product_tag-seic","13":"product_tag-seneca","14":"product_tag-z-4rtd2","16":"first","17":"instock","18":"taxable","19":"shipping-taxable","20":"purchasable","21":"product-type-simple"},"brands":[{"id":663,"name":"SENECA","slug":"seneca"}],"_links":{"self":[{"href":"https:\/\/seic.com.co\/index.php\/wp-json\/wp\/v2\/product\/4366","targetHints":{"allow":["GET"]}}],"collection":[{"href":"https:\/\/seic.com.co\/index.php\/wp-json\/wp\/v2\/product"}],"about":[{"href":"https:\/\/seic.com.co\/index.php\/wp-json\/wp\/v2\/types\/product"}],"replies":[{"embeddable":true,"href":"https:\/\/seic.com.co\/index.php\/wp-json\/wp\/v2\/comments?post=4366"}],"version-history":[{"count":1,"href":"https:\/\/seic.com.co\/index.php\/wp-json\/wp\/v2\/product\/4366\/revisions"}],"predecessor-version":[{"id":4536,"href":"https:\/\/seic.com.co\/index.php\/wp-json\/wp\/v2\/product\/4366\/revisions\/4536"}],"wp:featuredmedia":[{"embeddable":true,"href":"https:\/\/seic.com.co\/index.php\/wp-json\/wp\/v2\/media\/2904"}],"wp:attachment":[{"href":"https:\/\/seic.com.co\/index.php\/wp-json\/wp\/v2\/media?parent=4366"}],"wp:term":[{"taxonomy":"pwb-brand","embeddable":true,"href":"https:\/\/seic.com.co\/index.php\/wp-json\/wp\/v2\/pwb-brand?post=4366"},{"taxonomy":"brand","embeddable":true,"href":"https:\/\/seic.com.co\/index.php\/wp-json\/wp\/v2\/etheme_brands?post=4366"},{"taxonomy":"product_brand","embeddable":true,"href":"https:\/\/seic.com.co\/index.php\/wp-json\/wp\/v2\/product_brand?post=4366"},{"taxonomy":"product_cat","embeddable":true,"href":"https:\/\/seic.com.co\/index.php\/wp-json\/wp\/v2\/product_cat?post=4366"},{"taxonomy":"product_tag","embeddable":true,"href":"https:\/\/seic.com.co\/index.php\/wp-json\/wp\/v2\/product_tag?post=4366"}],"curies":[{"name":"wp","href":"https:\/\/api.w.org\/{rel}","templated":true}]}}