{"id":4367,"date":"2023-08-16T17:16:31","date_gmt":"2023-08-16T17:16:31","guid":{"rendered":"https:\/\/seic.com.co\/index.php\/product\/z-4rtd2-si\/"},"modified":"2025-05-30T10:20:38","modified_gmt":"2025-05-30T10:20:38","slug":"z-4rtd2-si","status":"publish","type":"product","link":"https:\/\/seic.com.co\/index.php\/product\/z-4rtd2-si\/","title":{"rendered":"M\u00f3dulo Z-4RTD2-SI"},"content":{"rendered":"<p>El Z-4RTD2-SI es un convertidor de resoluci\u00f3n de 24 bits para termorresistencias de platino o n\u00edquel (Pt100, Pt500, PT1000, Ni100, Ni120, Ni1000, Cu50, Cu 100) con cuatro canales de medici\u00f3n independientes. El m\u00f3dulo cuenta con aislamiento de 3 v\u00edas hasta 1,5 kVac (Fuente de alimentaci\u00f3n \/\/ Canales de entrada \/\/ Comunicaci\u00f3n serie RS485). El cableado de la fuente de alimentaci\u00f3n y el bus serie a trav\u00e9s del accesorio Z-PC-DINAL2-17.5 (o Z-PC-DIN2-17.5 para las extensiones de BUS existentes) garantiza una instalaci\u00f3n r\u00e1pida y sencilla en carril DIN. A trav\u00e9s del puerto micro USB en la parte frontal, el dispositivo se puede configurar a trav\u00e9s del software de PC EASY Setup. Los par\u00e1metros de configuraci\u00f3n tambi\u00e9n se pueden establecer a trav\u00e9s del interruptor DIP.<\/p>\n","protected":false},"excerpt":{"rendered":"<p>M\u00f3dulo de entrada RTD de 4 canales \/ RS485 ModBUS RTU, aislamiento de 3 v\u00edas, @24bit<\/p>\n","protected":false},"featured_media":2905,"comment_status":"open","ping_status":"closed","template":"","meta":[],"pwb-brand":[663],"etheme_brands":[{"term_id":162,"name":"SENECA","slug":"seneca","term_group":0,"term_taxonomy_id":162,"taxonomy":"brand","description":"","parent":0,"count":167,"filter":"raw"}],"product_brand":[],"product_cat":[660],"product_tag":[236,95,231,578,222,543,127,54,240,577],"class_list":{"0":"post-4367","1":"product","2":"type-product","3":"status-publish","4":"has-post-thumbnail","6":"pwb-brand-seneca","7":"brand-seneca","8":"product_cat-modulos-e-s-analogicos-modbus-rtu","9":"product_tag-convertidor","10":"product_tag-modbus","11":"product_tag-pt100","12":"product_tag-rdt","13":"product_tag-rs485","14":"product_tag-rtu","15":"product_tag-seic","16":"product_tag-seneca","17":"product_tag-termopar","18":"product_tag-z-4rtd2-si","20":"first","21":"instock","22":"taxable","23":"shipping-taxable","24":"purchasable","25":"product-type-simple"},"brands":[{"id":663,"name":"SENECA","slug":"seneca"}],"_links":{"self":[{"href":"https:\/\/seic.com.co\/index.php\/wp-json\/wp\/v2\/product\/4367","targetHints":{"allow":["GET"]}}],"collection":[{"href":"https:\/\/seic.com.co\/index.php\/wp-json\/wp\/v2\/product"}],"about":[{"href":"https:\/\/seic.com.co\/index.php\/wp-json\/wp\/v2\/types\/product"}],"replies":[{"embeddable":true,"href":"https:\/\/seic.com.co\/index.php\/wp-json\/wp\/v2\/comments?post=4367"}],"version-history":[{"count":1,"href":"https:\/\/seic.com.co\/index.php\/wp-json\/wp\/v2\/product\/4367\/revisions"}],"predecessor-version":[{"id":4537,"href":"https:\/\/seic.com.co\/index.php\/wp-json\/wp\/v2\/product\/4367\/revisions\/4537"}],"wp:featuredmedia":[{"embeddable":true,"href":"https:\/\/seic.com.co\/index.php\/wp-json\/wp\/v2\/media\/2905"}],"wp:attachment":[{"href":"https:\/\/seic.com.co\/index.php\/wp-json\/wp\/v2\/media?parent=4367"}],"wp:term":[{"taxonomy":"pwb-brand","embeddable":true,"href":"https:\/\/seic.com.co\/index.php\/wp-json\/wp\/v2\/pwb-brand?post=4367"},{"taxonomy":"brand","embeddable":true,"href":"https:\/\/seic.com.co\/index.php\/wp-json\/wp\/v2\/etheme_brands?post=4367"},{"taxonomy":"product_brand","embeddable":true,"href":"https:\/\/seic.com.co\/index.php\/wp-json\/wp\/v2\/product_brand?post=4367"},{"taxonomy":"product_cat","embeddable":true,"href":"https:\/\/seic.com.co\/index.php\/wp-json\/wp\/v2\/product_cat?post=4367"},{"taxonomy":"product_tag","embeddable":true,"href":"https:\/\/seic.com.co\/index.php\/wp-json\/wp\/v2\/product_tag?post=4367"}],"curies":[{"name":"wp","href":"https:\/\/api.w.org\/{rel}","templated":true}]}}