{"id":4369,"date":"2023-08-16T17:16:31","date_gmt":"2023-08-16T17:16:31","guid":{"rendered":"https:\/\/seic.com.co\/index.php\/product\/z-4tc-d\/"},"modified":"2023-08-22T19:36:09","modified_gmt":"2023-08-22T19:36:09","slug":"z-4tc-d","status":"publish","type":"product","link":"https:\/\/seic.com.co\/index.php\/product\/z-4tc-d\/","title":{"rendered":"Convertidor Z-4TC-D"},"content":{"rendered":"<p>Z-4TC-D permite adquirir hasta N.4 sensores de termopar (J, K, E, N, S, R, B, T) a trav\u00e9s de un PLC con solo entrada\/salida digital. La interfaz del PLC se basa en tres se\u00f1ales de tipo PNP adecuadas para la conexi\u00f3n a la mayor\u00eda de los PLC disponibles en el mercado. La interfaz est\u00e1 compuesta por una se\u00f1al CLOCK generada por el PLC (salida transistor), una se\u00f1al DATA y una se\u00f1al STROBE generada por el m\u00f3dulo.<\/p>\n","protected":false},"excerpt":{"rendered":"<p>Convertidor A\/D de termopares<\/p>\n","protected":false},"featured_media":2907,"comment_status":"open","ping_status":"closed","template":"","meta":[],"pwb-brand":[663],"etheme_brands":[{"term_id":162,"name":"SENECA","slug":"seneca","term_group":0,"term_taxonomy_id":162,"taxonomy":"brand","description":"","parent":0,"count":167,"filter":"raw"}],"product_brand":[],"product_cat":[637,635],"product_tag":[573,127,54,386,580],"class_list":{"0":"post-4369","1":"product","2":"type-product","3":"status-publish","4":"has-post-thumbnail","6":"pwb-brand-seneca","7":"brand-seneca","8":"product_cat-convertidores-analogicos","9":"product_cat-convertidores-digitales","10":"product_tag-adc","11":"product_tag-seic","12":"product_tag-seneca","13":"product_tag-termopares","14":"product_tag-z-4tc-d","16":"first","17":"instock","18":"taxable","19":"shipping-taxable","20":"purchasable","21":"product-type-simple"},"brands":[{"id":663,"name":"SENECA","slug":"seneca"}],"_links":{"self":[{"href":"https:\/\/seic.com.co\/index.php\/wp-json\/wp\/v2\/product\/4369","targetHints":{"allow":["GET"]}}],"collection":[{"href":"https:\/\/seic.com.co\/index.php\/wp-json\/wp\/v2\/product"}],"about":[{"href":"https:\/\/seic.com.co\/index.php\/wp-json\/wp\/v2\/types\/product"}],"replies":[{"embeddable":true,"href":"https:\/\/seic.com.co\/index.php\/wp-json\/wp\/v2\/comments?post=4369"}],"version-history":[{"count":1,"href":"https:\/\/seic.com.co\/index.php\/wp-json\/wp\/v2\/product\/4369\/revisions"}],"predecessor-version":[{"id":4539,"href":"https:\/\/seic.com.co\/index.php\/wp-json\/wp\/v2\/product\/4369\/revisions\/4539"}],"wp:featuredmedia":[{"embeddable":true,"href":"https:\/\/seic.com.co\/index.php\/wp-json\/wp\/v2\/media\/2907"}],"wp:attachment":[{"href":"https:\/\/seic.com.co\/index.php\/wp-json\/wp\/v2\/media?parent=4369"}],"wp:term":[{"taxonomy":"pwb-brand","embeddable":true,"href":"https:\/\/seic.com.co\/index.php\/wp-json\/wp\/v2\/pwb-brand?post=4369"},{"taxonomy":"brand","embeddable":true,"href":"https:\/\/seic.com.co\/index.php\/wp-json\/wp\/v2\/etheme_brands?post=4369"},{"taxonomy":"product_brand","embeddable":true,"href":"https:\/\/seic.com.co\/index.php\/wp-json\/wp\/v2\/product_brand?post=4369"},{"taxonomy":"product_cat","embeddable":true,"href":"https:\/\/seic.com.co\/index.php\/wp-json\/wp\/v2\/product_cat?post=4369"},{"taxonomy":"product_tag","embeddable":true,"href":"https:\/\/seic.com.co\/index.php\/wp-json\/wp\/v2\/product_tag?post=4369"}],"curies":[{"name":"wp","href":"https:\/\/api.w.org\/{rel}","templated":true}]}}