{"id":4370,"date":"2023-08-16T17:16:31","date_gmt":"2023-08-16T17:16:31","guid":{"rendered":"https:\/\/seic.com.co\/index.php\/product\/z-5di-2do\/"},"modified":"2023-08-22T19:36:09","modified_gmt":"2023-08-22T19:36:09","slug":"z-5di-2do","status":"publish","type":"product","link":"https:\/\/seic.com.co\/index.php\/product\/z-5di-2do\/","title":{"rendered":"M\u00f3dulo Z-5DI-2DO"},"content":{"rendered":"<p>Z-5DI-2DO es un m\u00f3dulo digital mixto con puerto de programaci\u00f3n frontal Micro USB, 5 entradas digitales (Redd, Proximity, PNP, NPN, contact) seleccionables v\u00eda software, nr.5 totalizadores @ 32bit con frecuencia m\u00e1xima 5 kHz y reenv\u00edos configurables o hacia atr\u00e1s, nr. 2 salidas de rel\u00e9 SPST 2 A 250 Vac tipo NO \/ NC seleccionables mediante puente. Todos los totalizadores se almacenan en memoria no vol\u00e1til (FeRAM). Para cada entrada, el m\u00f3dulo ofrece la medida del per\u00edodo, frecuencia, TON y TOFF. El m\u00f3dulo tiene aislamiento de 1.500 Vac entre la entrada y el resto de circuitos de baja tensi\u00f3n y 3.000 Vac entre salidas y el resto de circuitos de baja tensi\u00f3n. El instrumento se destaca por su amplio rango de temperaturas de operaci\u00f3n (-20 .. + 65\u00b0 C) y flexibilidad de configuraci\u00f3n. Z-5DI-2DO soporta comunicaci\u00f3n serial RS485 con protocolo Modbus RTU, hasta 64 nodos sin repetidor hasta 115 kbps. El cableado de alimentaci\u00f3n y conexi\u00f3n serie se facilita a trav\u00e9s de un bus que se puede alojar en la gu\u00eda IEC EN 60715.<\/p>\n","protected":false},"excerpt":{"rendered":"<p>Entrada digital 5CH &#8211; Salida digital 2CH RS485-ModBUS RTU<\/p>\n","protected":false},"featured_media":2908,"comment_status":"open","ping_status":"closed","template":"","meta":[],"pwb-brand":[663],"etheme_brands":[],"product_brand":[],"product_cat":[645],"product_tag":[95,222,543,127,54,581],"class_list":{"0":"post-4370","1":"product","2":"type-product","3":"status-publish","4":"has-post-thumbnail","6":"pwb-brand-seneca","7":"product_cat-modulos-e-s-modbus-rtu","8":"product_tag-modbus","9":"product_tag-rs485","10":"product_tag-rtu","11":"product_tag-seic","12":"product_tag-seneca","13":"product_tag-z-5di-2do","15":"first","16":"instock","17":"taxable","18":"shipping-taxable","19":"purchasable","20":"product-type-simple"},"brands":[{"id":663,"name":"SENECA","slug":"seneca"}],"_links":{"self":[{"href":"https:\/\/seic.com.co\/index.php\/wp-json\/wp\/v2\/product\/4370","targetHints":{"allow":["GET"]}}],"collection":[{"href":"https:\/\/seic.com.co\/index.php\/wp-json\/wp\/v2\/product"}],"about":[{"href":"https:\/\/seic.com.co\/index.php\/wp-json\/wp\/v2\/types\/product"}],"replies":[{"embeddable":true,"href":"https:\/\/seic.com.co\/index.php\/wp-json\/wp\/v2\/comments?post=4370"}],"version-history":[{"count":1,"href":"https:\/\/seic.com.co\/index.php\/wp-json\/wp\/v2\/product\/4370\/revisions"}],"predecessor-version":[{"id":4540,"href":"https:\/\/seic.com.co\/index.php\/wp-json\/wp\/v2\/product\/4370\/revisions\/4540"}],"wp:featuredmedia":[{"embeddable":true,"href":"https:\/\/seic.com.co\/index.php\/wp-json\/wp\/v2\/media\/2908"}],"wp:attachment":[{"href":"https:\/\/seic.com.co\/index.php\/wp-json\/wp\/v2\/media?parent=4370"}],"wp:term":[{"taxonomy":"pwb-brand","embeddable":true,"href":"https:\/\/seic.com.co\/index.php\/wp-json\/wp\/v2\/pwb-brand?post=4370"},{"taxonomy":"brand","embeddable":true,"href":"https:\/\/seic.com.co\/index.php\/wp-json\/wp\/v2\/etheme_brands?post=4370"},{"taxonomy":"product_brand","embeddable":true,"href":"https:\/\/seic.com.co\/index.php\/wp-json\/wp\/v2\/product_brand?post=4370"},{"taxonomy":"product_cat","embeddable":true,"href":"https:\/\/seic.com.co\/index.php\/wp-json\/wp\/v2\/product_cat?post=4370"},{"taxonomy":"product_tag","embeddable":true,"href":"https:\/\/seic.com.co\/index.php\/wp-json\/wp\/v2\/product_tag?post=4370"}],"curies":[{"name":"wp","href":"https:\/\/api.w.org\/{rel}","templated":true}]}}