{"id":4375,"date":"2023-08-16T17:16:32","date_gmt":"2023-08-16T17:16:32","guid":{"rendered":"https:\/\/seic.com.co\/index.php\/product\/z-8tc-lab\/"},"modified":"2023-08-22T19:36:09","modified_gmt":"2023-08-22T19:36:09","slug":"z-8tc-lab","status":"publish","type":"product","link":"https:\/\/seic.com.co\/index.php\/product\/z-8tc-lab\/","title":{"rendered":"M\u00f3dulo Z-8TC-LAB"},"content":{"rendered":"<p>El Z-8TC-LAB es un convertidor de termopar digital, con ocho canales de medida, aislado de la fuente de alimentaci\u00f3n y l\u00ednea de comunicaci\u00f3n serie hasta 1,5 kVac. Se proporciona el mismo aislamiento entre canales pertenecientes a diferentes grupos de terminales: el m\u00f3dulo tiene un aislamiento total de seis puntos. Esta versi\u00f3n de laboratorio, en comparaci\u00f3n con el convertidor Z-8TC-1 m\u00e1s conocido, se caracteriza por terminales de dos v\u00edas y el mismo cableado de entrada tanto para los terminales superiores como para los terminales inferiores para facilitar los acoplamientos r\u00e1pidos.<\/p>\n","protected":false},"excerpt":{"rendered":"<p>M\u00f3dulo de entrada de termopar de 8 canales a 15 bits, abrazaderas intercambiables ModBUS<\/p>\n","protected":false},"featured_media":2913,"comment_status":"open","ping_status":"closed","template":"","meta":[],"pwb-brand":[663],"etheme_brands":[{"term_id":162,"name":"SENECA","slug":"seneca","term_group":0,"term_taxonomy_id":162,"taxonomy":"brand","description":"","parent":0,"count":167,"filter":"raw"}],"product_brand":[],"product_cat":[660],"product_tag":[95,222,274,543,127,54,240,586,587],"class_list":{"0":"post-4375","1":"product","2":"type-product","3":"status-publish","4":"has-post-thumbnail","6":"pwb-brand-seneca","7":"brand-seneca","8":"product_cat-modulos-e-s-analogicos-modbus-rtu","9":"product_tag-modbus","10":"product_tag-rs485","11":"product_tag-rtd","12":"product_tag-rtu","13":"product_tag-seic","14":"product_tag-seneca","15":"product_tag-termopar","16":"product_tag-z-8tc-1","17":"product_tag-z-8tc-labseneca","19":"first","20":"instock","21":"taxable","22":"shipping-taxable","23":"purchasable","24":"product-type-simple"},"brands":[{"id":663,"name":"SENECA","slug":"seneca"}],"_links":{"self":[{"href":"https:\/\/seic.com.co\/index.php\/wp-json\/wp\/v2\/product\/4375","targetHints":{"allow":["GET"]}}],"collection":[{"href":"https:\/\/seic.com.co\/index.php\/wp-json\/wp\/v2\/product"}],"about":[{"href":"https:\/\/seic.com.co\/index.php\/wp-json\/wp\/v2\/types\/product"}],"replies":[{"embeddable":true,"href":"https:\/\/seic.com.co\/index.php\/wp-json\/wp\/v2\/comments?post=4375"}],"version-history":[{"count":1,"href":"https:\/\/seic.com.co\/index.php\/wp-json\/wp\/v2\/product\/4375\/revisions"}],"predecessor-version":[{"id":4545,"href":"https:\/\/seic.com.co\/index.php\/wp-json\/wp\/v2\/product\/4375\/revisions\/4545"}],"wp:featuredmedia":[{"embeddable":true,"href":"https:\/\/seic.com.co\/index.php\/wp-json\/wp\/v2\/media\/2913"}],"wp:attachment":[{"href":"https:\/\/seic.com.co\/index.php\/wp-json\/wp\/v2\/media?parent=4375"}],"wp:term":[{"taxonomy":"pwb-brand","embeddable":true,"href":"https:\/\/seic.com.co\/index.php\/wp-json\/wp\/v2\/pwb-brand?post=4375"},{"taxonomy":"brand","embeddable":true,"href":"https:\/\/seic.com.co\/index.php\/wp-json\/wp\/v2\/etheme_brands?post=4375"},{"taxonomy":"product_brand","embeddable":true,"href":"https:\/\/seic.com.co\/index.php\/wp-json\/wp\/v2\/product_brand?post=4375"},{"taxonomy":"product_cat","embeddable":true,"href":"https:\/\/seic.com.co\/index.php\/wp-json\/wp\/v2\/product_cat?post=4375"},{"taxonomy":"product_tag","embeddable":true,"href":"https:\/\/seic.com.co\/index.php\/wp-json\/wp\/v2\/product_tag?post=4375"}],"curies":[{"name":"wp","href":"https:\/\/api.w.org\/{rel}","templated":true}]}}