{"id":4379,"date":"2023-08-16T17:16:33","date_gmt":"2023-08-16T17:16:33","guid":{"rendered":"https:\/\/seic.com.co\/index.php\/product\/zc-24di\/"},"modified":"2023-08-22T19:36:09","modified_gmt":"2023-08-22T19:36:09","slug":"zc-24di","status":"publish","type":"product","link":"https:\/\/seic.com.co\/index.php\/product\/zc-24di\/","title":{"rendered":"M\u00f3dulo ZC-24DI"},"content":{"rendered":"<p>ZC-24DI se utiliza para interconectar se\u00f1ales digitales N.24 (PULSADOR, LIMITADOR, REMOTO, INTERRUPTOR DE CONTROL, REL\u00c9, etc.) con todos los sistemas de control que pueden comunicarse mediante los protocolos CANopen o ModBUS RTU (protocolo seleccionable a trav\u00e9s de dip -cambiar). Dispone de contadores de 32 bits (N.8), la frecuencia m\u00e1xima de entrada es de 10 KHz. Un aislamiento galv\u00e1nico de 3 v\u00edas entre la fuente de alimentaci\u00f3n \/\/ entrada \/\/ circuitos RS485 asegura la integridad de sus datos.<\/p>\n","protected":false},"excerpt":{"rendered":"<p>Entrada digital de 24 canales CANopen\/ModBUS<\/p>\n","protected":false},"featured_media":2947,"comment_status":"open","ping_status":"closed","template":"","meta":[],"pwb-brand":[663],"etheme_brands":[{"term_id":162,"name":"SENECA","slug":"seneca","term_group":0,"term_taxonomy_id":162,"taxonomy":"brand","description":"","parent":0,"count":167,"filter":"raw"}],"product_brand":[],"product_cat":[645],"product_tag":[592,95,127,54,591],"class_list":{"0":"post-4379","1":"product","2":"type-product","3":"status-publish","4":"has-post-thumbnail","6":"pwb-brand-seneca","7":"brand-seneca","8":"product_cat-modulos-e-s-modbus-rtu","9":"product_tag-entradas-digitales","10":"product_tag-modbus","11":"product_tag-seic","12":"product_tag-seneca","13":"product_tag-zc-24di","15":"first","16":"instock","17":"taxable","18":"shipping-taxable","19":"purchasable","20":"product-type-simple"},"brands":[{"id":663,"name":"SENECA","slug":"seneca"}],"_links":{"self":[{"href":"https:\/\/seic.com.co\/index.php\/wp-json\/wp\/v2\/product\/4379","targetHints":{"allow":["GET"]}}],"collection":[{"href":"https:\/\/seic.com.co\/index.php\/wp-json\/wp\/v2\/product"}],"about":[{"href":"https:\/\/seic.com.co\/index.php\/wp-json\/wp\/v2\/types\/product"}],"replies":[{"embeddable":true,"href":"https:\/\/seic.com.co\/index.php\/wp-json\/wp\/v2\/comments?post=4379"}],"version-history":[{"count":1,"href":"https:\/\/seic.com.co\/index.php\/wp-json\/wp\/v2\/product\/4379\/revisions"}],"predecessor-version":[{"id":4549,"href":"https:\/\/seic.com.co\/index.php\/wp-json\/wp\/v2\/product\/4379\/revisions\/4549"}],"wp:featuredmedia":[{"embeddable":true,"href":"https:\/\/seic.com.co\/index.php\/wp-json\/wp\/v2\/media\/2947"}],"wp:attachment":[{"href":"https:\/\/seic.com.co\/index.php\/wp-json\/wp\/v2\/media?parent=4379"}],"wp:term":[{"taxonomy":"pwb-brand","embeddable":true,"href":"https:\/\/seic.com.co\/index.php\/wp-json\/wp\/v2\/pwb-brand?post=4379"},{"taxonomy":"brand","embeddable":true,"href":"https:\/\/seic.com.co\/index.php\/wp-json\/wp\/v2\/etheme_brands?post=4379"},{"taxonomy":"product_brand","embeddable":true,"href":"https:\/\/seic.com.co\/index.php\/wp-json\/wp\/v2\/product_brand?post=4379"},{"taxonomy":"product_cat","embeddable":true,"href":"https:\/\/seic.com.co\/index.php\/wp-json\/wp\/v2\/product_cat?post=4379"},{"taxonomy":"product_tag","embeddable":true,"href":"https:\/\/seic.com.co\/index.php\/wp-json\/wp\/v2\/product_tag?post=4379"}],"curies":[{"name":"wp","href":"https:\/\/api.w.org\/{rel}","templated":true}]}}