{"id":4382,"date":"2023-08-16T17:16:33","date_gmt":"2023-08-16T17:16:33","guid":{"rendered":"https:\/\/seic.com.co\/index.php\/product\/zc-4rtd\/"},"modified":"2023-08-22T19:36:09","modified_gmt":"2023-08-22T19:36:09","slug":"zc-4rtd","status":"publish","type":"product","link":"https:\/\/seic.com.co\/index.php\/product\/zc-4rtd\/","title":{"rendered":"M\u00f3dulo para RTD ZC-4RTD"},"content":{"rendered":"<p>ZC-4RTD es una interfaz para sensores RTD (PT100, PT1000, PT500, Ni100) con 2, 3 o 4 hilos. El n\u00famero de entradas es 4 y cada entrada es independiente entre s\u00ed. Es un dispositivo CANopen y se puede conectar a una red CANopen. Un aislamiento galv\u00e1nico de 6 v\u00edas entre la fuente de alimentaci\u00f3n \/\/ entradas \/\/ circuitos RS485 asegura la integridad de sus datos (cada canal de entrada est\u00e1 aislado de los otros circuitos).<\/p>\n","protected":false},"excerpt":{"rendered":"<p>M\u00f3dulo CANopen de entrada RTD de 4 canales<\/p>\n","protected":false},"featured_media":2943,"comment_status":"open","ping_status":"closed","template":"","meta":[],"pwb-brand":[663],"etheme_brands":[{"term_id":162,"name":"SENECA","slug":"seneca","term_group":0,"term_taxonomy_id":162,"taxonomy":"brand","description":"","parent":0,"count":167,"filter":"raw"}],"product_brand":[],"product_cat":[661],"product_tag":[595,231,274,127,54,596],"class_list":{"0":"post-4382","1":"product","2":"type-product","3":"status-publish","4":"has-post-thumbnail","6":"pwb-brand-seneca","7":"brand-seneca","8":"product_cat-modulos-e-s-analogicos-canopen","9":"product_tag-canopen","10":"product_tag-pt100","11":"product_tag-rtd","12":"product_tag-seic","13":"product_tag-seneca","14":"product_tag-zc-4rtd","16":"first","17":"instock","18":"taxable","19":"shipping-taxable","20":"purchasable","21":"product-type-simple"},"brands":[{"id":663,"name":"SENECA","slug":"seneca"}],"_links":{"self":[{"href":"https:\/\/seic.com.co\/index.php\/wp-json\/wp\/v2\/product\/4382","targetHints":{"allow":["GET"]}}],"collection":[{"href":"https:\/\/seic.com.co\/index.php\/wp-json\/wp\/v2\/product"}],"about":[{"href":"https:\/\/seic.com.co\/index.php\/wp-json\/wp\/v2\/types\/product"}],"replies":[{"embeddable":true,"href":"https:\/\/seic.com.co\/index.php\/wp-json\/wp\/v2\/comments?post=4382"}],"version-history":[{"count":1,"href":"https:\/\/seic.com.co\/index.php\/wp-json\/wp\/v2\/product\/4382\/revisions"}],"predecessor-version":[{"id":4552,"href":"https:\/\/seic.com.co\/index.php\/wp-json\/wp\/v2\/product\/4382\/revisions\/4552"}],"wp:featuredmedia":[{"embeddable":true,"href":"https:\/\/seic.com.co\/index.php\/wp-json\/wp\/v2\/media\/2943"}],"wp:attachment":[{"href":"https:\/\/seic.com.co\/index.php\/wp-json\/wp\/v2\/media?parent=4382"}],"wp:term":[{"taxonomy":"pwb-brand","embeddable":true,"href":"https:\/\/seic.com.co\/index.php\/wp-json\/wp\/v2\/pwb-brand?post=4382"},{"taxonomy":"brand","embeddable":true,"href":"https:\/\/seic.com.co\/index.php\/wp-json\/wp\/v2\/etheme_brands?post=4382"},{"taxonomy":"product_brand","embeddable":true,"href":"https:\/\/seic.com.co\/index.php\/wp-json\/wp\/v2\/product_brand?post=4382"},{"taxonomy":"product_cat","embeddable":true,"href":"https:\/\/seic.com.co\/index.php\/wp-json\/wp\/v2\/product_cat?post=4382"},{"taxonomy":"product_tag","embeddable":true,"href":"https:\/\/seic.com.co\/index.php\/wp-json\/wp\/v2\/product_tag?post=4382"}],"curies":[{"name":"wp","href":"https:\/\/api.w.org\/{rel}","templated":true}]}}