{"id":4383,"date":"2023-08-16T17:16:33","date_gmt":"2023-08-16T17:16:33","guid":{"rendered":"https:\/\/seic.com.co\/index.php\/product\/zc-8ai\/"},"modified":"2023-08-22T19:36:09","modified_gmt":"2023-08-22T19:36:09","slug":"zc-8ai","status":"publish","type":"product","link":"https:\/\/seic.com.co\/index.php\/product\/zc-8ai\/","title":{"rendered":"M\u00f3dulo ZC-8AI"},"content":{"rendered":"<p>ZC-8AI se utiliza para interconectar entradas anal\u00f3gicas (voltaje o corriente, tambi\u00e9n con rango bipolar) con el sistema CANopen. Los m\u00f3dulos pueden alimentar los 8 bucles de corriente al mismo tiempo, esto es muy \u00fatil para sensores de 2 hilos porque el cableado no necesita una fuente de alimentaci\u00f3n externa. Un aislamiento galv\u00e1nico de 6 v\u00edas entre la fuente de alimentaci\u00f3n \/\/ entrada (parejas) \/\/ circuitos RS485 asegura la integridad de sus datos.<\/p>\n","protected":false},"excerpt":{"rendered":"<p>M\u00f3dulo CANopen de entrada anal\u00f3gica de 8 canales (mA, V)<\/p>\n","protected":false},"featured_media":2944,"comment_status":"open","ping_status":"closed","template":"","meta":[],"pwb-brand":[663],"etheme_brands":[{"term_id":162,"name":"SENECA","slug":"seneca","term_group":0,"term_taxonomy_id":162,"taxonomy":"brand","description":"","parent":0,"count":167,"filter":"raw"}],"product_brand":[],"product_cat":[661],"product_tag":[595,127,54,597],"class_list":{"0":"post-4383","1":"product","2":"type-product","3":"status-publish","4":"has-post-thumbnail","6":"pwb-brand-seneca","7":"brand-seneca","8":"product_cat-modulos-e-s-analogicos-canopen","9":"product_tag-canopen","10":"product_tag-seic","11":"product_tag-seneca","12":"product_tag-zc-8ai","14":"first","15":"instock","16":"taxable","17":"shipping-taxable","18":"purchasable","19":"product-type-simple"},"brands":[{"id":663,"name":"SENECA","slug":"seneca"}],"_links":{"self":[{"href":"https:\/\/seic.com.co\/index.php\/wp-json\/wp\/v2\/product\/4383","targetHints":{"allow":["GET"]}}],"collection":[{"href":"https:\/\/seic.com.co\/index.php\/wp-json\/wp\/v2\/product"}],"about":[{"href":"https:\/\/seic.com.co\/index.php\/wp-json\/wp\/v2\/types\/product"}],"replies":[{"embeddable":true,"href":"https:\/\/seic.com.co\/index.php\/wp-json\/wp\/v2\/comments?post=4383"}],"version-history":[{"count":1,"href":"https:\/\/seic.com.co\/index.php\/wp-json\/wp\/v2\/product\/4383\/revisions"}],"predecessor-version":[{"id":4553,"href":"https:\/\/seic.com.co\/index.php\/wp-json\/wp\/v2\/product\/4383\/revisions\/4553"}],"wp:featuredmedia":[{"embeddable":true,"href":"https:\/\/seic.com.co\/index.php\/wp-json\/wp\/v2\/media\/2944"}],"wp:attachment":[{"href":"https:\/\/seic.com.co\/index.php\/wp-json\/wp\/v2\/media?parent=4383"}],"wp:term":[{"taxonomy":"pwb-brand","embeddable":true,"href":"https:\/\/seic.com.co\/index.php\/wp-json\/wp\/v2\/pwb-brand?post=4383"},{"taxonomy":"brand","embeddable":true,"href":"https:\/\/seic.com.co\/index.php\/wp-json\/wp\/v2\/etheme_brands?post=4383"},{"taxonomy":"product_brand","embeddable":true,"href":"https:\/\/seic.com.co\/index.php\/wp-json\/wp\/v2\/product_brand?post=4383"},{"taxonomy":"product_cat","embeddable":true,"href":"https:\/\/seic.com.co\/index.php\/wp-json\/wp\/v2\/product_cat?post=4383"},{"taxonomy":"product_tag","embeddable":true,"href":"https:\/\/seic.com.co\/index.php\/wp-json\/wp\/v2\/product_tag?post=4383"}],"curies":[{"name":"wp","href":"https:\/\/api.w.org\/{rel}","templated":true}]}}