{"id":4384,"date":"2023-08-16T17:16:33","date_gmt":"2023-08-16T17:16:33","guid":{"rendered":"https:\/\/seic.com.co\/index.php\/product\/zc-8tc\/"},"modified":"2025-06-04T00:42:57","modified_gmt":"2025-06-04T00:42:57","slug":"zc-8tc","status":"publish","type":"product","link":"https:\/\/seic.com.co\/index.php\/product\/zc-8tc\/","title":{"rendered":"M\u00f3dulo para termopar ZC-8TC"},"content":{"rendered":"<p>ZC-8TC es una interfaz para sensores de termopar (J, K, E, N, S, R, B, T) y sensor gen\u00e9rico con mV como se\u00f1al de salida est\u00e1ndar. El n\u00famero de entradas es 8 y cada entrada es independiente entre s\u00ed. Es un dispositivo CANopen y se puede conectar a una red CANopen. Un aislamiento galv\u00e1nico de 6 v\u00edas entre los circuitos de fuente de alimentaci\u00f3n \/\/ entrada \/\/ RS485 asegura la integridad de sus datos (cada par de canales est\u00e1 aislado de los otros circuitos).<\/p>\n","protected":false},"excerpt":{"rendered":"<p>Termopar 8-CH (J,K,E,N,S,R,B,T) M\u00f3dulo CANopen<\/p>\n","protected":false},"featured_media":2945,"comment_status":"open","ping_status":"closed","template":"","meta":[],"pwb-brand":[663],"etheme_brands":[{"term_id":162,"name":"SENECA","slug":"seneca","term_group":0,"term_taxonomy_id":162,"taxonomy":"brand","description":"","parent":0,"count":167,"filter":"raw"}],"product_brand":[],"product_cat":[661],"product_tag":[127,54,240,598],"class_list":{"0":"post-4384","1":"product","2":"type-product","3":"status-publish","4":"has-post-thumbnail","6":"pwb-brand-seneca","7":"brand-seneca","8":"product_cat-modulos-e-s-analogicos-canopen","9":"product_tag-seic","10":"product_tag-seneca","11":"product_tag-termopar","12":"product_tag-zc-8tc","14":"first","15":"instock","16":"taxable","17":"shipping-taxable","18":"purchasable","19":"product-type-simple"},"brands":[{"id":663,"name":"SENECA","slug":"seneca"}],"_links":{"self":[{"href":"https:\/\/seic.com.co\/index.php\/wp-json\/wp\/v2\/product\/4384","targetHints":{"allow":["GET"]}}],"collection":[{"href":"https:\/\/seic.com.co\/index.php\/wp-json\/wp\/v2\/product"}],"about":[{"href":"https:\/\/seic.com.co\/index.php\/wp-json\/wp\/v2\/types\/product"}],"replies":[{"embeddable":true,"href":"https:\/\/seic.com.co\/index.php\/wp-json\/wp\/v2\/comments?post=4384"}],"version-history":[{"count":1,"href":"https:\/\/seic.com.co\/index.php\/wp-json\/wp\/v2\/product\/4384\/revisions"}],"predecessor-version":[{"id":4554,"href":"https:\/\/seic.com.co\/index.php\/wp-json\/wp\/v2\/product\/4384\/revisions\/4554"}],"wp:featuredmedia":[{"embeddable":true,"href":"https:\/\/seic.com.co\/index.php\/wp-json\/wp\/v2\/media\/2945"}],"wp:attachment":[{"href":"https:\/\/seic.com.co\/index.php\/wp-json\/wp\/v2\/media?parent=4384"}],"wp:term":[{"taxonomy":"pwb-brand","embeddable":true,"href":"https:\/\/seic.com.co\/index.php\/wp-json\/wp\/v2\/pwb-brand?post=4384"},{"taxonomy":"brand","embeddable":true,"href":"https:\/\/seic.com.co\/index.php\/wp-json\/wp\/v2\/etheme_brands?post=4384"},{"taxonomy":"product_brand","embeddable":true,"href":"https:\/\/seic.com.co\/index.php\/wp-json\/wp\/v2\/product_brand?post=4384"},{"taxonomy":"product_cat","embeddable":true,"href":"https:\/\/seic.com.co\/index.php\/wp-json\/wp\/v2\/product_cat?post=4384"},{"taxonomy":"product_tag","embeddable":true,"href":"https:\/\/seic.com.co\/index.php\/wp-json\/wp\/v2\/product_tag?post=4384"}],"curies":[{"name":"wp","href":"https:\/\/api.w.org\/{rel}","templated":true}]}}