{"id":4385,"date":"2023-08-16T17:16:34","date_gmt":"2023-08-16T17:16:34","guid":{"rendered":"https:\/\/seic.com.co\/index.php\/product\/zc-sg\/"},"modified":"2023-08-22T19:36:09","modified_gmt":"2023-08-22T19:36:09","slug":"zc-sg","status":"publish","type":"product","link":"https:\/\/seic.com.co\/index.php\/product\/zc-sg\/","title":{"rendered":"M\u00f3dulo para galgas ZC-SG"},"content":{"rendered":"<p>ZC-SG es un convertidor de se\u00f1al de galgas extensom\u00e9tricas. Las mediciones realizadas con la t\u00e9cnica de 6 o 4 hilos est\u00e1n disponibles a trav\u00e9s del protocolo CANopen. Sensibilidad de 1 a 64mV\/V configurable por DIP switch para valores enteros, v\u00eda software para valores reales\/enteros. Indicaci\u00f3n de peso estable v\u00eda CANopen\/salida digital. Escritura remota de la tara en memoria vol\u00e1til y\/o no vol\u00e1til por entrada digital\/CANopen.<\/p>\n","protected":false},"excerpt":{"rendered":"<p>M\u00f3dulo CANopen de galgas extensom\u00e9tricas 1-CH<\/p>\n","protected":false},"featured_media":2949,"comment_status":"open","ping_status":"closed","template":"","meta":[],"pwb-brand":[663],"etheme_brands":[{"term_id":162,"name":"SENECA","slug":"seneca","term_group":0,"term_taxonomy_id":162,"taxonomy":"brand","description":"","parent":0,"count":167,"filter":"raw"}],"product_brand":[],"product_cat":[661],"product_tag":[595,600,338,127,54,599],"class_list":{"0":"post-4385","1":"product","2":"type-product","3":"status-publish","4":"has-post-thumbnail","6":"pwb-brand-seneca","7":"brand-seneca","8":"product_cat-modulos-e-s-analogicos-canopen","9":"product_tag-canopen","10":"product_tag-extensometricas","11":"product_tag-galgas","12":"product_tag-seic","13":"product_tag-seneca","14":"product_tag-zc-sg","16":"first","17":"instock","18":"taxable","19":"shipping-taxable","20":"purchasable","21":"product-type-simple"},"brands":[{"id":663,"name":"SENECA","slug":"seneca"}],"_links":{"self":[{"href":"https:\/\/seic.com.co\/index.php\/wp-json\/wp\/v2\/product\/4385","targetHints":{"allow":["GET"]}}],"collection":[{"href":"https:\/\/seic.com.co\/index.php\/wp-json\/wp\/v2\/product"}],"about":[{"href":"https:\/\/seic.com.co\/index.php\/wp-json\/wp\/v2\/types\/product"}],"replies":[{"embeddable":true,"href":"https:\/\/seic.com.co\/index.php\/wp-json\/wp\/v2\/comments?post=4385"}],"version-history":[{"count":1,"href":"https:\/\/seic.com.co\/index.php\/wp-json\/wp\/v2\/product\/4385\/revisions"}],"predecessor-version":[{"id":4555,"href":"https:\/\/seic.com.co\/index.php\/wp-json\/wp\/v2\/product\/4385\/revisions\/4555"}],"wp:featuredmedia":[{"embeddable":true,"href":"https:\/\/seic.com.co\/index.php\/wp-json\/wp\/v2\/media\/2949"}],"wp:attachment":[{"href":"https:\/\/seic.com.co\/index.php\/wp-json\/wp\/v2\/media?parent=4385"}],"wp:term":[{"taxonomy":"pwb-brand","embeddable":true,"href":"https:\/\/seic.com.co\/index.php\/wp-json\/wp\/v2\/pwb-brand?post=4385"},{"taxonomy":"brand","embeddable":true,"href":"https:\/\/seic.com.co\/index.php\/wp-json\/wp\/v2\/etheme_brands?post=4385"},{"taxonomy":"product_brand","embeddable":true,"href":"https:\/\/seic.com.co\/index.php\/wp-json\/wp\/v2\/product_brand?post=4385"},{"taxonomy":"product_cat","embeddable":true,"href":"https:\/\/seic.com.co\/index.php\/wp-json\/wp\/v2\/product_cat?post=4385"},{"taxonomy":"product_tag","embeddable":true,"href":"https:\/\/seic.com.co\/index.php\/wp-json\/wp\/v2\/product_tag?post=4385"}],"curies":[{"name":"wp","href":"https:\/\/api.w.org\/{rel}","templated":true}]}}