{"id":4386,"date":"2023-08-16T17:16:34","date_gmt":"2023-08-16T17:16:34","guid":{"rendered":"https:\/\/seic.com.co\/index.php\/product\/z-daq-pid\/"},"modified":"2023-08-22T19:36:09","modified_gmt":"2023-08-22T19:36:09","slug":"z-daq-pid","status":"publish","type":"product","link":"https:\/\/seic.com.co\/index.php\/product\/z-daq-pid\/","title":{"rendered":"M\u00f3dulo Z-DAQ-PID"},"content":{"rendered":"<p>Z-DAQ-PID tiene una entrada anal\u00f3gica universal (mA, V, PT100, TC, Ohm) y una salida activa de 4..20 mA o 0..20 mA para control de bucle continuo o PWM (modulaci\u00f3n de ancho de pulso). Esta funcionalidad se puede desactivar y la unidad se puede utilizar como entrada anal\u00f3gica y salida anal\u00f3gica independientes entre s\u00ed. El m\u00f3dulo es ModBUS Slave y se puede acoplar con cualquier dispositivo ModBUS Master. Un aislamiento galv\u00e1nico de 3 v\u00edas entre la fuente de alimentaci\u00f3n \/\/ entrada \/\/ circuitos RS485 asegura la integridad de sus datos.<\/p>\n","protected":false},"excerpt":{"rendered":"<p>1 CH AI \/ RS485 ModBUS RTU con regulaci\u00f3n PID<\/p>\n","protected":false},"featured_media":2950,"comment_status":"open","ping_status":"closed","template":"","meta":[],"pwb-brand":[663],"etheme_brands":[],"product_brand":[],"product_cat":[660],"product_tag":[255,95,222,543,127,54,601],"class_list":{"0":"post-4386","1":"product","2":"type-product","3":"status-publish","4":"has-post-thumbnail","6":"pwb-brand-seneca","7":"product_cat-modulos-e-s-analogicos-modbus-rtu","8":"product_tag-corriente","9":"product_tag-modbus","10":"product_tag-rs485","11":"product_tag-rtu","12":"product_tag-seic","13":"product_tag-seneca","14":"product_tag-z-daq-pid","16":"first","17":"instock","18":"taxable","19":"shipping-taxable","20":"purchasable","21":"product-type-simple"},"brands":[{"id":663,"name":"SENECA","slug":"seneca"}],"_links":{"self":[{"href":"https:\/\/seic.com.co\/index.php\/wp-json\/wp\/v2\/product\/4386","targetHints":{"allow":["GET"]}}],"collection":[{"href":"https:\/\/seic.com.co\/index.php\/wp-json\/wp\/v2\/product"}],"about":[{"href":"https:\/\/seic.com.co\/index.php\/wp-json\/wp\/v2\/types\/product"}],"replies":[{"embeddable":true,"href":"https:\/\/seic.com.co\/index.php\/wp-json\/wp\/v2\/comments?post=4386"}],"version-history":[{"count":1,"href":"https:\/\/seic.com.co\/index.php\/wp-json\/wp\/v2\/product\/4386\/revisions"}],"predecessor-version":[{"id":4556,"href":"https:\/\/seic.com.co\/index.php\/wp-json\/wp\/v2\/product\/4386\/revisions\/4556"}],"wp:featuredmedia":[{"embeddable":true,"href":"https:\/\/seic.com.co\/index.php\/wp-json\/wp\/v2\/media\/2950"}],"wp:attachment":[{"href":"https:\/\/seic.com.co\/index.php\/wp-json\/wp\/v2\/media?parent=4386"}],"wp:term":[{"taxonomy":"pwb-brand","embeddable":true,"href":"https:\/\/seic.com.co\/index.php\/wp-json\/wp\/v2\/pwb-brand?post=4386"},{"taxonomy":"brand","embeddable":true,"href":"https:\/\/seic.com.co\/index.php\/wp-json\/wp\/v2\/etheme_brands?post=4386"},{"taxonomy":"product_brand","embeddable":true,"href":"https:\/\/seic.com.co\/index.php\/wp-json\/wp\/v2\/product_brand?post=4386"},{"taxonomy":"product_cat","embeddable":true,"href":"https:\/\/seic.com.co\/index.php\/wp-json\/wp\/v2\/product_cat?post=4386"},{"taxonomy":"product_tag","embeddable":true,"href":"https:\/\/seic.com.co\/index.php\/wp-json\/wp\/v2\/product_tag?post=4386"}],"curies":[{"name":"wp","href":"https:\/\/api.w.org\/{rel}","templated":true}]}}