{"id":4388,"date":"2023-08-16T17:16:34","date_gmt":"2023-08-16T17:16:34","guid":{"rendered":"https:\/\/seic.com.co\/index.php\/product\/zd-io\/"},"modified":"2026-03-06T17:25:35","modified_gmt":"2026-03-06T17:25:35","slug":"zd-io","status":"publish","type":"product","link":"https:\/\/seic.com.co\/index.php\/product\/zd-io\/","title":{"rendered":"M\u00f3dulo ZD-IO"},"content":{"rendered":"<p>Z-D-IO tiene N.6 entradas digitales, N.2 rel\u00e9s SPST, capacidad de 2Aac, 250 Vac. Puede ser utilizado como un simple m\u00f3dulo de Entrada\/Salida o, a trav\u00e9s de dip-switches, es posible activar funciones especiales para accionar motores, v\u00e1lvulas neum\u00e1ticas y motorizadas. El m\u00f3dulo es ModBUS Slave y puede acoplarse con cualquier dispositivo ModBUS Master. Un aislamiento galv\u00e1nico de 3 v\u00edas entre los circuitos de alimentaci\u00f3n \/\/ salida \/\/ RS485 asegura la integridad de sus datos. ADVERTENCIA: El producto ha sido reemplazado por el modelo Z-5DI-2DO. Z-D-IO permanece disponible y est\u00e1 sujeto a acuerdos de suministro solo para entregas programadas anuales. Para obtener m\u00e1s informaci\u00f3n, p\u00f3ngase en contacto con nuestras oficinas de ventas en sales@seneca.it.<\/p>\n","protected":false},"excerpt":{"rendered":"<p>M\u00f3dulo 6 CH DI \/ 2 CH DO \/ RS485 ModBUS RTU<\/p>\n","protected":false},"featured_media":2952,"comment_status":"open","ping_status":"closed","template":"","meta":[],"pwb-brand":[663],"etheme_brands":[{"term_id":162,"name":"SENECA","slug":"seneca","term_group":0,"term_taxonomy_id":162,"taxonomy":"brand","description":"","parent":0,"count":167,"filter":"raw"}],"product_brand":[],"product_cat":[645],"product_tag":[355,95,127,54,603],"class_list":{"0":"post-4388","1":"product","2":"type-product","3":"status-publish","4":"has-post-thumbnail","6":"pwb-brand-seneca","7":"brand-seneca","8":"product_cat-modulos-e-s-modbus-rtu","9":"product_tag-aislamiento","10":"product_tag-modbus","11":"product_tag-seic","12":"product_tag-seneca","13":"product_tag-zd-io","15":"first","16":"instock","17":"taxable","18":"shipping-taxable","19":"purchasable","20":"product-type-simple"},"brands":[{"id":663,"name":"SENECA","slug":"seneca"}],"_links":{"self":[{"href":"https:\/\/seic.com.co\/index.php\/wp-json\/wp\/v2\/product\/4388","targetHints":{"allow":["GET"]}}],"collection":[{"href":"https:\/\/seic.com.co\/index.php\/wp-json\/wp\/v2\/product"}],"about":[{"href":"https:\/\/seic.com.co\/index.php\/wp-json\/wp\/v2\/types\/product"}],"replies":[{"embeddable":true,"href":"https:\/\/seic.com.co\/index.php\/wp-json\/wp\/v2\/comments?post=4388"}],"version-history":[{"count":1,"href":"https:\/\/seic.com.co\/index.php\/wp-json\/wp\/v2\/product\/4388\/revisions"}],"predecessor-version":[{"id":4558,"href":"https:\/\/seic.com.co\/index.php\/wp-json\/wp\/v2\/product\/4388\/revisions\/4558"}],"wp:featuredmedia":[{"embeddable":true,"href":"https:\/\/seic.com.co\/index.php\/wp-json\/wp\/v2\/media\/2952"}],"wp:attachment":[{"href":"https:\/\/seic.com.co\/index.php\/wp-json\/wp\/v2\/media?parent=4388"}],"wp:term":[{"taxonomy":"pwb-brand","embeddable":true,"href":"https:\/\/seic.com.co\/index.php\/wp-json\/wp\/v2\/pwb-brand?post=4388"},{"taxonomy":"brand","embeddable":true,"href":"https:\/\/seic.com.co\/index.php\/wp-json\/wp\/v2\/etheme_brands?post=4388"},{"taxonomy":"product_brand","embeddable":true,"href":"https:\/\/seic.com.co\/index.php\/wp-json\/wp\/v2\/product_brand?post=4388"},{"taxonomy":"product_cat","embeddable":true,"href":"https:\/\/seic.com.co\/index.php\/wp-json\/wp\/v2\/product_cat?post=4388"},{"taxonomy":"product_tag","embeddable":true,"href":"https:\/\/seic.com.co\/index.php\/wp-json\/wp\/v2\/product_tag?post=4388"}],"curies":[{"name":"wp","href":"https:\/\/api.w.org\/{rel}","templated":true}]}}