{"id":4389,"date":"2023-08-16T17:16:34","date_gmt":"2023-08-16T17:16:34","guid":{"rendered":"https:\/\/seic.com.co\/index.php\/product\/zd-out\/"},"modified":"2023-10-22T00:46:34","modified_gmt":"2023-10-22T00:46:34","slug":"zd-out","status":"publish","type":"product","link":"https:\/\/seic.com.co\/index.php\/product\/zd-out\/","title":{"rendered":"M\u00f3dulo de rel\u00e9 ZD-OUT"},"content":{"rendered":"<p>El Z-D-OUT se utiliza para controlar los rel\u00e9s N.5 SPST de todos los sistemas de control que pueden comunicarse con el protocolo de transmisi\u00f3n MODBUS RTU a trav\u00e9s de la interfaz serial RS485. El instrumento posee N.5 rel\u00e9s SPST, capacidad de carga resistiva de 5 A 250Vac, carga inductiva de 2 A. El m\u00f3dulo es ModBUS Slave y puede acoplarse con cualquier dispositivo ModBUS Master. Un aislamiento galv\u00e1nico de 3 v\u00edas entre la fuente de alimentaci\u00f3n \/\/ salida \/\/ circuitos RS485 asegura la integridad de sus datos.<\/p>\n","protected":false},"excerpt":{"rendered":"<p>M\u00f3dulo de rel\u00e9 5 CH DO \/ RS485 ModBUS RTU<\/p>\n","protected":false},"featured_media":2953,"comment_status":"open","ping_status":"closed","template":"","meta":[],"pwb-brand":[663],"etheme_brands":[{"term_id":162,"name":"SENECA","slug":"seneca","term_group":0,"term_taxonomy_id":162,"taxonomy":"brand","description":"","parent":0,"count":167,"filter":"raw"}],"product_brand":[],"product_cat":[662],"product_tag":[95,222,543,127,54,604],"class_list":{"0":"post-4389","1":"product","2":"type-product","3":"status-publish","4":"has-post-thumbnail","6":"pwb-brand-seneca","7":"brand-seneca","8":"product_cat-modulos-e-s-digitales","9":"product_tag-modbus","10":"product_tag-rs485","11":"product_tag-rtu","12":"product_tag-seic","13":"product_tag-seneca","14":"product_tag-zd-out","16":"first","17":"instock","18":"taxable","19":"shipping-taxable","20":"purchasable","21":"product-type-simple"},"brands":[{"id":663,"name":"SENECA","slug":"seneca"}],"_links":{"self":[{"href":"https:\/\/seic.com.co\/index.php\/wp-json\/wp\/v2\/product\/4389","targetHints":{"allow":["GET"]}}],"collection":[{"href":"https:\/\/seic.com.co\/index.php\/wp-json\/wp\/v2\/product"}],"about":[{"href":"https:\/\/seic.com.co\/index.php\/wp-json\/wp\/v2\/types\/product"}],"replies":[{"embeddable":true,"href":"https:\/\/seic.com.co\/index.php\/wp-json\/wp\/v2\/comments?post=4389"}],"version-history":[{"count":1,"href":"https:\/\/seic.com.co\/index.php\/wp-json\/wp\/v2\/product\/4389\/revisions"}],"predecessor-version":[{"id":4559,"href":"https:\/\/seic.com.co\/index.php\/wp-json\/wp\/v2\/product\/4389\/revisions\/4559"}],"wp:featuredmedia":[{"embeddable":true,"href":"https:\/\/seic.com.co\/index.php\/wp-json\/wp\/v2\/media\/2953"}],"wp:attachment":[{"href":"https:\/\/seic.com.co\/index.php\/wp-json\/wp\/v2\/media?parent=4389"}],"wp:term":[{"taxonomy":"pwb-brand","embeddable":true,"href":"https:\/\/seic.com.co\/index.php\/wp-json\/wp\/v2\/pwb-brand?post=4389"},{"taxonomy":"brand","embeddable":true,"href":"https:\/\/seic.com.co\/index.php\/wp-json\/wp\/v2\/etheme_brands?post=4389"},{"taxonomy":"product_brand","embeddable":true,"href":"https:\/\/seic.com.co\/index.php\/wp-json\/wp\/v2\/product_brand?post=4389"},{"taxonomy":"product_cat","embeddable":true,"href":"https:\/\/seic.com.co\/index.php\/wp-json\/wp\/v2\/product_cat?post=4389"},{"taxonomy":"product_tag","embeddable":true,"href":"https:\/\/seic.com.co\/index.php\/wp-json\/wp\/v2\/product_tag?post=4389"}],"curies":[{"name":"wp","href":"https:\/\/api.w.org\/{rel}","templated":true}]}}