{"id":4390,"date":"2023-08-16T17:16:34","date_gmt":"2023-08-16T17:16:34","guid":{"rendered":"https:\/\/seic.com.co\/index.php\/product\/ze-2ai\/"},"modified":"2023-08-22T19:36:11","modified_gmt":"2023-08-22T19:36:11","slug":"ze-2ai","status":"publish","type":"product","link":"https:\/\/seic.com.co\/index.php\/product\/ze-2ai\/","title":{"rendered":"M\u00f3dulo de E\/S ZE-2AI"},"content":{"rendered":"<p>ZE-2AI es un m\u00f3dulo de E\/S con 2 entradas anal\u00f3gicas para comunicaci\u00f3n de esclavos sobre Modbus TCP-IP (Ethernet) y Modbus RTU. El m\u00f3dulo tiene funcionalidad de servidor para el puerto de comunicaci\u00f3n Ethernet de 100 Mbit\/s con protocolo Modbus TCP-IP y puede soportar 4 clientes y 1 Embedded Webserver. El m\u00f3dulo permite configurar los par\u00e1metros a trav\u00e9s de Ethernet (Webserver) o un puerto serie utilizando un adaptador USB\/RS485 y el paquete de software (Easy setup 2). Tambi\u00e9n es posible repetir registros Modbus en protocolo TCP-IP (nr. 1 puerto Ethernet) y Modbus RTU (nr. 2 puertos Rs485 esclavos independientes).<\/p>\n","protected":false},"excerpt":{"rendered":"<p>M\u00f3dulo con 2 entradas anal\u00f3gicas, ModBUS RTU \/ ModBUS TCP-IP<\/p>\n","protected":false},"featured_media":2954,"comment_status":"open","ping_status":"closed","template":"","meta":[],"pwb-brand":[663],"etheme_brands":[{"term_id":162,"name":"SENECA","slug":"seneca","term_group":0,"term_taxonomy_id":162,"taxonomy":"brand","description":"","parent":0,"count":167,"filter":"raw"}],"product_brand":[],"product_cat":[646],"product_tag":[95,543,127,54,339,605],"class_list":{"0":"post-4390","1":"product","2":"type-product","3":"status-publish","4":"has-post-thumbnail","6":"pwb-brand-seneca","7":"brand-seneca","8":"product_cat-sistemas-de-e-s-profinet","9":"product_tag-modbus","10":"product_tag-rtu","11":"product_tag-seic","12":"product_tag-seneca","13":"product_tag-tcp-ip","14":"product_tag-ze-2ai","16":"first","17":"instock","18":"taxable","19":"shipping-taxable","20":"purchasable","21":"product-type-simple"},"brands":[{"id":663,"name":"SENECA","slug":"seneca"}],"_links":{"self":[{"href":"https:\/\/seic.com.co\/index.php\/wp-json\/wp\/v2\/product\/4390","targetHints":{"allow":["GET"]}}],"collection":[{"href":"https:\/\/seic.com.co\/index.php\/wp-json\/wp\/v2\/product"}],"about":[{"href":"https:\/\/seic.com.co\/index.php\/wp-json\/wp\/v2\/types\/product"}],"replies":[{"embeddable":true,"href":"https:\/\/seic.com.co\/index.php\/wp-json\/wp\/v2\/comments?post=4390"}],"version-history":[{"count":1,"href":"https:\/\/seic.com.co\/index.php\/wp-json\/wp\/v2\/product\/4390\/revisions"}],"predecessor-version":[{"id":4560,"href":"https:\/\/seic.com.co\/index.php\/wp-json\/wp\/v2\/product\/4390\/revisions\/4560"}],"wp:featuredmedia":[{"embeddable":true,"href":"https:\/\/seic.com.co\/index.php\/wp-json\/wp\/v2\/media\/2954"}],"wp:attachment":[{"href":"https:\/\/seic.com.co\/index.php\/wp-json\/wp\/v2\/media?parent=4390"}],"wp:term":[{"taxonomy":"pwb-brand","embeddable":true,"href":"https:\/\/seic.com.co\/index.php\/wp-json\/wp\/v2\/pwb-brand?post=4390"},{"taxonomy":"brand","embeddable":true,"href":"https:\/\/seic.com.co\/index.php\/wp-json\/wp\/v2\/etheme_brands?post=4390"},{"taxonomy":"product_brand","embeddable":true,"href":"https:\/\/seic.com.co\/index.php\/wp-json\/wp\/v2\/product_brand?post=4390"},{"taxonomy":"product_cat","embeddable":true,"href":"https:\/\/seic.com.co\/index.php\/wp-json\/wp\/v2\/product_cat?post=4390"},{"taxonomy":"product_tag","embeddable":true,"href":"https:\/\/seic.com.co\/index.php\/wp-json\/wp\/v2\/product_tag?post=4390"}],"curies":[{"name":"wp","href":"https:\/\/api.w.org\/{rel}","templated":true}]}}