{"id":4393,"date":"2023-08-16T17:16:36","date_gmt":"2023-08-16T17:16:36","guid":{"rendered":"https:\/\/seic.com.co\/index.php\/product\/ze-4di-2ai-2do-p\/"},"modified":"2023-08-22T19:36:12","modified_gmt":"2023-08-22T19:36:12","slug":"ze-4di-2ai-2do-p","status":"publish","type":"product","link":"https:\/\/seic.com.co\/index.php\/product\/ze-4di-2ai-2do-p\/","title":{"rendered":"M\u00f3dulo de E\/S ZE-4DI-2AI-2DO-P"},"content":{"rendered":"<p>ZE-4DI-2AI-2DO-P es un m\u00f3dulo de E\/S Profinet con 4 entradas digitales, 2 entradas anal\u00f3gicas, 2 salidas de rel\u00e9 digitales y 1 puerto Ethernet. El m\u00f3dulo cuenta con aislamiento entre las entradas y circuitos de baja tensi\u00f3n de 1.500 Vac. La configuraci\u00f3n se puede realizar mediante el software CODESYS softPLC y el entorno de dise\u00f1o TiA Portal\/Simatic Step7.<\/p>\n","protected":false},"excerpt":{"rendered":"<p>Entrada digital de 4 canales\/entrada anal\u00f3gica de 2 canales, m\u00f3dulo Profinet IO de salida digital de 2 canales<\/p>\n","protected":false},"featured_media":2955,"comment_status":"open","ping_status":"closed","template":"","meta":[],"pwb-brand":[663],"etheme_brands":[{"term_id":162,"name":"SENECA","slug":"seneca","term_group":0,"term_taxonomy_id":162,"taxonomy":"brand","description":"","parent":0,"count":167,"filter":"raw"}],"product_brand":[],"product_cat":[646],"product_tag":[355,320,127,54,609],"class_list":{"0":"post-4393","1":"product","2":"type-product","3":"status-publish","4":"has-post-thumbnail","6":"pwb-brand-seneca","7":"brand-seneca","8":"product_cat-sistemas-de-e-s-profinet","9":"product_tag-aislamiento","10":"product_tag-ethernet","11":"product_tag-seic","12":"product_tag-seneca","13":"product_tag-ze-4di-2ai-2do-p","15":"first","16":"instock","17":"taxable","18":"shipping-taxable","19":"purchasable","20":"product-type-simple"},"brands":[{"id":663,"name":"SENECA","slug":"seneca"}],"_links":{"self":[{"href":"https:\/\/seic.com.co\/index.php\/wp-json\/wp\/v2\/product\/4393","targetHints":{"allow":["GET"]}}],"collection":[{"href":"https:\/\/seic.com.co\/index.php\/wp-json\/wp\/v2\/product"}],"about":[{"href":"https:\/\/seic.com.co\/index.php\/wp-json\/wp\/v2\/types\/product"}],"replies":[{"embeddable":true,"href":"https:\/\/seic.com.co\/index.php\/wp-json\/wp\/v2\/comments?post=4393"}],"version-history":[{"count":1,"href":"https:\/\/seic.com.co\/index.php\/wp-json\/wp\/v2\/product\/4393\/revisions"}],"predecessor-version":[{"id":4563,"href":"https:\/\/seic.com.co\/index.php\/wp-json\/wp\/v2\/product\/4393\/revisions\/4563"}],"wp:featuredmedia":[{"embeddable":true,"href":"https:\/\/seic.com.co\/index.php\/wp-json\/wp\/v2\/media\/2955"}],"wp:attachment":[{"href":"https:\/\/seic.com.co\/index.php\/wp-json\/wp\/v2\/media?parent=4393"}],"wp:term":[{"taxonomy":"pwb-brand","embeddable":true,"href":"https:\/\/seic.com.co\/index.php\/wp-json\/wp\/v2\/pwb-brand?post=4393"},{"taxonomy":"brand","embeddable":true,"href":"https:\/\/seic.com.co\/index.php\/wp-json\/wp\/v2\/etheme_brands?post=4393"},{"taxonomy":"product_brand","embeddable":true,"href":"https:\/\/seic.com.co\/index.php\/wp-json\/wp\/v2\/product_brand?post=4393"},{"taxonomy":"product_cat","embeddable":true,"href":"https:\/\/seic.com.co\/index.php\/wp-json\/wp\/v2\/product_cat?post=4393"},{"taxonomy":"product_tag","embeddable":true,"href":"https:\/\/seic.com.co\/index.php\/wp-json\/wp\/v2\/product_tag?post=4393"}],"curies":[{"name":"wp","href":"https:\/\/api.w.org\/{rel}","templated":true}]}}