{"id":4395,"date":"2023-08-16T17:16:36","date_gmt":"2023-08-16T17:16:36","guid":{"rendered":"https:\/\/seic.com.co\/index.php\/product\/z-flowcomputer-b\/"},"modified":"2023-08-22T19:36:12","modified_gmt":"2023-08-22T19:36:12","slug":"z-flowcomputer-b","status":"publish","type":"product","link":"https:\/\/seic.com.co\/index.php\/product\/z-flowcomputer-b\/","title":{"rendered":"Z-FLOWCOMPUTER-B"},"content":{"rendered":"<p>Z-FLOWCOMPUTER-B es una computadora de flujo para aplicaciones de agua, vapor y gas. La unidad est\u00e1 equipada con nr. 4 entradas digitales PNP\/NPN, nr. 2 entradas anal\u00f3gicas tensi\u00f3n\/corriente, nr. 1 entrada anal\u00f3gica universal, nr. 2 salidas digitales de rel\u00e9 y nr. 1 salida anal\u00f3gica de tensi\u00f3n\/corriente. La versatilidad de este controlador, que est\u00e1 garantizada por diferentes est\u00e1ndares de se\u00f1ales de entrada, permite su uso en aplicaciones como caudal corregido o c\u00e1lculo de eficiencia energ\u00e9tica para emisi\u00f3n de certificados blancos. El factor de compresibilidad de las aplicaciones de agua y vapor se calcula de acuerdo con el est\u00e1ndar internacional IAPWS IF-97, mientras que la compensaci\u00f3n y la totalizaci\u00f3n del caudal para GAS NATURAL y REAL se calculan de acuerdo con SGERG88 ISO 12213-3, AGA8 GROSS, AGA8 92-DC ISO 12213-2, Est\u00e1ndares de c\u00e1lculo de algoritmos RK y RKS.<\/p>\n","protected":false},"excerpt":{"rendered":"<p>Computadora universal de energ\u00eda y flujo<\/p>\n","protected":false},"featured_media":2957,"comment_status":"open","ping_status":"closed","template":"","meta":[],"pwb-brand":[663],"etheme_brands":[{"term_id":162,"name":"SENECA","slug":"seneca","term_group":0,"term_taxonomy_id":162,"taxonomy":"brand","description":"","parent":0,"count":167,"filter":"raw"}],"product_brand":[],"product_cat":[657],"product_tag":[612,614,293,480,127,54,613,615],"class_list":{"0":"post-4395","1":"product","2":"type-product","3":"status-publish","4":"has-post-thumbnail","6":"pwb-brand-seneca","7":"brand-seneca","8":"product_cat-controlador-de-proceso-y-computador-de-caudal","9":"product_tag-agua","10":"product_tag-flujo","11":"product_tag-gas","12":"product_tag-hmi","13":"product_tag-seic","14":"product_tag-seneca","15":"product_tag-vapor","16":"product_tag-z-flowcomputer-b","18":"first","19":"instock","20":"taxable","21":"shipping-taxable","22":"purchasable","23":"product-type-simple"},"brands":[{"id":663,"name":"SENECA","slug":"seneca"}],"_links":{"self":[{"href":"https:\/\/seic.com.co\/index.php\/wp-json\/wp\/v2\/product\/4395","targetHints":{"allow":["GET"]}}],"collection":[{"href":"https:\/\/seic.com.co\/index.php\/wp-json\/wp\/v2\/product"}],"about":[{"href":"https:\/\/seic.com.co\/index.php\/wp-json\/wp\/v2\/types\/product"}],"replies":[{"embeddable":true,"href":"https:\/\/seic.com.co\/index.php\/wp-json\/wp\/v2\/comments?post=4395"}],"version-history":[{"count":1,"href":"https:\/\/seic.com.co\/index.php\/wp-json\/wp\/v2\/product\/4395\/revisions"}],"predecessor-version":[{"id":4588,"href":"https:\/\/seic.com.co\/index.php\/wp-json\/wp\/v2\/product\/4395\/revisions\/4588"}],"wp:featuredmedia":[{"embeddable":true,"href":"https:\/\/seic.com.co\/index.php\/wp-json\/wp\/v2\/media\/2957"}],"wp:attachment":[{"href":"https:\/\/seic.com.co\/index.php\/wp-json\/wp\/v2\/media?parent=4395"}],"wp:term":[{"taxonomy":"pwb-brand","embeddable":true,"href":"https:\/\/seic.com.co\/index.php\/wp-json\/wp\/v2\/pwb-brand?post=4395"},{"taxonomy":"brand","embeddable":true,"href":"https:\/\/seic.com.co\/index.php\/wp-json\/wp\/v2\/etheme_brands?post=4395"},{"taxonomy":"product_brand","embeddable":true,"href":"https:\/\/seic.com.co\/index.php\/wp-json\/wp\/v2\/product_brand?post=4395"},{"taxonomy":"product_cat","embeddable":true,"href":"https:\/\/seic.com.co\/index.php\/wp-json\/wp\/v2\/product_cat?post=4395"},{"taxonomy":"product_tag","embeddable":true,"href":"https:\/\/seic.com.co\/index.php\/wp-json\/wp\/v2\/product_tag?post=4395"}],"curies":[{"name":"wp","href":"https:\/\/api.w.org\/{rel}","templated":true}]}}