{"id":4405,"date":"2023-08-16T17:16:38","date_gmt":"2023-08-16T17:16:38","guid":{"rendered":"https:\/\/seic.com.co\/index.php\/product\/z-supply\/"},"modified":"2025-06-03T11:14:22","modified_gmt":"2025-06-03T11:14:22","slug":"z-supply","status":"publish","type":"product","link":"https:\/\/seic.com.co\/index.php\/product\/z-supply\/","title":{"rendered":"Fuente conmutada Z-SUPPLY"},"content":{"rendered":"<p>Z-SUPPLY es una fuente de alimentaci\u00f3n conmutada monof\u00e1sica con tensi\u00f3n nominal de entrada de CA de 110 Vca a 230 Vca a 47 Hz-63 Hz, 0,7 A y tensi\u00f3n nominal de entrada de CC de 110 Vcc a 315 Vcc a 0,7 A. Tensi\u00f3n de salida de Z-SUPPLY es igual a 24 Vdc \u00b1 2%. Es posible la redundancia entre dos Z-SUPPLY a trav\u00e9s de una conexi\u00f3n en paralelo de su respectiva salida, \u00fanicamente por conector IDC10. El m\u00f3dulo ofrece una corriente m\u00e1xima de salida de 1,5 A: 1,5 A y est\u00e1 provisto de un fusible interno, de 1,25 A, tipo T (retardado), para la protecci\u00f3n contra sobrecorriente y sobretensi\u00f3n. Z-SUPPLY est\u00e1 concebido para una r\u00e1pida instalaci\u00f3n en carril DIN 46277.<\/p>\n","protected":false},"excerpt":{"rendered":"<p>Alimentador switching monof\u00e1sico 24V @ 1,5 A<\/p>\n","protected":false},"featured_media":2967,"comment_status":"open","ping_status":"closed","template":"","meta":[],"pwb-brand":[663],"etheme_brands":[{"term_id":162,"name":"SENECA","slug":"seneca","term_group":0,"term_taxonomy_id":162,"taxonomy":"brand","description":"","parent":0,"count":167,"filter":"raw"}],"product_brand":[],"product_cat":[644],"product_tag":[630,127,54,629],"class_list":{"0":"post-4405","1":"product","2":"type-product","3":"status-publish","4":"has-post-thumbnail","6":"pwb-brand-seneca","7":"brand-seneca","8":"product_cat-accesorios-adquisicion-de-datos","9":"product_tag-fuente-conmutada","10":"product_tag-seic","11":"product_tag-seneca","12":"product_tag-z-supply","14":"first","15":"instock","16":"taxable","17":"shipping-taxable","18":"purchasable","19":"product-type-simple"},"brands":[{"id":663,"name":"SENECA","slug":"seneca"}],"_links":{"self":[{"href":"https:\/\/seic.com.co\/index.php\/wp-json\/wp\/v2\/product\/4405","targetHints":{"allow":["GET"]}}],"collection":[{"href":"https:\/\/seic.com.co\/index.php\/wp-json\/wp\/v2\/product"}],"about":[{"href":"https:\/\/seic.com.co\/index.php\/wp-json\/wp\/v2\/types\/product"}],"replies":[{"embeddable":true,"href":"https:\/\/seic.com.co\/index.php\/wp-json\/wp\/v2\/comments?post=4405"}],"version-history":[{"count":2,"href":"https:\/\/seic.com.co\/index.php\/wp-json\/wp\/v2\/product\/4405\/revisions"}],"predecessor-version":[{"id":4583,"href":"https:\/\/seic.com.co\/index.php\/wp-json\/wp\/v2\/product\/4405\/revisions\/4583"}],"wp:featuredmedia":[{"embeddable":true,"href":"https:\/\/seic.com.co\/index.php\/wp-json\/wp\/v2\/media\/2967"}],"wp:attachment":[{"href":"https:\/\/seic.com.co\/index.php\/wp-json\/wp\/v2\/media?parent=4405"}],"wp:term":[{"taxonomy":"pwb-brand","embeddable":true,"href":"https:\/\/seic.com.co\/index.php\/wp-json\/wp\/v2\/pwb-brand?post=4405"},{"taxonomy":"brand","embeddable":true,"href":"https:\/\/seic.com.co\/index.php\/wp-json\/wp\/v2\/etheme_brands?post=4405"},{"taxonomy":"product_brand","embeddable":true,"href":"https:\/\/seic.com.co\/index.php\/wp-json\/wp\/v2\/product_brand?post=4405"},{"taxonomy":"product_cat","embeddable":true,"href":"https:\/\/seic.com.co\/index.php\/wp-json\/wp\/v2\/product_cat?post=4405"},{"taxonomy":"product_tag","embeddable":true,"href":"https:\/\/seic.com.co\/index.php\/wp-json\/wp\/v2\/product_tag?post=4405"}],"curies":[{"name":"wp","href":"https:\/\/api.w.org\/{rel}","templated":true}]}}