{"id":4406,"date":"2023-08-16T17:16:38","date_gmt":"2023-08-16T17:16:38","guid":{"rendered":"https:\/\/seic.com.co\/index.php\/product\/z-tws11\/"},"modified":"2023-08-22T19:36:12","modified_gmt":"2023-08-22T19:36:12","slug":"z-tws11","status":"publish","type":"product","link":"https:\/\/seic.com.co\/index.php\/product\/z-tws11\/","title":{"rendered":"Controlador multifunci\u00f3n Z-TWS11"},"content":{"rendered":"<p>Z-TWS11 es un sistema de control de alto rendimiento y bajo costo para la automatizaci\u00f3n de plantas (Straton &#8211; Soft PLC\u00a0IEC 61131-3). A trav\u00e9s de la integraci\u00f3n con el entorno IDE Straton, Z-TWS11 admite protocolos de comunicaci\u00f3n est\u00e1ndar como Modbus RTU, Modbus TCP y protocolos personalizados. Adecuado para peque\u00f1os sistemas de control y aplicaciones de monitoreo.<\/p>\n","protected":false},"excerpt":{"rendered":"<p>Controlador multifunci\u00f3n IEC 61131, E\/S integrada, Straton<\/p>\n","protected":false},"featured_media":2969,"comment_status":"open","ping_status":"closed","template":"","meta":[],"pwb-brand":[663],"etheme_brands":[{"term_id":162,"name":"SENECA","slug":"seneca","term_group":0,"term_taxonomy_id":162,"taxonomy":"brand","description":"","parent":0,"count":167,"filter":"raw"}],"product_brand":[],"product_cat":[647],"product_tag":[127,54,631],"class_list":{"0":"post-4406","1":"product","2":"type-product","3":"status-publish","4":"has-post-thumbnail","6":"pwb-brand-seneca","7":"brand-seneca","8":"product_cat-controladores-multifuncion-iec-61131-3","9":"product_tag-seic","10":"product_tag-seneca","11":"product_tag-z-tws11","13":"first","14":"instock","15":"taxable","16":"shipping-taxable","17":"purchasable","18":"product-type-simple"},"brands":[{"id":663,"name":"SENECA","slug":"seneca"}],"_links":{"self":[{"href":"https:\/\/seic.com.co\/index.php\/wp-json\/wp\/v2\/product\/4406","targetHints":{"allow":["GET"]}}],"collection":[{"href":"https:\/\/seic.com.co\/index.php\/wp-json\/wp\/v2\/product"}],"about":[{"href":"https:\/\/seic.com.co\/index.php\/wp-json\/wp\/v2\/types\/product"}],"replies":[{"embeddable":true,"href":"https:\/\/seic.com.co\/index.php\/wp-json\/wp\/v2\/comments?post=4406"}],"version-history":[{"count":1,"href":"https:\/\/seic.com.co\/index.php\/wp-json\/wp\/v2\/product\/4406\/revisions"}],"predecessor-version":[{"id":4574,"href":"https:\/\/seic.com.co\/index.php\/wp-json\/wp\/v2\/product\/4406\/revisions\/4574"}],"wp:featuredmedia":[{"embeddable":true,"href":"https:\/\/seic.com.co\/index.php\/wp-json\/wp\/v2\/media\/2969"}],"wp:attachment":[{"href":"https:\/\/seic.com.co\/index.php\/wp-json\/wp\/v2\/media?parent=4406"}],"wp:term":[{"taxonomy":"pwb-brand","embeddable":true,"href":"https:\/\/seic.com.co\/index.php\/wp-json\/wp\/v2\/pwb-brand?post=4406"},{"taxonomy":"brand","embeddable":true,"href":"https:\/\/seic.com.co\/index.php\/wp-json\/wp\/v2\/etheme_brands?post=4406"},{"taxonomy":"product_brand","embeddable":true,"href":"https:\/\/seic.com.co\/index.php\/wp-json\/wp\/v2\/product_brand?post=4406"},{"taxonomy":"product_cat","embeddable":true,"href":"https:\/\/seic.com.co\/index.php\/wp-json\/wp\/v2\/product_cat?post=4406"},{"taxonomy":"product_tag","embeddable":true,"href":"https:\/\/seic.com.co\/index.php\/wp-json\/wp\/v2\/product_tag?post=4406"}],"curies":[{"name":"wp","href":"https:\/\/api.w.org\/{rel}","templated":true}]}}