{"id":4407,"date":"2023-08-16T17:16:38","date_gmt":"2023-08-16T17:16:38","guid":{"rendered":"https:\/\/seic.com.co\/index.php\/product\/z-tws4-s-io\/"},"modified":"2023-08-22T19:36:12","modified_gmt":"2023-08-22T19:36:12","slug":"z-tws4-s-io","status":"publish","type":"product","link":"https:\/\/seic.com.co\/index.php\/product\/z-tws4-s-io\/","title":{"rendered":"Controlador multifunci\u00f3n Z-TWS4-S-IO"},"content":{"rendered":"<p>El controlador multifunci\u00f3n Z-TWS4 es un moderno dispositivo modular todo en uno con alta conectividad. Esta CPU combina tareas de PLC basadas en la plataforma IEC 61131-3 Straton softLPLC con funcionalidades de servidor web, registrador de datos, control remoto, teleservicio y gesti\u00f3n de energ\u00eda (seg\u00fan los protocolos IEC 60870-101\/104, IEC 61850). El controlador se puede utilizar con diferentes arquitecturas y configuraciones seg\u00fan la complejidad del sistema y los requisitos de hardware. Z-TWS4 es un sistema de control avanzado con 4 E\/S integradas, 1 puerto CAN, 4 puertos serie, 2 puertos USB , doble puerto Ethernet. Esta CPU est\u00e1 dise\u00f1ada para la automatizaci\u00f3n de plantas (Straton &#8211; Soft PLC IEC 61131-3) y aplicaciones de Gesti\u00f3n de Energ\u00eda (gracias a los protocolos IEC 60870-5-101, IEC 60870-5-104, IEC 61850). Z-TWS4 es tambi\u00e9n una CPU basada en Linux concebida para aplicaciones de control y adquisici\u00f3n de datos.<\/p>\n","protected":false},"excerpt":{"rendered":"<p>Controlador multifunci\u00f3n IEC 61131, E\/S integradas, Straton<\/p>\n","protected":false},"featured_media":2968,"comment_status":"open","ping_status":"closed","template":"","meta":[],"pwb-brand":[663],"etheme_brands":[{"term_id":162,"name":"SENECA","slug":"seneca","term_group":0,"term_taxonomy_id":162,"taxonomy":"brand","description":"","parent":0,"count":167,"filter":"raw"}],"product_brand":[],"product_cat":[647],"product_tag":[127,54,632],"class_list":{"0":"post-4407","1":"product","2":"type-product","3":"status-publish","4":"has-post-thumbnail","6":"pwb-brand-seneca","7":"brand-seneca","8":"product_cat-controladores-multifuncion-iec-61131-3","9":"product_tag-seic","10":"product_tag-seneca","11":"product_tag-z-tws4-s-io","13":"first","14":"instock","15":"taxable","16":"shipping-taxable","17":"purchasable","18":"product-type-simple"},"brands":[{"id":663,"name":"SENECA","slug":"seneca"}],"_links":{"self":[{"href":"https:\/\/seic.com.co\/index.php\/wp-json\/wp\/v2\/product\/4407","targetHints":{"allow":["GET"]}}],"collection":[{"href":"https:\/\/seic.com.co\/index.php\/wp-json\/wp\/v2\/product"}],"about":[{"href":"https:\/\/seic.com.co\/index.php\/wp-json\/wp\/v2\/types\/product"}],"replies":[{"embeddable":true,"href":"https:\/\/seic.com.co\/index.php\/wp-json\/wp\/v2\/comments?post=4407"}],"version-history":[{"count":1,"href":"https:\/\/seic.com.co\/index.php\/wp-json\/wp\/v2\/product\/4407\/revisions"}],"predecessor-version":[{"id":4575,"href":"https:\/\/seic.com.co\/index.php\/wp-json\/wp\/v2\/product\/4407\/revisions\/4575"}],"wp:featuredmedia":[{"embeddable":true,"href":"https:\/\/seic.com.co\/index.php\/wp-json\/wp\/v2\/media\/2968"}],"wp:attachment":[{"href":"https:\/\/seic.com.co\/index.php\/wp-json\/wp\/v2\/media?parent=4407"}],"wp:term":[{"taxonomy":"pwb-brand","embeddable":true,"href":"https:\/\/seic.com.co\/index.php\/wp-json\/wp\/v2\/pwb-brand?post=4407"},{"taxonomy":"brand","embeddable":true,"href":"https:\/\/seic.com.co\/index.php\/wp-json\/wp\/v2\/etheme_brands?post=4407"},{"taxonomy":"product_brand","embeddable":true,"href":"https:\/\/seic.com.co\/index.php\/wp-json\/wp\/v2\/product_brand?post=4407"},{"taxonomy":"product_cat","embeddable":true,"href":"https:\/\/seic.com.co\/index.php\/wp-json\/wp\/v2\/product_cat?post=4407"},{"taxonomy":"product_tag","embeddable":true,"href":"https:\/\/seic.com.co\/index.php\/wp-json\/wp\/v2\/product_tag?post=4407"}],"curies":[{"name":"wp","href":"https:\/\/api.w.org\/{rel}","templated":true}]}}