{"id":4626,"date":"2023-08-30T15:42:36","date_gmt":"2023-08-30T15:42:36","guid":{"rendered":"https:\/\/seic.com.co\/?post_type=product&#038;p=4626"},"modified":"2023-08-30T15:57:18","modified_gmt":"2023-08-30T15:57:18","slug":"sitrans-th100","status":"publish","type":"product","link":"https:\/\/seic.com.co\/index.php\/product\/sitrans-th100\/","title":{"rendered":"Acondicionador SITRANS TH100"},"content":{"rendered":"<p>El transmisor SITRANS TH100 se utiliza para medir la temperatura con termoresistores Pt100 en todos los sectores industriales. Su tama\u00f1o compacto permite instalarlo en cabezales de conexi\u00f3n de tipo B o superiores.<br \/>\nLa se\u00f1al de salida es una corriente continua independiente de la carga de 4 a 20 mA proporcional a la temperatura. La parametrizaci\u00f3n se realiza a trav\u00e9s del PC mediante el software de parametrizaci\u00f3n SIPROM T descargable de manera gratuita.<\/p>\n<p><strong>Caracteristicas tecnicas:<\/strong><\/p>\n<ul>\n<li>Rango de medicion: +25\u00b0C a 1050\u00b0C<\/li>\n<li>Uso para PT100<\/li>\n<li>Voltaje de alimetaci\u00f3n: Entre 8,5VDC a 36VDC<\/li>\n<\/ul>\n<p>&nbsp;<\/p>\n","protected":false},"excerpt":{"rendered":"<p>Convertidor de temperatura SITRANS TH100 para Pt100 para montaje en cabeza tipo B (DIN 43729) Conexi\u00f3n bifilar 4 a 20mA, programable, sin aislamiento galv\u00e1nico<\/p>\n","protected":false},"featured_media":4627,"comment_status":"open","ping_status":"closed","template":"","meta":[],"pwb-brand":[694],"etheme_brands":[{"term_id":695,"name":"SIEMENS","slug":"siemens","term_group":0,"term_taxonomy_id":695,"taxonomy":"brand","description":"","parent":0,"count":1,"filter":"raw"}],"product_brand":[],"product_cat":[150,212,155],"product_tag":[539,255,231,127,696,510],"class_list":{"0":"post-4626","1":"product","2":"type-product","3":"status-publish","4":"has-post-thumbnail","6":"pwb-brand-siemenas","7":"brand-siemens","8":"product_cat-acondicionadores-de-senal","9":"product_cat-acondicionadores-de-senal-2","10":"product_cat-instrumentacion-industrial","11":"product_tag-acondicionador","12":"product_tag-corriente","13":"product_tag-pt100","14":"product_tag-seic","15":"product_tag-siemens","16":"product_tag-temperatura","18":"first","19":"instock","20":"taxable","21":"shipping-taxable","22":"purchasable","23":"product-type-simple"},"brands":[{"id":694,"name":"SIEMENS","slug":"siemenas"}],"_links":{"self":[{"href":"https:\/\/seic.com.co\/index.php\/wp-json\/wp\/v2\/product\/4626","targetHints":{"allow":["GET"]}}],"collection":[{"href":"https:\/\/seic.com.co\/index.php\/wp-json\/wp\/v2\/product"}],"about":[{"href":"https:\/\/seic.com.co\/index.php\/wp-json\/wp\/v2\/types\/product"}],"replies":[{"embeddable":true,"href":"https:\/\/seic.com.co\/index.php\/wp-json\/wp\/v2\/comments?post=4626"}],"version-history":[{"count":2,"href":"https:\/\/seic.com.co\/index.php\/wp-json\/wp\/v2\/product\/4626\/revisions"}],"predecessor-version":[{"id":4631,"href":"https:\/\/seic.com.co\/index.php\/wp-json\/wp\/v2\/product\/4626\/revisions\/4631"}],"wp:featuredmedia":[{"embeddable":true,"href":"https:\/\/seic.com.co\/index.php\/wp-json\/wp\/v2\/media\/4627"}],"wp:attachment":[{"href":"https:\/\/seic.com.co\/index.php\/wp-json\/wp\/v2\/media?parent=4626"}],"wp:term":[{"taxonomy":"pwb-brand","embeddable":true,"href":"https:\/\/seic.com.co\/index.php\/wp-json\/wp\/v2\/pwb-brand?post=4626"},{"taxonomy":"brand","embeddable":true,"href":"https:\/\/seic.com.co\/index.php\/wp-json\/wp\/v2\/etheme_brands?post=4626"},{"taxonomy":"product_brand","embeddable":true,"href":"https:\/\/seic.com.co\/index.php\/wp-json\/wp\/v2\/product_brand?post=4626"},{"taxonomy":"product_cat","embeddable":true,"href":"https:\/\/seic.com.co\/index.php\/wp-json\/wp\/v2\/product_cat?post=4626"},{"taxonomy":"product_tag","embeddable":true,"href":"https:\/\/seic.com.co\/index.php\/wp-json\/wp\/v2\/product_tag?post=4626"}],"curies":[{"name":"wp","href":"https:\/\/api.w.org\/{rel}","templated":true}]}}