{"id":4664,"date":"2023-09-01T14:46:53","date_gmt":"2023-09-01T14:46:53","guid":{"rendered":"https:\/\/seic.com.co\/index.php\/product\/interruptor-de-caudal-npt-3-4-bajo-caudal-nema-4\/"},"modified":"2025-06-02T03:10:02","modified_gmt":"2025-06-02T03:10:02","slug":"interruptor-de-caudal-npt-3-4-bajo-caudal-nema-4","status":"publish","type":"product","link":"https:\/\/seic.com.co\/index.php\/product\/interruptor-de-caudal-npt-3-4-bajo-caudal-nema-4\/","title":{"rendered":"Interruptor de caudal NPT 3\/4&#8243; (bajo caudal, NEMA 4)"},"content":{"rendered":"<p>Los Interruptores de Flujo Est\u00e1ndar Serie F261 usan una variedad de tama\u00f1os de paletas para responder a las velocidades de flujo de fluidos en aplicaciones con tama\u00f1os de tuber\u00eda mayores a 1 pulgada de tama\u00f1o comercial.<\/p>\n<p>Caracter\u00edsticas y ventajas<br \/>\nLa caja Tipo 4 (NEMA) permite su uso en aplicaciones interiores o exteriores.<br \/>\nLos diafragmas de Viton\u00ae permiten su uso en l\u00edneas de fluidos que transportan agua clorada, agua tratada u otros fluidos no peligrosos<br \/>\nEl funcionamiento de bajo caudal en los modelos de bajo caudal acciona el interruptor con un caudal inferior a 3,8 l\/min (1,0 GPM) para aplicaciones de agua o 34,1 l\/min (9,0 GPM) para aplicaciones de vapor.<br \/>\nLa presi\u00f3n m\u00e1xima del fluido de 20 bar (290 psig) permite su uso en una amplia gama de condiciones de flujo de presi\u00f3n.<br \/>\nInterruptor de caudal modelo de bajo caudal con caja Tipo 4 (NEMA); 3\/4 pulg. x 3\/4 pulg. Entrada y salida externas NPTF<\/p>\n<p>Traducci\u00f3n realizada con la versi\u00f3n gratuita del traductor www.DeepL.com\/Translator<\/p>\n","protected":false},"excerpt":{"rendered":"<p>Los interruptores de caudal de la serie F261 responden al flujo de fluidos en l\u00edneas que transportan agua, etilenglicol u otros fluidos no peligrosos. Estos modelos tambi\u00e9n funcionan en aplicaciones con agua de piscinas y aceites lubricantes.<\/p>\n","protected":false},"featured_media":4650,"comment_status":"open","ping_status":"closed","template":"","meta":[],"pwb-brand":[698],"etheme_brands":[{"term_id":697,"name":"Johnson Controls","slug":"johnson_controls","term_group":0,"term_taxonomy_id":697,"taxonomy":"brand","description":"","parent":0,"count":11,"filter":"raw"}],"product_brand":[],"product_cat":[159],"product_tag":[],"class_list":{"0":"post-4664","1":"product","2":"type-product","3":"status-publish","4":"has-post-thumbnail","6":"pwb-brand-johnson_controls","7":"brand-johnson_controls","8":"product_cat-caudal","10":"first","11":"instock","12":"taxable","13":"shipping-taxable","14":"purchasable","15":"product-type-simple"},"brands":[{"id":698,"name":"Johnson Controls","slug":"johnson_controls"}],"_links":{"self":[{"href":"https:\/\/seic.com.co\/index.php\/wp-json\/wp\/v2\/product\/4664","targetHints":{"allow":["GET"]}}],"collection":[{"href":"https:\/\/seic.com.co\/index.php\/wp-json\/wp\/v2\/product"}],"about":[{"href":"https:\/\/seic.com.co\/index.php\/wp-json\/wp\/v2\/types\/product"}],"replies":[{"embeddable":true,"href":"https:\/\/seic.com.co\/index.php\/wp-json\/wp\/v2\/comments?post=4664"}],"version-history":[{"count":1,"href":"https:\/\/seic.com.co\/index.php\/wp-json\/wp\/v2\/product\/4664\/revisions"}],"predecessor-version":[{"id":4680,"href":"https:\/\/seic.com.co\/index.php\/wp-json\/wp\/v2\/product\/4664\/revisions\/4680"}],"wp:featuredmedia":[{"embeddable":true,"href":"https:\/\/seic.com.co\/index.php\/wp-json\/wp\/v2\/media\/4650"}],"wp:attachment":[{"href":"https:\/\/seic.com.co\/index.php\/wp-json\/wp\/v2\/media?parent=4664"}],"wp:term":[{"taxonomy":"pwb-brand","embeddable":true,"href":"https:\/\/seic.com.co\/index.php\/wp-json\/wp\/v2\/pwb-brand?post=4664"},{"taxonomy":"brand","embeddable":true,"href":"https:\/\/seic.com.co\/index.php\/wp-json\/wp\/v2\/etheme_brands?post=4664"},{"taxonomy":"product_brand","embeddable":true,"href":"https:\/\/seic.com.co\/index.php\/wp-json\/wp\/v2\/product_brand?post=4664"},{"taxonomy":"product_cat","embeddable":true,"href":"https:\/\/seic.com.co\/index.php\/wp-json\/wp\/v2\/product_cat?post=4664"},{"taxonomy":"product_tag","embeddable":true,"href":"https:\/\/seic.com.co\/index.php\/wp-json\/wp\/v2\/product_tag?post=4664"}],"curies":[{"name":"wp","href":"https:\/\/api.w.org\/{rel}","templated":true}]}}