{"id":4667,"date":"2023-09-01T14:46:54","date_gmt":"2023-09-01T14:46:54","guid":{"rendered":"https:\/\/seic.com.co\/index.php\/product\/interruptor-de-flotador-spdt-con-flotador-de-cobre-para-temperaturas-de-liquido-de-32-a-250f\/"},"modified":"2023-09-01T15:23:11","modified_gmt":"2023-09-01T15:23:11","slug":"interruptor-de-flotador-spdt-con-flotador-de-cobre-para-temperaturas-de-liquido-de-32-a-250f","status":"publish","type":"product","link":"https:\/\/seic.com.co\/index.php\/product\/interruptor-de-flotador-spdt-con-flotador-de-cobre-para-temperaturas-de-liquido-de-32-a-250f\/","title":{"rendered":"Interruptor de flotador SPDT con flotador de cobre para temperaturas de l\u00edquido de 32 a 250F"},"content":{"rendered":"<p>Interruptor de flotador SPDT con flotador de cobre para temperaturas de l\u00edquido de 0 a 121C (32 a 250F);<br \/>\nConector del cuerpo de 1 a 11-1\/2&#8243; NPT,<br \/>\nPresi\u00f3n m\u00e1xima del l\u00edquido 100 psig (690 kPA),<br \/>\nTipo 3R (NEMA)\/IP 43<\/p>\n","protected":false},"excerpt":{"rendered":"<p>Interruptor de flotador SPDT con flotador de cobre para temperaturas de l\u00edquido de 0 a 121C (32 a 250F); Conector del cuerpo de 1 a&#8230;<\/p>\n","protected":false},"featured_media":4656,"comment_status":"open","ping_status":"closed","template":"","meta":[],"pwb-brand":[698],"etheme_brands":[{"term_id":697,"name":"Johnson Controls","slug":"johnson_controls","term_group":0,"term_taxonomy_id":697,"taxonomy":"brand","description":"","parent":0,"count":11,"filter":"raw"}],"product_brand":[],"product_cat":[159],"product_tag":[],"class_list":{"0":"post-4667","1":"product","2":"type-product","3":"status-publish","4":"has-post-thumbnail","6":"pwb-brand-johnson_controls","7":"brand-johnson_controls","8":"product_cat-caudal","10":"first","11":"instock","12":"taxable","13":"shipping-taxable","14":"purchasable","15":"product-type-simple"},"brands":[{"id":698,"name":"Johnson Controls","slug":"johnson_controls"}],"_links":{"self":[{"href":"https:\/\/seic.com.co\/index.php\/wp-json\/wp\/v2\/product\/4667","targetHints":{"allow":["GET"]}}],"collection":[{"href":"https:\/\/seic.com.co\/index.php\/wp-json\/wp\/v2\/product"}],"about":[{"href":"https:\/\/seic.com.co\/index.php\/wp-json\/wp\/v2\/types\/product"}],"replies":[{"embeddable":true,"href":"https:\/\/seic.com.co\/index.php\/wp-json\/wp\/v2\/comments?post=4667"}],"version-history":[{"count":1,"href":"https:\/\/seic.com.co\/index.php\/wp-json\/wp\/v2\/product\/4667\/revisions"}],"predecessor-version":[{"id":4674,"href":"https:\/\/seic.com.co\/index.php\/wp-json\/wp\/v2\/product\/4667\/revisions\/4674"}],"wp:featuredmedia":[{"embeddable":true,"href":"https:\/\/seic.com.co\/index.php\/wp-json\/wp\/v2\/media\/4656"}],"wp:attachment":[{"href":"https:\/\/seic.com.co\/index.php\/wp-json\/wp\/v2\/media?parent=4667"}],"wp:term":[{"taxonomy":"pwb-brand","embeddable":true,"href":"https:\/\/seic.com.co\/index.php\/wp-json\/wp\/v2\/pwb-brand?post=4667"},{"taxonomy":"brand","embeddable":true,"href":"https:\/\/seic.com.co\/index.php\/wp-json\/wp\/v2\/etheme_brands?post=4667"},{"taxonomy":"product_brand","embeddable":true,"href":"https:\/\/seic.com.co\/index.php\/wp-json\/wp\/v2\/product_brand?post=4667"},{"taxonomy":"product_cat","embeddable":true,"href":"https:\/\/seic.com.co\/index.php\/wp-json\/wp\/v2\/product_cat?post=4667"},{"taxonomy":"product_tag","embeddable":true,"href":"https:\/\/seic.com.co\/index.php\/wp-json\/wp\/v2\/product_tag?post=4667"}],"curies":[{"name":"wp","href":"https:\/\/api.w.org\/{rel}","templated":true}]}}