{"id":4668,"date":"2023-09-01T14:46:54","date_gmt":"2023-09-01T14:46:54","guid":{"rendered":"https:\/\/seic.com.co\/index.php\/product\/interruptor-de-caudal-de-nivel-de-liquido-de-1-roscado-con-caja-nema-3r\/"},"modified":"2023-09-01T15:24:01","modified_gmt":"2023-09-01T15:24:01","slug":"interruptor-de-caudal-de-nivel-de-liquido-de-1-roscado-con-caja-nema-3r","status":"publish","type":"product","link":"https:\/\/seic.com.co\/index.php\/product\/interruptor-de-caudal-de-nivel-de-liquido-de-1-roscado-con-caja-nema-3r\/","title":{"rendered":"Interruptor de caudal de nivel de l\u00edquido de 1&#8243; roscado con caja Nema 3R"},"content":{"rendered":"<p>Interruptor de flotador SPDT con flotador de policarbonato para temperaturas de l\u00edquido de 0 a 79C (32 a 175F);<br \/>\nConector del cuerpo 1 a 11-1\/2&#8243; NPT, presi\u00f3n m\u00e1xima del l\u00edquido 150 psig (1.035 kPa),<br \/>\nTipo 3R (NEMA)\/IP43<\/p>\n","protected":false},"excerpt":{"rendered":"<p>Interruptor de flotador SPDT con flotador de policarbonato para temperaturas de l\u00edquido de 0 a 79C (32 a 175F); Conector del cuerpo 1 a 11-1\/2&#8243;&#8230;<\/p>\n","protected":false},"featured_media":4644,"comment_status":"open","ping_status":"closed","template":"","meta":[],"pwb-brand":[698],"etheme_brands":[{"term_id":697,"name":"Johnson Controls","slug":"johnson_controls","term_group":0,"term_taxonomy_id":697,"taxonomy":"brand","description":"","parent":0,"count":11,"filter":"raw"}],"product_brand":[],"product_cat":[159],"product_tag":[],"class_list":{"0":"post-4668","1":"product","2":"type-product","3":"status-publish","4":"has-post-thumbnail","6":"pwb-brand-johnson_controls","7":"brand-johnson_controls","8":"product_cat-caudal","10":"first","11":"instock","12":"taxable","13":"shipping-taxable","14":"purchasable","15":"product-type-simple"},"brands":[{"id":698,"name":"Johnson Controls","slug":"johnson_controls"}],"_links":{"self":[{"href":"https:\/\/seic.com.co\/index.php\/wp-json\/wp\/v2\/product\/4668","targetHints":{"allow":["GET"]}}],"collection":[{"href":"https:\/\/seic.com.co\/index.php\/wp-json\/wp\/v2\/product"}],"about":[{"href":"https:\/\/seic.com.co\/index.php\/wp-json\/wp\/v2\/types\/product"}],"replies":[{"embeddable":true,"href":"https:\/\/seic.com.co\/index.php\/wp-json\/wp\/v2\/comments?post=4668"}],"version-history":[{"count":1,"href":"https:\/\/seic.com.co\/index.php\/wp-json\/wp\/v2\/product\/4668\/revisions"}],"predecessor-version":[{"id":4676,"href":"https:\/\/seic.com.co\/index.php\/wp-json\/wp\/v2\/product\/4668\/revisions\/4676"}],"wp:featuredmedia":[{"embeddable":true,"href":"https:\/\/seic.com.co\/index.php\/wp-json\/wp\/v2\/media\/4644"}],"wp:attachment":[{"href":"https:\/\/seic.com.co\/index.php\/wp-json\/wp\/v2\/media?parent=4668"}],"wp:term":[{"taxonomy":"pwb-brand","embeddable":true,"href":"https:\/\/seic.com.co\/index.php\/wp-json\/wp\/v2\/pwb-brand?post=4668"},{"taxonomy":"brand","embeddable":true,"href":"https:\/\/seic.com.co\/index.php\/wp-json\/wp\/v2\/etheme_brands?post=4668"},{"taxonomy":"product_brand","embeddable":true,"href":"https:\/\/seic.com.co\/index.php\/wp-json\/wp\/v2\/product_brand?post=4668"},{"taxonomy":"product_cat","embeddable":true,"href":"https:\/\/seic.com.co\/index.php\/wp-json\/wp\/v2\/product_cat?post=4668"},{"taxonomy":"product_tag","embeddable":true,"href":"https:\/\/seic.com.co\/index.php\/wp-json\/wp\/v2\/product_tag?post=4668"}],"curies":[{"name":"wp","href":"https:\/\/api.w.org\/{rel}","templated":true}]}}