{"id":4670,"date":"2023-09-01T14:46:54","date_gmt":"2023-09-01T14:46:54","guid":{"rendered":"https:\/\/seic.com.co\/index.php\/product\/interruptor-de-caudal-qve1900u-para-sistemas-hidraulicos\/"},"modified":"2024-07-08T09:43:34","modified_gmt":"2024-07-08T09:43:34","slug":"interruptor-de-caudal-qve1900u-para-sistemas-hidraulicos","status":"publish","type":"product","link":"https:\/\/seic.com.co\/index.php\/product\/interruptor-de-caudal-qve1900u-para-sistemas-hidraulicos\/","title":{"rendered":"Interruptor de caudal QVE1900U para sistemas hidr\u00e1ulicos"},"content":{"rendered":"","protected":false},"excerpt":{"rendered":"<p>El interruptor de caudal QVE1900U se utiliza en instalaciones de calefacci\u00f3n, ventilaci\u00f3n y aire acondicionado para controlar el caudal de fluidos en sistemas hidr\u00f3nicos de calefacci\u00f3n y refrigeraci\u00f3n.<\/p>\n","protected":false},"featured_media":4653,"comment_status":"open","ping_status":"closed","template":"","meta":[],"pwb-brand":[694],"etheme_brands":[],"product_brand":[],"product_cat":[159],"product_tag":[],"class_list":{"0":"post-4670","1":"product","2":"type-product","3":"status-publish","4":"has-post-thumbnail","6":"pwb-brand-siemenas","7":"product_cat-caudal","9":"first","10":"instock","11":"taxable","12":"shipping-taxable","13":"purchasable","14":"product-type-simple"},"brands":[{"id":694,"name":"SIEMENS","slug":"siemenas"}],"_links":{"self":[{"href":"https:\/\/seic.com.co\/index.php\/wp-json\/wp\/v2\/product\/4670","targetHints":{"allow":["GET"]}}],"collection":[{"href":"https:\/\/seic.com.co\/index.php\/wp-json\/wp\/v2\/product"}],"about":[{"href":"https:\/\/seic.com.co\/index.php\/wp-json\/wp\/v2\/types\/product"}],"replies":[{"embeddable":true,"href":"https:\/\/seic.com.co\/index.php\/wp-json\/wp\/v2\/comments?post=4670"}],"version-history":[{"count":0,"href":"https:\/\/seic.com.co\/index.php\/wp-json\/wp\/v2\/product\/4670\/revisions"}],"wp:featuredmedia":[{"embeddable":true,"href":"https:\/\/seic.com.co\/index.php\/wp-json\/wp\/v2\/media\/4653"}],"wp:attachment":[{"href":"https:\/\/seic.com.co\/index.php\/wp-json\/wp\/v2\/media?parent=4670"}],"wp:term":[{"taxonomy":"pwb-brand","embeddable":true,"href":"https:\/\/seic.com.co\/index.php\/wp-json\/wp\/v2\/pwb-brand?post=4670"},{"taxonomy":"brand","embeddable":true,"href":"https:\/\/seic.com.co\/index.php\/wp-json\/wp\/v2\/etheme_brands?post=4670"},{"taxonomy":"product_brand","embeddable":true,"href":"https:\/\/seic.com.co\/index.php\/wp-json\/wp\/v2\/product_brand?post=4670"},{"taxonomy":"product_cat","embeddable":true,"href":"https:\/\/seic.com.co\/index.php\/wp-json\/wp\/v2\/product_cat?post=4670"},{"taxonomy":"product_tag","embeddable":true,"href":"https:\/\/seic.com.co\/index.php\/wp-json\/wp\/v2\/product_tag?post=4670"}],"curies":[{"name":"wp","href":"https:\/\/api.w.org\/{rel}","templated":true}]}}