{"id":4692,"date":"2023-09-22T17:19:49","date_gmt":"2023-09-22T17:19:49","guid":{"rendered":"https:\/\/seic.com.co\/index.php\/product\/interruptor-de-nivel-serie-lx\/"},"modified":"2024-03-20T05:06:38","modified_gmt":"2024-03-20T05:06:38","slug":"interruptor-de-nivel-serie-lx","status":"publish","type":"product","link":"https:\/\/seic.com.co\/index.php\/product\/interruptor-de-nivel-serie-lx\/","title":{"rendered":"Interruptor de nivel Serie LX"},"content":{"rendered":"<p>El interruptor de nivel m\u00e1s vers\u00e1til del mercado.<br \/>\nA prueba de explosiones y carcasas NEMA 4X.<br \/>\nPrincipio sin piezas m\u00f3viles.<br \/>\nSensor de acero inoxidable 316L con aleaciones especiales disponibles.<br \/>\nTemperaturas hasta 900F.<br \/>\nNivel de l\u00edquido alto o bajo seleccionable en campo.<br \/>\nPresiones de hasta 10.000 PSIG.<br \/>\nSondas roscadas, bridadas y retr\u00e1ctiles.<br \/>\nAleaciones ex\u00f3ticas resistentes a la corrosi\u00f3n.<br \/>\nF\u00e1cil calibraci\u00f3n en campo.<br \/>\nLa electr\u00f3nica est\u00e1 disponible con uno o dos puntos de conmutaci\u00f3n.<br \/>\nDetecci\u00f3n de aire\/espuma, espuma\/l\u00edquido, aceite\/emulsi\u00f3n, emulsi\u00f3n\/agua, aceite\/agua y un s\u00f3lido en un l\u00edquido.<br \/>\nInstrumento extremadamente fiable y repetible incluso en aplicaciones extremadamente viscosas o corrosivas.<br \/>\nLa monitorizaci\u00f3n de la temperatura tambi\u00e9n est\u00e1 disponible con una salida de conmutaci\u00f3n o una salida lineal de 4-20 mA.<\/p>\n","protected":false},"excerpt":{"rendered":"<p>LX-1000-FQS<br \/>\nConexi\u00f3n: 1in MNPT<br \/>\nLongitud de inserci\u00f3n: 1,8in.<br \/>\nAlimentaci\u00f3n: 104 &#8211; 132 VAC.<br \/>\nTemperatura del proceso: -320\u00b0F a 500\u00b0F.<br \/>\nSalida de Rele: SPDT 3A<br \/>\nMaterial de cabezal: SS-316L.<br \/>\nAlto Flujo.<br \/>\nLA MAYORIA DE ESTAS CARACTERISTICAS SON MODIFICABLES, PONTE EN CONTACTO CON NOSOTROS.<\/p>\n","protected":false},"featured_media":4687,"comment_status":"open","ping_status":"closed","template":"","meta":[],"pwb-brand":[699],"etheme_brands":[{"term_id":700,"name":"AMERITROL","slug":"ameritrol","term_group":0,"term_taxonomy_id":700,"taxonomy":"brand","description":"","parent":0,"count":7,"filter":"raw"}],"product_brand":[],"product_cat":[158],"product_tag":[],"class_list":{"0":"post-4692","1":"product","2":"type-product","3":"status-publish","4":"has-post-thumbnail","6":"pwb-brand-ameritrol","7":"brand-ameritrol","8":"product_cat-nivel","10":"first","11":"instock","12":"taxable","13":"shipping-taxable","14":"purchasable","15":"product-type-simple"},"brands":[{"id":699,"name":"AMERITROL","slug":"ameritrol"}],"_links":{"self":[{"href":"https:\/\/seic.com.co\/index.php\/wp-json\/wp\/v2\/product\/4692","targetHints":{"allow":["GET"]}}],"collection":[{"href":"https:\/\/seic.com.co\/index.php\/wp-json\/wp\/v2\/product"}],"about":[{"href":"https:\/\/seic.com.co\/index.php\/wp-json\/wp\/v2\/types\/product"}],"replies":[{"embeddable":true,"href":"https:\/\/seic.com.co\/index.php\/wp-json\/wp\/v2\/comments?post=4692"}],"version-history":[{"count":1,"href":"https:\/\/seic.com.co\/index.php\/wp-json\/wp\/v2\/product\/4692\/revisions"}],"predecessor-version":[{"id":4697,"href":"https:\/\/seic.com.co\/index.php\/wp-json\/wp\/v2\/product\/4692\/revisions\/4697"}],"wp:featuredmedia":[{"embeddable":true,"href":"https:\/\/seic.com.co\/index.php\/wp-json\/wp\/v2\/media\/4687"}],"wp:attachment":[{"href":"https:\/\/seic.com.co\/index.php\/wp-json\/wp\/v2\/media?parent=4692"}],"wp:term":[{"taxonomy":"pwb-brand","embeddable":true,"href":"https:\/\/seic.com.co\/index.php\/wp-json\/wp\/v2\/pwb-brand?post=4692"},{"taxonomy":"brand","embeddable":true,"href":"https:\/\/seic.com.co\/index.php\/wp-json\/wp\/v2\/etheme_brands?post=4692"},{"taxonomy":"product_brand","embeddable":true,"href":"https:\/\/seic.com.co\/index.php\/wp-json\/wp\/v2\/product_brand?post=4692"},{"taxonomy":"product_cat","embeddable":true,"href":"https:\/\/seic.com.co\/index.php\/wp-json\/wp\/v2\/product_cat?post=4692"},{"taxonomy":"product_tag","embeddable":true,"href":"https:\/\/seic.com.co\/index.php\/wp-json\/wp\/v2\/product_tag?post=4692"}],"curies":[{"name":"wp","href":"https:\/\/api.w.org\/{rel}","templated":true}]}}